{"id":10002,"date":"2025-07-26T14:24:02","date_gmt":"2025-07-26T12:24:02","guid":{"rendered":"https:\/\/lumierediamonds.eu\/?page_id=10002"},"modified":"2025-12-09T12:53:23","modified_gmt":"2025-12-09T11:53:23","slug":"blogg","status":"publish","type":"page","link":"https:\/\/lumierediamonds.eu\/sv\/blogg\/","title":{"rendered":"Blogg"},"content":{"rendered":"<div data-elementor-type=\"wp-page\" data-elementor-id=\"10002\" class=\"elementor elementor-10002\" data-elementor-post-type=\"page\">\n\t\t\t\t<div class=\"elementor-element elementor-element-66a89ab e-flex e-con-boxed e-con e-parent\" data-id=\"66a89ab\" data-element_type=\"container\" data-settings=\"{&quot;background_background&quot;:&quot;classic&quot;}\">\n\t\t\t\t\t<div class=\"e-con-inner\">\n\t\t\t\t<div class=\"elementor-element elementor-element-0db6a45 elementor-widget elementor-widget-heading\" data-id=\"0db6a45\" data-element_type=\"widget\" data-widget_type=\"heading.default\">\n\t\t\t\t<div class=\"elementor-widget-container\">\n\t\t\t<h1 class=\"elementor-heading-title elementor-size-default\">Tidskrift<\/h1>\t\t<\/div>\n\t\t\t\t<\/div>\n\t\t\t\t<div class=\"elementor-element elementor-element-c6b1879 elementor-widget__width-initial elementor-widget elementor-widget-text-editor\" data-id=\"c6b1879\" data-element_type=\"widget\" data-widget_type=\"text-editor.default\">\n\t\t\t\t<div class=\"elementor-widget-container\">\n\t\t\t\t\t\t\t<blockquote><p>Utforska v\u00e5r samlade tidskrift med inspiration, insikter och innovationer<b>.<\/b><\/p><\/blockquote><blockquote><p>Fr\u00e5n expertr\u00e5d om diamanter till tidl\u00f6sa frieriid\u00e9er \u2013 uppt\u00e4ck hur Lumi\u00e8re hyllar briljansen i varje fasett.<\/p><\/blockquote>\t\t\t\t\t\t<\/div>\n\t\t\t\t<\/div>\n\t\t\t\t\t<\/div>\n\t\t\t\t<\/div>\n\t\t<div class=\"elementor-element elementor-element-2427bb2 e-flex e-con-boxed e-con e-parent\" data-id=\"2427bb2\" data-element_type=\"container\">\n\t\t\t\t\t<div class=\"e-con-inner\">\n\t\t\t\t<div class=\"elementor-element elementor-element-8976f60 elementor-grid-3 elementor-grid-tablet-2 elementor-grid-mobile-1 elementor-posts--thumbnail-top elementor-widget elementor-widget-posts\" data-id=\"8976f60\" data-element_type=\"widget\" data-settings=\"{&quot;classic_columns&quot;:&quot;3&quot;,&quot;classic_columns_tablet&quot;:&quot;2&quot;,&quot;classic_columns_mobile&quot;:&quot;1&quot;,&quot;classic_row_gap&quot;:{&quot;unit&quot;:&quot;px&quot;,&quot;size&quot;:35,&quot;sizes&quot;:[]},&quot;classic_row_gap_tablet&quot;:{&quot;unit&quot;:&quot;px&quot;,&quot;size&quot;:&quot;&quot;,&quot;sizes&quot;:[]},&quot;classic_row_gap_mobile&quot;:{&quot;unit&quot;:&quot;px&quot;,&quot;size&quot;:&quot;&quot;,&quot;sizes&quot;:[]}}\" data-widget_type=\"posts.classic\">\n\t\t\t\t<div class=\"elementor-widget-container\">\n\t\t\t\t\t<div class=\"elementor-posts-container elementor-posts elementor-posts--skin-classic elementor-grid\">\n\t\t\t\t<article class=\"elementor-post elementor-grid-item post-10069 post type-post status-publish format-standard has-post-thumbnail hentry category-innovation-sustainability tag-conscious-consumerism tag-eco-friendly-engagement-rings tag-ethical-diamond-alternatives tag-ethical-fine-jewelry tag-lab-diamond-innovation tag-lab-grown-diamonds tag-lumiere-diamonds tag-modern-luxury-jewelry tag-sustainable-jewelry-brands tag-sustainable-luxury-jewelry\">\n\t\t\t\t<a class=\"elementor-post__thumbnail__link\" href=\"https:\/\/lumierediamonds.eu\/sv\/blogg\/hallbar-lyx-hur-laboratorieframstallda-diamanter-forandrar-smyckesbranschen\/\" tabindex=\"-1\" >\n\t\t\t<div class=\"elementor-post__thumbnail\"><img fetchpriority=\"high\" decoding=\"async\" width=\"800\" height=\"800\" src=\"https:\/\/lumierediamonds.eu\/wp-content\/uploads\/2025\/07\/Lumiere-Daisy-Eternity-Hoop-Earrings_0300CT_Y_1_1600X1600-1024x1024.jpg\" class=\"attachment-large size-large wp-image-9590\" alt=\"\" srcset=\"https:\/\/lumierediamonds.eu\/wp-content\/uploads\/2025\/07\/Lumiere-Daisy-Eternity-Hoop-Earrings_0300CT_Y_1_1600X1600-1024x1024.jpg 1024w, https:\/\/lumierediamonds.eu\/wp-content\/uploads\/2025\/07\/Lumiere-Daisy-Eternity-Hoop-Earrings_0300CT_Y_1_1600X1600-300x300.jpg 300w, https:\/\/lumierediamonds.eu\/wp-content\/uploads\/2025\/07\/Lumiere-Daisy-Eternity-Hoop-Earrings_0300CT_Y_1_1600X1600-150x150.jpg 150w, https:\/\/lumierediamonds.eu\/wp-content\/uploads\/2025\/07\/Lumiere-Daisy-Eternity-Hoop-Earrings_0300CT_Y_1_1600X1600-768x768.jpg 768w, https:\/\/lumierediamonds.eu\/wp-content\/uploads\/2025\/07\/Lumiere-Daisy-Eternity-Hoop-Earrings_0300CT_Y_1_1600X1600-1536x1536.jpg 1536w, https:\/\/lumierediamonds.eu\/wp-content\/uploads\/2025\/07\/Lumiere-Daisy-Eternity-Hoop-Earrings_0300CT_Y_1_1600X1600-600x600.jpg 600w, https:\/\/lumierediamonds.eu\/wp-content\/uploads\/2025\/07\/Lumiere-Daisy-Eternity-Hoop-Earrings_0300CT_Y_1_1600X1600-100x100.jpg 100w, https:\/\/lumierediamonds.eu\/wp-content\/uploads\/2025\/07\/Lumiere-Daisy-Eternity-Hoop-Earrings_0300CT_Y_1_1600X1600.jpg 1600w\" sizes=\"(max-width: 800px) 100vw, 800px\" \/><\/div>\n\t\t<\/a>\n\t\t\t\t<div class=\"elementor-post__text\">\n\t\t\t\t<h3 class=\"elementor-post__title\">\n\t\t\t<a href=\"https:\/\/lumierediamonds.eu\/sv\/blogg\/hallbar-lyx-hur-laboratorieframstallda-diamanter-forandrar-smyckesbranschen\/\" >\n\t\t\t\tH\u00e5llbar lyx: Hur laboratorieframst\u00e4llda diamanter f\u00f6r\u00e4ndrar smyckesbranschen\t\t\t<\/a>\n\t\t<\/h3>\n\t\t\t\t<div class=\"elementor-post__excerpt\">\n\t\t\t<p>Utforska hur laboratorieframst\u00e4llda diamanter omdefinierar lyx med etik, innovation och h\u00e5llbarhet. Uppt\u00e4ck varf\u00f6r modern fin smycken omfamnar en renare framtid.<\/p>\n\t\t<\/div>\n\t\t\t\t<\/div>\n\t\t\t\t<\/article>\n\t\t\t\t<article class=\"elementor-post elementor-grid-item post-10052 post type-post status-publish format-standard has-post-thumbnail hentry category-education-guides tag-certified-diamonds tag-diamond-certification-guide tag-diamond-grading tag-diamond-quality-assurance tag-ethical-jewelry tag-gia-lab-grown-diamonds tag-gia-vs-igi tag-lab-diamond-report tag-lab-grown-diamond-certificate tag-lumiere-diamonds\">\n\t\t\t\t<a class=\"elementor-post__thumbnail__link\" href=\"https:\/\/lumierediamonds.eu\/sv\/blogg\/varfor-gia-certifierade-laboratorieframstallda-diamanter-ar-viktiga\/\" tabindex=\"-1\" >\n\t\t\t<div class=\"elementor-post__thumbnail\"><img decoding=\"async\" width=\"800\" height=\"800\" src=\"https:\/\/lumierediamonds.eu\/wp-content\/uploads\/2025\/07\/Lumiere-Milan-Emerald-Bezel-Pendant_0050CT_Y_1_1600X1600-1024x1024.jpg\" class=\"attachment-large size-large wp-image-9470\" alt=\"\" srcset=\"https:\/\/lumierediamonds.eu\/wp-content\/uploads\/2025\/07\/Lumiere-Milan-Emerald-Bezel-Pendant_0050CT_Y_1_1600X1600-1024x1024.jpg 1024w, https:\/\/lumierediamonds.eu\/wp-content\/uploads\/2025\/07\/Lumiere-Milan-Emerald-Bezel-Pendant_0050CT_Y_1_1600X1600-300x300.jpg 300w, https:\/\/lumierediamonds.eu\/wp-content\/uploads\/2025\/07\/Lumiere-Milan-Emerald-Bezel-Pendant_0050CT_Y_1_1600X1600-150x150.jpg 150w, https:\/\/lumierediamonds.eu\/wp-content\/uploads\/2025\/07\/Lumiere-Milan-Emerald-Bezel-Pendant_0050CT_Y_1_1600X1600-768x768.jpg 768w, https:\/\/lumierediamonds.eu\/wp-content\/uploads\/2025\/07\/Lumiere-Milan-Emerald-Bezel-Pendant_0050CT_Y_1_1600X1600-1536x1536.jpg 1536w, https:\/\/lumierediamonds.eu\/wp-content\/uploads\/2025\/07\/Lumiere-Milan-Emerald-Bezel-Pendant_0050CT_Y_1_1600X1600-600x600.jpg 600w, https:\/\/lumierediamonds.eu\/wp-content\/uploads\/2025\/07\/Lumiere-Milan-Emerald-Bezel-Pendant_0050CT_Y_1_1600X1600-100x100.jpg 100w, https:\/\/lumierediamonds.eu\/wp-content\/uploads\/2025\/07\/Lumiere-Milan-Emerald-Bezel-Pendant_0050CT_Y_1_1600X1600.jpg 1600w\" sizes=\"(max-width: 800px) 100vw, 800px\" \/><\/div>\n\t\t<\/a>\n\t\t\t\t<div class=\"elementor-post__text\">\n\t\t\t\t<h3 class=\"elementor-post__title\">\n\t\t\t<a href=\"https:\/\/lumierediamonds.eu\/sv\/blogg\/varfor-gia-certifierade-laboratorieframstallda-diamanter-ar-viktiga\/\" >\n\t\t\t\tVarf\u00f6r GIA-certifierade laboratorieframst\u00e4llda diamanter \u00e4r viktiga\t\t\t<\/a>\n\t\t<\/h3>\n\t\t\t\t<div class=\"elementor-post__excerpt\">\n\t\t\t<p>L\u00e4r dig varf\u00f6r GIA-certifierade laboratorieframst\u00e4llda diamanter erbjuder o\u00f6vertr\u00e4ffad tillf\u00f6rlitlighet, kvalitet och transparens. Uppt\u00e4ck hur Lumi\u00e8re s\u00e4kerst\u00e4ller att varje diamant uppfyller de h\u00f6gsta globala standarderna.<\/p>\n\t\t<\/div>\n\t\t\t\t<\/div>\n\t\t\t\t<\/article>\n\t\t\t\t<article class=\"elementor-post elementor-grid-item post-10047 post type-post status-publish format-standard has-post-thumbnail hentry category-style-trends tag-east-west-settings tag-engagement-ring-trends-2025 tag-lumiere-diamonds tag-minimalist-engagement-rings tag-modern-ring-styles tag-oval-engagement-rings tag-popular-lab-grown-rings tag-sustainable-engagement-rings tag-toi-et-moi-rings tag-yellow-gold-rings\">\n\t\t\t\t<a class=\"elementor-post__thumbnail__link\" href=\"https:\/\/lumierediamonds.eu\/sv\/blogg\/de-popularaste-trenderna-for-forlovningsringar-2025\/\" tabindex=\"-1\" >\n\t\t\t<div class=\"elementor-post__thumbnail\"><img decoding=\"async\" width=\"800\" height=\"800\" src=\"https:\/\/lumierediamonds.eu\/wp-content\/uploads\/2024\/11\/Lumiere-The-Celeste-Emerald-Diamond-Engagement-Ring-in-18kt-White-Gold-1-1024x1024.jpg\" class=\"attachment-large size-large wp-image-5701\" alt=\"\" srcset=\"https:\/\/lumierediamonds.eu\/wp-content\/uploads\/2024\/11\/Lumiere-The-Celeste-Emerald-Diamond-Engagement-Ring-in-18kt-White-Gold-1-1024x1024.jpg 1024w, https:\/\/lumierediamonds.eu\/wp-content\/uploads\/2024\/11\/Lumiere-The-Celeste-Emerald-Diamond-Engagement-Ring-in-18kt-White-Gold-1-300x300.jpg 300w, https:\/\/lumierediamonds.eu\/wp-content\/uploads\/2024\/11\/Lumiere-The-Celeste-Emerald-Diamond-Engagement-Ring-in-18kt-White-Gold-1-150x150.jpg 150w, https:\/\/lumierediamonds.eu\/wp-content\/uploads\/2024\/11\/Lumiere-The-Celeste-Emerald-Diamond-Engagement-Ring-in-18kt-White-Gold-1-768x768.jpg 768w, https:\/\/lumierediamonds.eu\/wp-content\/uploads\/2024\/11\/Lumiere-The-Celeste-Emerald-Diamond-Engagement-Ring-in-18kt-White-Gold-1-1536x1536.jpg 1536w, https:\/\/lumierediamonds.eu\/wp-content\/uploads\/2024\/11\/Lumiere-The-Celeste-Emerald-Diamond-Engagement-Ring-in-18kt-White-Gold-1-600x600.jpg 600w, https:\/\/lumierediamonds.eu\/wp-content\/uploads\/2024\/11\/Lumiere-The-Celeste-Emerald-Diamond-Engagement-Ring-in-18kt-White-Gold-1-100x100.jpg 100w, https:\/\/lumierediamonds.eu\/wp-content\/uploads\/2024\/11\/Lumiere-The-Celeste-Emerald-Diamond-Engagement-Ring-in-18kt-White-Gold-1.jpg 1600w\" sizes=\"(max-width: 800px) 100vw, 800px\" \/><\/div>\n\t\t<\/a>\n\t\t\t\t<div class=\"elementor-post__text\">\n\t\t\t\t<h3 class=\"elementor-post__title\">\n\t\t\t<a href=\"https:\/\/lumierediamonds.eu\/sv\/blogg\/de-popularaste-trenderna-for-forlovningsringar-2025\/\" >\n\t\t\t\tDe popul\u00e4raste trenderna f\u00f6r f\u00f6rlovningsringar 2025\t\t\t<\/a>\n\t\t<\/h3>\n\t\t\t\t<div class=\"elementor-post__excerpt\">\n\t\t\t<p>Uppt\u00e4ck de mest f\u00e4ngslande trenderna f\u00f6r f\u00f6rlovningsringar 2025. Utforska moderna stilar, h\u00e5llbar glans och \u00e5rets mest eftertraktade design med laboratorieframst\u00e4llda diamanter.<\/p>\n\t\t<\/div>\n\t\t\t\t<\/div>\n\t\t\t\t<\/article>\n\t\t\t\t<article class=\"elementor-post elementor-grid-item post-10004 post type-post status-publish format-standard has-post-thumbnail hentry category-education-guides tag-conflict-free-diamonds tag-diamond-buying-guide tag-diamond-comparison tag-eco-friendly-jewelry tag-ethical-engagement-rings tag-gia-certified-diamonds tag-lab-grown-diamonds tag-lumiere-diamonds tag-natural-diamonds tag-sustainable-diamonds\">\n\t\t\t\t<a class=\"elementor-post__thumbnail__link\" href=\"https:\/\/lumierediamonds.eu\/sv\/blogg\/laboratorieframstallda-diamanter-kontra-naturliga-diamanter-vad-ar-den-verkliga-skillnaden\/\" tabindex=\"-1\" >\n\t\t\t<div class=\"elementor-post__thumbnail\"><img loading=\"lazy\" decoding=\"async\" width=\"800\" height=\"800\" src=\"https:\/\/lumierediamonds.eu\/wp-content\/uploads\/2025\/07\/Lumiere-Milan-Emerald-Diamond-Earrings_0200CT_W_1_1600X1600-1024x1024.jpg\" class=\"attachment-large size-large wp-image-9637\" alt=\"\" srcset=\"https:\/\/lumierediamonds.eu\/wp-content\/uploads\/2025\/07\/Lumiere-Milan-Emerald-Diamond-Earrings_0200CT_W_1_1600X1600-1024x1024.jpg 1024w, https:\/\/lumierediamonds.eu\/wp-content\/uploads\/2025\/07\/Lumiere-Milan-Emerald-Diamond-Earrings_0200CT_W_1_1600X1600-300x300.jpg 300w, https:\/\/lumierediamonds.eu\/wp-content\/uploads\/2025\/07\/Lumiere-Milan-Emerald-Diamond-Earrings_0200CT_W_1_1600X1600-150x150.jpg 150w, https:\/\/lumierediamonds.eu\/wp-content\/uploads\/2025\/07\/Lumiere-Milan-Emerald-Diamond-Earrings_0200CT_W_1_1600X1600-768x768.jpg 768w, https:\/\/lumierediamonds.eu\/wp-content\/uploads\/2025\/07\/Lumiere-Milan-Emerald-Diamond-Earrings_0200CT_W_1_1600X1600-1536x1536.jpg 1536w, https:\/\/lumierediamonds.eu\/wp-content\/uploads\/2025\/07\/Lumiere-Milan-Emerald-Diamond-Earrings_0200CT_W_1_1600X1600-600x600.jpg 600w, https:\/\/lumierediamonds.eu\/wp-content\/uploads\/2025\/07\/Lumiere-Milan-Emerald-Diamond-Earrings_0200CT_W_1_1600X1600-100x100.jpg 100w, https:\/\/lumierediamonds.eu\/wp-content\/uploads\/2025\/07\/Lumiere-Milan-Emerald-Diamond-Earrings_0200CT_W_1_1600X1600.jpg 1600w\" sizes=\"(max-width: 800px) 100vw, 800px\" \/><\/div>\n\t\t<\/a>\n\t\t\t\t<div class=\"elementor-post__text\">\n\t\t\t\t<h3 class=\"elementor-post__title\">\n\t\t\t<a href=\"https:\/\/lumierediamonds.eu\/sv\/blogg\/laboratorieframstallda-diamanter-kontra-naturliga-diamanter-vad-ar-den-verkliga-skillnaden\/\" >\n\t\t\t\tLaboratorieframst\u00e4llda diamanter kontra naturliga diamanter: Vad \u00e4r den verkliga skillnaden?\t\t\t<\/a>\n\t\t<\/h3>\n\t\t\t\t<div class=\"elementor-post__excerpt\">\n\t\t\t<p>Uppt\u00e4ck de viktigaste skillnaderna mellan laboratorieframst\u00e4llda och naturliga diamanter. Ta reda p\u00e5 vilket alternativ som \u00e4r b\u00e4st f\u00f6r dig \u2013 ur etisk, ekonomisk och vetenskaplig synvinkel. Din guide till h\u00e5llbara, lysande val.<\/p>\n\t\t<\/div>\n\t\t\t\t<\/div>\n\t\t\t\t<\/article>\n\t\t\t\t<\/div>\n\t\t\n\t\t\t\t<\/div>\n\t\t\t\t<\/div>\n\t\t\t\t\t<\/div>\n\t\t\t\t<\/div>\n\t\t\t\t<\/div>","protected":false},"excerpt":{"rendered":"<p>Utforska Lumi\u00e8re-bloggen \u2013 din p\u00e5litliga k\u00e4lla f\u00f6r inspiration om diamantsmycken, expertr\u00e5d och det senaste inom h\u00e5llbar lyx. Fr\u00e5n f\u00f6rslag p\u00e5 frierier till stiltips och hantverk bakom kulisserna \u2013 uppt\u00e4ck hur briljans alltid \u00e4r en del av designen.<\/p>","protected":false},"author":1,"featured_media":9883,"parent":0,"menu_order":0,"comment_status":"closed","ping_status":"closed","template":"","meta":{"_acf_changed":false,"footnotes":""},"class_list":["post-10002","page","type-page","status-publish","has-post-thumbnail","hentry"],"acf":[],"jetpack_sharing_enabled":true,"_links":{"self":[{"href":"https:\/\/lumierediamonds.eu\/sv\/wp-json\/wp\/v2\/pages\/10002","targetHints":{"allow":["GET"]}}],"collection":[{"href":"https:\/\/lumierediamonds.eu\/sv\/wp-json\/wp\/v2\/pages"}],"about":[{"href":"https:\/\/lumierediamonds.eu\/sv\/wp-json\/wp\/v2\/types\/page"}],"author":[{"embeddable":true,"href":"https:\/\/lumierediamonds.eu\/sv\/wp-json\/wp\/v2\/users\/1"}],"replies":[{"embeddable":true,"href":"https:\/\/lumierediamonds.eu\/sv\/wp-json\/wp\/v2\/comments?post=10002"}],"version-history":[{"count":16,"href":"https:\/\/lumierediamonds.eu\/sv\/wp-json\/wp\/v2\/pages\/10002\/revisions"}],"predecessor-version":[{"id":14293,"href":"https:\/\/lumierediamonds.eu\/sv\/wp-json\/wp\/v2\/pages\/10002\/revisions\/14293"}],"wp:featuredmedia":[{"embeddable":true,"href":"https:\/\/lumierediamonds.eu\/sv\/wp-json\/wp\/v2\/media\/9883"}],"wp:attachment":[{"href":"https:\/\/lumierediamonds.eu\/sv\/wp-json\/wp\/v2\/media?parent=10002"}],"curies":[{"name":"wp","href":"https:\/\/api.w.org\/{rel}","templated":true}]}}