{"id":2720,"date":"2024-08-06T16:43:42","date_gmt":"2024-08-06T14:43:42","guid":{"rendered":"https:\/\/lumierediamonds.eu\/?page_id=2720"},"modified":"2024-12-16T13:42:16","modified_gmt":"2024-12-16T12:42:16","slug":"cookiepolicy","status":"publish","type":"page","link":"https:\/\/lumierediamonds.eu\/sv\/cookiepolicy\/","title":{"rendered":"Policy f\u00f6r cookies"},"content":{"rendered":"<div data-elementor-type=\"wp-page\" data-elementor-id=\"2720\" class=\"elementor elementor-2720\" data-elementor-post-type=\"page\">\n\t\t\t\t<div class=\"elementor-element elementor-element-784c4ded e-flex e-con-boxed e-con e-parent\" data-id=\"784c4ded\" data-element_type=\"container\">\n\t\t\t\t\t<div class=\"e-con-inner\">\n\t\t\t\t<div class=\"elementor-element elementor-element-7d98f43 elementor-widget elementor-widget-text-editor\" data-id=\"7d98f43\" data-element_type=\"widget\" data-widget_type=\"text-editor.default\">\n\t\t\t\t<div class=\"elementor-widget-container\">\n\t\t\t\t\t\t\t<h1>Cookiepolicy<\/h1><p>\u00a0<\/p><p><strong>Inledning<\/strong><\/p><p class=\"p1\">P\u00e5 Lumi\u00e8re, som drivs av Nova Group Sp. z o.o., anv\u00e4nder vi cookies och liknande tekniker f\u00f6r att f\u00f6rb\u00e4ttra din upplevelse p\u00e5 v\u00e5r webbplats. Denna cookiepolicy f\u00f6rklarar vad cookies \u00e4r, hur vi anv\u00e4nder dem och dina r\u00e4ttigheter n\u00e4r det g\u00e4ller anv\u00e4ndningen av dem. Genom att forts\u00e4tta surfa p\u00e5 v\u00e5r webbplats samtycker du till anv\u00e4ndningen av cookies enligt beskrivningen i denna policy, s\u00e5vida du inte inaktiverar dem via dina webbl\u00e4sarinst\u00e4llningar eller v\u00e5rt cookiehanteringsverktyg.<\/p><p>\u00a0<\/p><p><strong>Vad \u00e4r cookies?<\/strong><\/p><p class=\"p1\">Cookies \u00e4r sm\u00e5 textfiler som lagras p\u00e5 din enhet (dator, surfplatta eller mobil) n\u00e4r du bes\u00f6ker en webbplats. De hj\u00e4lper webbplatserna att k\u00e4nna igen din enhet och komma ih\u00e5g viss information, t.ex. dina preferenser eller tidigare handlingar. Cookies kan klassificeras utifr\u00e5n deras ursprung, varaktighet och funktion:<\/p><p class=\"p2\">1. <b>Cookies fr\u00e5n f\u00f6rsta part<\/b>: St\u00e4lls in av den webbplats du bes\u00f6ker.<\/p><p class=\"p2\">2. <b>Cookies fr\u00e5n tredje part<\/b>: St\u00e4lls in av externa tj\u00e4nster eller webbplatser.<\/p><p class=\"p2\">3. <b>Cookies f\u00f6r session<\/b>: Tillf\u00e4lliga cookies som upph\u00f6r att g\u00e4lla n\u00e4r du st\u00e4nger din webbl\u00e4sare.<\/p><p class=\"p2\">4. <b>Permanenta cookies<\/b>: Ligger kvar p\u00e5 din enhet under en viss tid eller tills den raderas.<\/p><p class=\"p2\">5. <b>Viktiga kakor<\/b>: N\u00f6dv\u00e4ndigt f\u00f6r att webbplatsen ska fungera korrekt.<\/p><p class=\"p2\">6. <b>Icke-v\u00e4sentliga cookies<\/b>: Anv\u00e4nds f\u00f6r analys, reklam och personalisering.<\/p><p>\u00a0<\/p><p><strong>Typer av cookies som vi anv\u00e4nder<\/strong><\/p><p>Vi anv\u00e4nder f\u00f6ljande typer av cookies:<\/p><ul><li><p><strong>Viktiga kakor<\/strong>: Dessa cookies \u00e4r n\u00f6dv\u00e4ndiga f\u00f6r att webbplatsen ska fungera korrekt. De m\u00f6jligg\u00f6r grundl\u00e4ggande funktioner som sidnavigering och \u00e5tkomst till s\u00e4kra omr\u00e5den p\u00e5 webbplatsen. Utan dessa cookies kan webbplatsen inte fungera korrekt.<\/p><\/li><li><p><strong>Cookies f\u00f6r prestanda<\/strong>: Dessa cookies samlar in information om hur du anv\u00e4nder v\u00e5r webbplats, t.ex. vilka sidor du bes\u00f6ker oftast och om du f\u00e5r felmeddelanden fr\u00e5n webbsidor. Dessa cookies samlar inte in information som identifierar dig. All information som samlas in av dessa cookies \u00e4r aggregerad och d\u00e4rf\u00f6r anonym. Den anv\u00e4nds endast f\u00f6r att f\u00f6rb\u00e4ttra hur v\u00e5r webbplats fungerar.<\/p><\/li><li><p><strong>Funktionella cookies<\/strong>: Dessa cookies g\u00f6r det m\u00f6jligt f\u00f6r v\u00e5r webbplats att komma ih\u00e5g de val du g\u00f6r (t.ex. anv\u00e4ndarnamn, spr\u00e5k eller region) och tillhandah\u00e5lla f\u00f6rb\u00e4ttrade och mer personliga funktioner. Dessa cookies kan ocks\u00e5 anv\u00e4ndas f\u00f6r att komma ih\u00e5g \u00e4ndringar som du har gjort i textstorlek, teckensnitt och andra delar av webbsidor som du kan anpassa. De kan ocks\u00e5 anv\u00e4ndas f\u00f6r att tillhandah\u00e5lla tj\u00e4nster som du har bett om, t.ex. att titta p\u00e5 en video eller kommentera en blogg. Den information som dessa cookies samlar in kan vara anonymiserad och de kan inte sp\u00e5ra din surfaktivitet p\u00e5 andra webbplatser.<\/p><\/li><li><strong>Cookies f\u00f6r m\u00e5lgruppsanpassning och annonsering:<\/strong> Dessa cookies sp\u00e5rar dina surfaktiviteter p\u00e5 olika webbplatser f\u00f6r att skapa en profil \u00f6ver dina intressen. Denna information anv\u00e4nds f\u00f6r att leverera personliga annonser som \u00e4r mer relevanta f\u00f6r dig. De hj\u00e4lper ocks\u00e5 oss och v\u00e5ra annonspartners att m\u00e4ta effektiviteten i v\u00e5ra annonskampanjer. Du kan hantera eller v\u00e4lja bort dessa cookies genom dina webbl\u00e4sarinst\u00e4llningar eller v\u00e5rt verktyg f\u00f6r samtycke till cookies.<\/li><\/ul><p>\u00a0<\/p><p class=\"p1\"><b>Cookies fr\u00e5n tredje part<\/b><\/p><p class=\"p1\">Vi anv\u00e4nder betrodda tj\u00e4nster fr\u00e5n tredje part som kan placera cookies p\u00e5 din enhet n\u00e4r du anv\u00e4nder v\u00e5r webbplats. Dessa inkluderar:<\/p><p class=\"p2\">\u2022 <b>Google Analytics<\/b>: Sp\u00e5rar webbplatsens anv\u00e4ndning och genererar rapporter.<\/p><p class=\"p2\">\u2022 <b>Facebook Pixel<\/b>: Hj\u00e4lper till med riktad annonsering.<\/p><p class=\"p2\">\u2022 <b>Betalningsleverant\u00f6rer<\/b>: S\u00e4kerst\u00e4ller s\u00e4kra transaktioner i kassan.<\/p><p class=\"p1\">F\u00f6r information om hur dessa tredje parter anv\u00e4nder dina uppgifter, se deras integritetspolicy.<\/p><p>\u00a0<\/p><p class=\"p1\"><b>Hantera dina cookiepreferenser<\/b><\/p><p class=\"p1\">Du har r\u00e4tt att kontrollera och hantera anv\u00e4ndningen av cookies p\u00e5 v\u00e5r webbplats. S\u00e5 h\u00e4r g\u00f6r du:<\/p><p class=\"p3\"><b>1. Banner f\u00f6r samtycke till cookies<\/b><\/p><p class=\"p1\">N\u00e4r du f\u00f6rst bes\u00f6ker v\u00e5r webbplats kommer du att se en banner f\u00f6r samtycke till cookies som g\u00f6r det m\u00f6jligt f\u00f6r dig att:<\/p><p class=\"p4\">- Acceptera alla cookies.<\/p><p class=\"p4\">- Avvisa icke-n\u00f6dv\u00e4ndiga cookies.<\/p><p class=\"p4\">- Anpassa dina cookiepreferenser per kategori.<\/p><p class=\"p1\">Du kan n\u00e4r som helst \u00e4ndra dina inst\u00e4llningar genom att g\u00e5 in p\u00e5 <b>Inst\u00e4llningar f\u00f6r cookies<\/b> l\u00e4nk i sidfoten p\u00e5 v\u00e5r webbplats.<\/p><p class=\"p3\"><b>2. Inst\u00e4llningar f\u00f6r webbl\u00e4sare<\/b><\/p><p class=\"p1\">Du kan inaktivera eller radera cookies via inst\u00e4llningarna i din webbl\u00e4sare. Nedan finns l\u00e4nkar till instruktioner f\u00f6r popul\u00e4ra webbl\u00e4sare:<\/p><p class=\"p4\">\u2022 <a href=\"https:\/\/support.google.com\/chrome\/answer\/95647\" target=\"_blank\" rel=\"noopener\">Google Chrome<\/a><\/p><p class=\"p4\">\u2022 <a href=\"https:\/\/support.mozilla.org\/en-US\/kb\/clear-cookies-and-site-data-firefox\" target=\"_blank\" rel=\"noopener\">Mozilla Firefox<\/a><\/p><p class=\"p4\">\u2022 <a href=\"https:\/\/support.apple.com\/en-us\/guide\/safari\/sfri11471\/mac\" target=\"_blank\" rel=\"noopener\">Safari<\/a><\/p><p class=\"p4\">\u2022 <a href=\"https:\/\/support.microsoft.com\/en-us\/microsoft-edge\/delete-cookies-in-microsoft-edge-63947406-40ac-c3b8-57b9-2a946a29ae09\" target=\"_blank\" rel=\"noopener\">Microsoft Edge<\/a><\/p><p class=\"p3\"><b>3. Verktyg f\u00f6r opt-out<\/b><\/p><p class=\"p1\">Vissa tredjepartstj\u00e4nster erbjuder opt-out-verktyg f\u00f6r att f\u00f6rhindra datainsamling via deras cookies:<\/p><p class=\"p4\">\u2022 <a href=\"https:\/\/tools.google.com\/dlpage\/gaoptout\" target=\"_blank\" rel=\"noopener\">Avst\u00e4ngning av Google Analytics<\/a><\/p><p class=\"p4\">\u2022 <a href=\"https:\/\/www.facebook.com\/ads\/preferences\" target=\"_blank\" rel=\"noopener\">Inst\u00e4llningar f\u00f6r Facebook-annonser<\/a><\/p><p>\u00a0<\/p><p class=\"p1\"><b>Dina r\u00e4ttigheter<\/b><\/p><p class=\"p1\">Enligt GDPR har du r\u00e4tt till:<\/p><p class=\"p2\">\u2022 <b>Bli informerad<\/b> om de cookies vi anv\u00e4nder.<\/p><p class=\"p2\">\u2022 <b>\u00c5terkalla samtycke<\/b> till icke n\u00f6dv\u00e4ndiga cookies n\u00e4r som helst.<\/p><p class=\"p2\">\u2022 <b>F\u00e5 tillg\u00e5ng till dina uppgifter<\/b> som samlas in via cookies och beg\u00e4ra radering eller \u00f6verf\u00f6ring av dessa.<\/p><p class=\"p1\">F\u00f6r att ut\u00f6va dessa r\u00e4ttigheter, kontakta oss p\u00e5 <a href=\"mailto:contact@lumierediamonds.eu\">contact@lumierediamonds.eu<\/a>.<\/p><p>\u00a0<\/p><p class=\"p1\"><b>Uppgifter som samlas in via cookies<\/b><\/p><p class=\"p1\">De uppgifter som samlas in via cookies kan omfatta:<\/p><p class=\"p2\">- Din IP-adress.<\/p><p class=\"p2\">- Typ och version av webbl\u00e4sare.<\/p><p class=\"p2\">- Enhetstyp (t.ex. mobil eller station\u00e4r).<\/p><p class=\"p2\">- Bes\u00f6kta sidor och tid som tillbringats p\u00e5 webbplatsen.<\/p><p class=\"p2\">- H\u00e4nvisningsk\u00e4llor (t.ex. vilken webbplats som f\u00f6rde dig till v\u00e5r).<\/p><p class=\"p1\">Dessa uppgifter anv\u00e4nds f\u00f6r analys, f\u00f6r att f\u00f6rb\u00e4ttra anv\u00e4ndarupplevelsen och f\u00f6r marknadsf\u00f6rings\u00e4ndam\u00e5l.<\/p><p>\u00a0<\/p><p class=\"p1\"><b>Lagring av cookies<\/b><\/p><p class=\"p1\">Hur l\u00e4nge cookies finns kvar p\u00e5 din enhet beror p\u00e5 deras typ:<\/p><p class=\"p2\">\u2022 <b>Cookies f\u00f6r session<\/b>: Upph\u00f6r att g\u00e4lla n\u00e4r du st\u00e4nger din webbl\u00e4sare.<\/p><p class=\"p2\">\u2022 <b>Permanenta cookies<\/b>: Finns kvar p\u00e5 din enhet i upp till 12 m\u00e5nader om den inte raderas manuellt.<\/p><p class=\"p1\">Specifika lagringstider f\u00f6r cookies anges i v\u00e5r <b>Inst\u00e4llningar f\u00f6r cookies<\/b> avsnitt.<\/p><p>\u00a0<\/p><p class=\"p1\"><b>Uppdateringar av denna policy<\/b><\/p><p class=\"p1\">Vi kan komma att uppdatera denna cookiepolicy med j\u00e4mna mellanrum f\u00f6r att \u00e5terspegla f\u00f6r\u00e4ndringar i r\u00e4ttsliga krav eller v\u00e5r cookiepraxis. Alla betydande uppdateringar kommer att meddelas via v\u00e5r webbplats.<\/p><p>\u00a0<\/p><p class=\"p1\"><b>Kontakta oss<\/b><\/p><p class=\"p1\">Om du har fr\u00e5gor om denna cookiepolicy eller vill hantera dina uppgifter, v\u00e4nligen kontakta oss p\u00e5<\/p><p class=\"p1\">E-post: <a href=\"mailto:contact@lumierediamonds.eu\">contact@lumierediamonds.eu<\/a><\/p><p class=\"p1\">Postadress: Nova Group Sp. z o.o., \u017burawia 6\/12 lok. 745, 00-503 Warszawa, Polen<\/p>\t\t\t\t\t\t<\/div>\n\t\t\t\t<\/div>\n\t\t\t\t\t<\/div>\n\t\t\t\t<\/div>\n\t\t\t\t<\/div>","protected":false},"excerpt":{"rendered":"<p>Cookiepolicy Inledning P\u00e5 Lumi\u00e8re, som drivs av Nova Group Sp. z o.o., anv\u00e4nder vi cookies och liknande tekniker f\u00f6r att f\u00f6rb\u00e4ttra din upplevelse p\u00e5 v\u00e5r webbplats. Denna cookiepolicy f\u00f6rklarar vad cookies \u00e4r, hur vi anv\u00e4nder dem och dina r\u00e4ttigheter n\u00e4r det g\u00e4ller anv\u00e4ndningen av dem. Genom att forts\u00e4tta att surfa p\u00e5 v\u00e5r webbplats samtycker du till anv\u00e4ndningen av [...]<\/p>","protected":false},"author":1,"featured_media":0,"parent":0,"menu_order":0,"comment_status":"closed","ping_status":"closed","template":"","meta":{"_acf_changed":false,"footnotes":""},"class_list":["post-2720","page","type-page","status-publish","hentry"],"acf":[],"jetpack_sharing_enabled":true,"_links":{"self":[{"href":"https:\/\/lumierediamonds.eu\/sv\/wp-json\/wp\/v2\/pages\/2720","targetHints":{"allow":["GET"]}}],"collection":[{"href":"https:\/\/lumierediamonds.eu\/sv\/wp-json\/wp\/v2\/pages"}],"about":[{"href":"https:\/\/lumierediamonds.eu\/sv\/wp-json\/wp\/v2\/types\/page"}],"author":[{"embeddable":true,"href":"https:\/\/lumierediamonds.eu\/sv\/wp-json\/wp\/v2\/users\/1"}],"replies":[{"embeddable":true,"href":"https:\/\/lumierediamonds.eu\/sv\/wp-json\/wp\/v2\/comments?post=2720"}],"version-history":[{"count":7,"href":"https:\/\/lumierediamonds.eu\/sv\/wp-json\/wp\/v2\/pages\/2720\/revisions"}],"predecessor-version":[{"id":6763,"href":"https:\/\/lumierediamonds.eu\/sv\/wp-json\/wp\/v2\/pages\/2720\/revisions\/6763"}],"wp:attachment":[{"href":"https:\/\/lumierediamonds.eu\/sv\/wp-json\/wp\/v2\/media?parent=2720"}],"curies":[{"name":"wp","href":"https:\/\/api.w.org\/{rel}","templated":true}]}}