{"id":2728,"date":"2024-08-06T16:46:56","date_gmt":"2024-08-06T14:46:56","guid":{"rendered":"https:\/\/lumierediamonds.eu\/?page_id=2728"},"modified":"2024-08-06T16:54:30","modified_gmt":"2024-08-06T14:54:30","slug":"allman-dataskyddsforordning","status":"publish","type":"page","link":"https:\/\/lumierediamonds.eu\/sv\/allman-dataskyddsforordning\/","title":{"rendered":"Allm\u00e4n dataskyddsf\u00f6rordning"},"content":{"rendered":"<div data-elementor-type=\"wp-page\" data-elementor-id=\"2728\" class=\"elementor elementor-2728\" data-elementor-post-type=\"page\">\n\t\t\t\t<div class=\"elementor-element elementor-element-14d2dc79 e-flex e-con-boxed e-con e-parent\" data-id=\"14d2dc79\" data-element_type=\"container\">\n\t\t\t\t\t<div class=\"e-con-inner\">\n\t\t\t\t<div class=\"elementor-element elementor-element-33ced438 elementor-widget elementor-widget-text-editor\" data-id=\"33ced438\" data-element_type=\"widget\" data-widget_type=\"text-editor.default\">\n\t\t\t\t<div class=\"elementor-widget-container\">\n\t\t\t\t\t\t\t<h1>Allm\u00e4n dataskyddsf\u00f6rordning<\/h1><p>\u00a0<\/p><p><b>1. Inledning<\/b><\/p><p>V\u00e4lkommen till Lumi\u00e8re. Vi \u00e4r fast beslutna att skydda dina personuppgifter och respektera din integritet. Denna sekretesspolicy f\u00f6rklarar hur vi samlar in, anv\u00e4nder och skyddar din information n\u00e4r du bes\u00f6ker v\u00e5r webbplats och anv\u00e4nder v\u00e5ra tj\u00e4nster. Genom att anv\u00e4nda v\u00e5r plattform samtycker du till insamling och anv\u00e4ndning av information i enlighet med denna policy.<\/p><p>\u00a0<\/p><p><b>2. Personuppgiftsansvarig<\/b><\/p><p>Den personuppgiftsansvarige som ansvarar f\u00f6r dina personuppgifter \u00e4r:<\/p><p>Nova Group Sp. z o.o.<\/p><p>\u017burawia 6\/12 lok. 745, 00-503 Warszawa, Polen<\/p><p>SKATTE-ID: PL7011215529<\/p><p>REGON: 529224431<\/p><p>\u00a0<\/p><p><b>3. Information som vi samlar in<\/b><\/p><p>Vi kan komma att samla in och behandla f\u00f6ljande typer av personuppgifter:<\/p><p>\u2022 <b>Identitetsuppgifter<\/b>: F\u00f6rnamn, efternamn och andra relevanta identifieringsuppgifter.<\/p><p>\u2022 <b>Kontaktuppgifter<\/b>: E-postadress, telefonnummer samt fakturerings- och leveransadress.<\/p><p>\u2022 <b>Tekniska data<\/b>: IP-adress, typ och version av webbl\u00e4sare, inst\u00e4llning av tidszon, typ och version av insticksprogram f\u00f6r webbl\u00e4sare, operativsystem och plattform samt annan teknik p\u00e5 de enheter som du anv\u00e4nder f\u00f6r att komma \u00e5t denna webbplats.<\/p><p>\u2022 <b>Profiluppgifter<\/b>: K\u00f6p eller best\u00e4llningar som g\u00f6rs av dig, preferenser, feedback och enk\u00e4tsvar.<\/p><p>\u2022 <b>Anv\u00e4ndningsdata<\/b>: Information om hur du anv\u00e4nder v\u00e5r webbplats, v\u00e5ra produkter och tj\u00e4nster.<\/p><p>\u2022 <b>Data om marknadsf\u00f6ring och kommunikation<\/b>: Dina preferenser n\u00e4r det g\u00e4ller att f\u00e5 marknadsf\u00f6ring fr\u00e5n oss och dina kommunikationspreferenser.<\/p><p>\u00a0<\/p><p><b>4. Hur vi anv\u00e4nder dina uppgifter<\/b><\/p><p>Vi anv\u00e4nder dina personuppgifter f\u00f6r f\u00f6ljande \u00e4ndam\u00e5l:<\/p><p>\u2022<b>F\u00f6r att tillhandah\u00e5lla v\u00e5ra tj\u00e4nster<\/b>: Inklusive behandling av dina best\u00e4llningar, hantering av ditt konto och leverans av produkter.<\/p><p>\u2022<b>F\u00f6r att f\u00f6rb\u00e4ttra v\u00e5ra tj\u00e4nster<\/b>: F\u00f6rst\u00e5 hur v\u00e5ra tj\u00e4nster anv\u00e4nds och hur vi kan f\u00f6rb\u00e4ttra dem.<\/p><p>\u2022<b>F\u00f6r att kommunicera med dig<\/b>: Skicka dig uppdateringar, meddelanden och information om dina best\u00e4llningar och v\u00e5ra tj\u00e4nster.<\/p><p>\u2022<b>F\u00f6r marknadsf\u00f6rings\u00e4ndam\u00e5l<\/b>: Skicka reklammaterial, erbjudanden och information om nya produkter eller evenemang (med ditt samtycke).<\/p><p>\u2022<b>F\u00f6r att uppfylla r\u00e4ttsliga skyldigheter<\/b>: S\u00e4kerst\u00e4lla efterlevnad av till\u00e4mpliga lagar och f\u00f6rordningar.<\/p><p>\u00a0<\/p><p><b>5. R\u00e4ttslig grund f\u00f6r behandling<\/b><\/p><p>Vi behandlar dina personuppgifter baserat p\u00e5 f\u00f6ljande r\u00e4ttsliga grunder:<\/p><p>\u2022<b>Avtalsenlig n\u00f6dv\u00e4ndighet<\/b>: Behandlingen \u00e4r n\u00f6dv\u00e4ndig f\u00f6r att fullg\u00f6ra ett avtal med dig eller f\u00f6r att vidta \u00e5tg\u00e4rder p\u00e5 din beg\u00e4ran innan ett avtal ing\u00e5sct.<\/p><p>\u2022<b>Ber\u00e4ttigade intressen<\/b>: Behandlingen \u00e4r n\u00f6dv\u00e4ndig f\u00f6r v\u00e5ra ber\u00e4ttigade intressen, f\u00f6rutsatt att dina intressen och grundl\u00e4ggande r\u00e4ttigheter inte \u00e5sidos\u00e4tter dessa intressen.<\/p><p>\u2022<b>Samtycke<\/b>: Du har gett ditt samtycke till att dina uppgifter behandlas f\u00f6r s\u00e4rskilda \u00e4ndam\u00e5l.<\/p><p>\u2022<b>R\u00e4ttslig skyldighet<\/b>: Behandlingen \u00e4r n\u00f6dv\u00e4ndig f\u00f6r att fullg\u00f6ra en r\u00e4ttslig f\u00f6rpliktelse som \u00e5vilar ossct.<\/p><p>\u00a0<\/p><p><b>6. Delning av data<\/b><\/p><p>Vi kan komma att dela dina personuppgifter med:<\/p><p>\u2022<b>Tj\u00e4nsteleverant\u00f6rer<\/b>: F\u00f6retag som tillhandah\u00e5ller tj\u00e4nster f\u00f6r v\u00e5r r\u00e4kning, t.ex. betalningsbearbetning, dataanalys, e-postleverans, v\u00e4rdtj\u00e4nster och kundtj\u00e4nst.<\/p><p>\u2022<b>Aff\u00e4rspartner<\/b>: Betrodda partner som erbjuder tj\u00e4nster tillsammans med oss eller hj\u00e4lper oss i v\u00e5ra marknadsf\u00f6ringsinsatser.<\/p><p>\u2022<b>R\u00e4ttsliga myndigheter<\/b>: N\u00e4r det kr\u00e4vs enligt lag eller \u00e4r n\u00f6dv\u00e4ndigt f\u00f6r att f\u00f6lja en r\u00e4ttslig process.<\/p><p>\u2022<b>Shipping- och logistikpartners<\/b>: F\u00f6r att s\u00e4kerst\u00e4lla leveransen av dina k\u00f6pta produkter.<\/p><p>\u00a0<\/p><p><b>7. Internationella data\u00f6verf\u00f6ringar<\/b><\/p><p>Dina personuppgifter kan komma att \u00f6verf\u00f6ras till och behandlas i l\u00e4nder utanf\u00f6r Europeiska ekonomiska samarbetsomr\u00e5det (EES). Vi kommer att se till att l\u00e4mpliga skydds\u00e5tg\u00e4rder finns p\u00e5 plats f\u00f6r att skydda dina uppgifter, till exempel genom att anv\u00e4nda standardavtalsklausuler som godk\u00e4nts av Europeiska kommissionen.<\/p><p>\u00a0<\/p><p><b>8. Datas\u00e4kerhet<\/b><\/p><p>Vi vidtar l\u00e4mpliga tekniska och organisatoriska \u00e5tg\u00e4rder f\u00f6r att skydda dina personuppgifter mot oavsiktlig eller olaglig f\u00f6rst\u00f6relse, f\u00f6rlust, \u00e4ndring, obeh\u00f6rigt r\u00f6jande eller \u00e5tkomst.<\/p><p>\u00a0<\/p><p><b>9. Bevarande av uppgifter<\/b><\/p><p>Vi beh\u00e5ller dina personuppgifter endast s\u00e5 l\u00e4nge som det \u00e4r n\u00f6dv\u00e4ndigt f\u00f6r att uppfylla de syften vi samlade in dem f\u00f6r, inklusive att uppfylla eventuella juridiska krav, redovisningskrav eller rapporteringskrav.<\/p><p>\u00a0<\/p><p><b>10. Dina r\u00e4ttigheter<\/b><\/p><p>Du har f\u00f6ljande r\u00e4ttigheter n\u00e4r det g\u00e4ller dina personuppgifter:<\/p><p>\u2022<b>Tillg\u00e5ng<\/b>: Beg\u00e4r tillg\u00e5ng till dina personuppgifter.<\/p><p>\u2022<b>R\u00e4ttelse<\/b>: Beg\u00e4ra r\u00e4ttelse av dina personuppgifter om de \u00e4r felaktiga eller ofullst\u00e4ndiga.<\/p><p>\u2022<b>Utpl\u00e5ning<\/b>: Beg\u00e4r radering av dina personuppgifter.<\/p><p>\u2022<b>Begr\u00e4nsning<\/b>: Beg\u00e4ra begr\u00e4nsning av behandlingen av dina personuppgifter.<\/p><p>\u2022<b>B\u00e4rbarhet<\/b>: Beg\u00e4ra \u00f6verf\u00f6ring av dina personuppgifter till annan part.<\/p><p>\u2022<b>Inv\u00e4ndning<\/b>: Inv\u00e4nda mot behandlingen av dina personuppgifter n\u00e4r vi \u00e5beropar ett ber\u00e4ttigat intresse.<\/p><p>F\u00f6r att ut\u00f6va n\u00e5gon av dessa r\u00e4ttigheter, v\u00e4nligen kontakta oss via de metoder som anges p\u00e5 v\u00e5r webbplats.<\/p><p>\u00a0<\/p><p><b>11. Kakor<\/b><\/p><p>Vi anv\u00e4nder cookies f\u00f6r att f\u00f6rb\u00e4ttra din upplevelse p\u00e5 v\u00e5r webbplats. Mer information om vilka cookies vi anv\u00e4nder och hur du hanterar dem finns i v\u00e5r cookiepolicy.<\/p><p>\u00a0<\/p><p><b>12. \u00c4ndringar av denna integritetspolicy<\/b><\/p><p>Vi kan komma att uppdatera v\u00e5r integritetspolicy fr\u00e5n tid till annan. Vi kommer att meddela dig om eventuella \u00e4ndringar genom att publicera den nya sekretesspolicyn p\u00e5 denna sida. Vi rekommenderar att du regelbundet l\u00e4ser igenom denna integritetspolicy f\u00f6r att se om det finns n\u00e5gra \u00e4ndringar.<\/p><p>\u00a0<\/p><p><b>13. Kontakta oss<\/b><\/p><p>Om du har n\u00e5gra fr\u00e5gor om denna integritetspolicy, v\u00e4nligen kontakta oss p\u00e5<\/p><p>Nova Group Sp. z o.o.<\/p><p>\u017burawia 6\/12 lok. 745, 00-503 Warszawa, Polen<\/p><p>SKATTE-ID: PL7011215529<\/p><p>REGON: 529224431<\/p><p>contact@lumierediamonds.eu<\/p>\t\t\t\t\t\t<\/div>\n\t\t\t\t<\/div>\n\t\t\t\t\t<\/div>\n\t\t\t\t<\/div>\n\t\t\t\t<\/div>","protected":false},"excerpt":{"rendered":"<p>Allm\u00e4n dataskyddsf\u00f6rordning 1. Inledning V\u00e4lkommen till Lumi\u00e8re. Vi \u00e4r fast beslutna att skydda dina personuppgifter och respektera din integritet. Denna integritetspolicy f\u00f6rklarar hur vi samlar in, anv\u00e4nder och skyddar din information n\u00e4r du bes\u00f6ker v\u00e5r webbplats och anv\u00e4nder v\u00e5ra tj\u00e4nster. Genom att anv\u00e4nda v\u00e5r plattform samtycker du till insamling och anv\u00e4ndning av [...]<\/p>","protected":false},"author":1,"featured_media":0,"parent":0,"menu_order":0,"comment_status":"closed","ping_status":"closed","template":"","meta":{"_acf_changed":false,"footnotes":""},"class_list":["post-2728","page","type-page","status-publish","hentry"],"acf":[],"jetpack_sharing_enabled":true,"_links":{"self":[{"href":"https:\/\/lumierediamonds.eu\/sv\/wp-json\/wp\/v2\/pages\/2728","targetHints":{"allow":["GET"]}}],"collection":[{"href":"https:\/\/lumierediamonds.eu\/sv\/wp-json\/wp\/v2\/pages"}],"about":[{"href":"https:\/\/lumierediamonds.eu\/sv\/wp-json\/wp\/v2\/types\/page"}],"author":[{"embeddable":true,"href":"https:\/\/lumierediamonds.eu\/sv\/wp-json\/wp\/v2\/users\/1"}],"replies":[{"embeddable":true,"href":"https:\/\/lumierediamonds.eu\/sv\/wp-json\/wp\/v2\/comments?post=2728"}],"version-history":[{"count":4,"href":"https:\/\/lumierediamonds.eu\/sv\/wp-json\/wp\/v2\/pages\/2728\/revisions"}],"predecessor-version":[{"id":2735,"href":"https:\/\/lumierediamonds.eu\/sv\/wp-json\/wp\/v2\/pages\/2728\/revisions\/2735"}],"wp:attachment":[{"href":"https:\/\/lumierediamonds.eu\/sv\/wp-json\/wp\/v2\/media?parent=2728"}],"curies":[{"name":"wp","href":"https:\/\/api.w.org\/{rel}","templated":true}]}}