{"id":3,"date":"2023-11-08T21:13:17","date_gmt":"2023-11-08T20:13:17","guid":{"rendered":"https:\/\/wp64.you2.pl\/?page_id=3"},"modified":"2024-12-16T13:23:43","modified_gmt":"2024-12-16T12:23:43","slug":"integritetspolicy","status":"publish","type":"page","link":"https:\/\/lumierediamonds.eu\/sv\/integritetspolicy\/","title":{"rendered":"Integritetspolicy"},"content":{"rendered":"<div data-elementor-type=\"wp-page\" data-elementor-id=\"3\" class=\"elementor elementor-3\" data-elementor-post-type=\"page\">\n\t\t\t\t<div class=\"elementor-element elementor-element-c5e2b87 e-flex e-con-boxed e-con e-parent\" data-id=\"c5e2b87\" data-element_type=\"container\">\n\t\t\t\t\t<div class=\"e-con-inner\">\n\t\t\t\t<div class=\"elementor-element elementor-element-18fd7b9d elementor-widget elementor-widget-text-editor\" data-id=\"18fd7b9d\" data-element_type=\"widget\" data-widget_type=\"text-editor.default\">\n\t\t\t\t<div class=\"elementor-widget-container\">\n\t\t\t\t\t\t\t<h1>Integritetspolicy<\/h1><p>\u00a0<br \/><br \/><strong>Inledning<\/strong><\/p><p class=\"p1\">P\u00e5 Lumi\u00e8re, som drivs av Nova Group Sp. z o.o., v\u00e4rdes\u00e4tter vi din integritet och \u00e4r fast beslutna att skydda dina personuppgifter. I denna integritetspolicy beskrivs hur vi samlar in, anv\u00e4nder, lagrar och skyddar dina personuppgifter n\u00e4r du anv\u00e4nder v\u00e5r webbplats. V\u00e4nligen l\u00e4s igenom denna policy noggrant f\u00f6r att f\u00f6rst\u00e5 dina r\u00e4ttigheter och hur vi f\u00f6ljer den allm\u00e4nna dataskyddsf\u00f6rordningen (GDPR).<\/p><p>\u00a0<\/p><p class=\"p1\"><b>Vilka vi \u00e4r<\/b><\/p><p>Den personuppgiftsansvarige som ansvarar f\u00f6r dina personuppgifter \u00e4r:<\/p><p>Nova Group Sp. z o.o.<br \/>\u017burawia 6\/12 lok. 745, 00-503 Warszawa, Polen<br \/>SKATTE-ID: PL7011215529<br \/>REGON: 529224431<\/p><p>Om du har n\u00e5gra fr\u00e5gor om denna policy eller dina uppgifter, v\u00e4nligen kontakta oss p\u00e5 <a href=\"mailto:contact@lumierediamonds.eu\">contact@lumierediamonds.eu<\/a><\/p><p>\u00a0<\/p><p class=\"p1\"><b>Vilka personuppgifter vi samlar in<\/b><\/p><p class=\"p1\">Vi samlar in f\u00f6ljande personuppgifter f\u00f6r att tillhandah\u00e5lla v\u00e5ra tj\u00e4nster:<\/p><p class=\"p2\">\u2022 <b>Identitetsuppgifter<\/b>: Fullst\u00e4ndigt namn.<\/p><p class=\"p2\">\u2022 <b>Kontaktuppgifter<\/b>: E-postadress, telefonnummer, faktureringsadress och leveransadress.<\/p><p class=\"p2\">\u2022 <b>Transaktionsdata<\/b>: Detaljer om dina ink\u00f6p, betalningsinformation och orderhistorik.<\/p><p class=\"p2\">\u2022 <b>Kontouppgifter<\/b> (valfritt): Anv\u00e4ndarnamn och l\u00f6senord f\u00f6r ditt Lumi\u00e8re-konto.<\/p><p class=\"p1\">Vi samlar in denna information direkt fr\u00e5n dig i kassan, vid registrering av konto eller vid kundtj\u00e4nstinteraktioner.<\/p><p>\u00a0<\/p><p>\u00a0<\/p><p class=\"p1\"><b>R\u00e4ttslig grund f\u00f6r behandling av uppgifter<\/b><\/p><p class=\"p1\">Enligt GDPR behandlar vi dina personuppgifter baserat p\u00e5 f\u00f6ljande r\u00e4ttsliga grunder:<\/p><p class=\"p2\">1. <b>Avtalsenlig n\u00f6dv\u00e4ndighet<\/b>: F\u00f6r att behandla och leverera dina best\u00e4llningar och hantera ditt konto.<\/p><p class=\"p2\">2. <b>Samtycke<\/b>: F\u00f6r aktiviteter som att skicka marknadsf\u00f6ringsmeddelanden (endast om du har valt det).<\/p><p class=\"p2\">3. <b>R\u00e4ttslig f\u00f6rpliktelse<\/b>: F\u00f6r att uppfylla r\u00e4ttsliga krav, t.ex. skatte- och redovisningsbest\u00e4mmelser.<\/p><p>\u00a0<\/p><p class=\"p1\"><b>Hur vi anv\u00e4nder dina personuppgifter<\/b><\/p><p class=\"p1\">Vi anv\u00e4nder dina personuppgifter f\u00f6r f\u00f6ljande \u00e4ndam\u00e5l:<\/p><p class=\"p2\">- F\u00f6r att behandla och leverera dina best\u00e4llningar, inklusive hantering av betalningar och frakt.<\/p><p class=\"p2\">- F\u00f6r att tillhandah\u00e5lla kundsupport och l\u00f6sa eventuella problem med dina best\u00e4llningar eller ditt konto.<\/p><p class=\"p2\">- F\u00f6r att skicka uppdateringar om dina best\u00e4llningar, ditt konto eller \u00e4ndringar av v\u00e5ra tj\u00e4nster.<\/p><p class=\"p2\">- F\u00f6r att uppfylla r\u00e4ttsliga och regulatoriska skyldigheter.<\/p><p class=\"p1\">Vi g\u00f6r <b>inte<\/b> anv\u00e4nda dina uppgifter f\u00f6r \u00e4ndam\u00e5l som inte \u00e4r relaterade till tillhandah\u00e5llandet av v\u00e5ra tj\u00e4nster.<\/p><p>\u00a0<\/p><p class=\"p1\"><b>Hur vi delar dina uppgifter<\/b><\/p><p class=\"p1\">Vi delar dina uppgifter endast n\u00e4r det \u00e4r n\u00f6dv\u00e4ndigt f\u00f6r att tillhandah\u00e5lla v\u00e5ra tj\u00e4nster eller uppfylla r\u00e4ttsliga krav:<\/p><p class=\"p2\">\u2022 <b>Betalningsleverant\u00f6rer<\/b>: F\u00f6r att p\u00e5 ett s\u00e4kert s\u00e4tt behandla dina betalningar.<\/p><p class=\"p2\">\u2022 <b>Fraktf\u00f6retag<\/b>: F\u00f6r att s\u00e4kerst\u00e4lla snabb leverans av dina ink\u00f6p.<\/p><p class=\"p2\">\u2022 <b>IT-tj\u00e4nsteleverant\u00f6rer<\/b>: F\u00f6r webbhotell och underh\u00e5ll av webbplatsen.<\/p><p class=\"p1\">Alla tredje parter \u00e4r avtalsenligt skyldiga att hantera dina uppgifter p\u00e5 ett s\u00e4kert s\u00e4tt och i enlighet med GDPR.<\/p><p>\u00a0<\/p><p class=\"p1\"><b>Cookies och sp\u00e5rningsteknik<\/b><\/p><p class=\"p1\">Vi anv\u00e4nder cookies f\u00f6r att f\u00f6rb\u00e4ttra din upplevelse p\u00e5 v\u00e5r webbplats. Cookies g\u00f6r det m\u00f6jligt f\u00f6r oss att:<\/p><p class=\"p2\">- F\u00f6rst\u00e5 anv\u00e4ndarnas preferenser.<\/p><p class=\"p2\">- F\u00f6rb\u00e4ttra webbplatsens funktionalitet.<\/p><p class=\"p1\">Du kan hantera dina cookiepreferenser eller inaktivera cookies genom dina webbl\u00e4sarinst\u00e4llningar. F\u00f6r mer information, v\u00e4nligen se v\u00e5r <a href=\"\/sv\/cookiepolicy\/\">Cookiepolicy<\/a>.<\/p><p>\u00a0<\/p><p class=\"p1\"><b>Dina r\u00e4ttigheter<\/b><\/p><p class=\"p1\">Enligt GDPR har du f\u00f6ljande r\u00e4ttigheter n\u00e4r det g\u00e4ller dina personuppgifter:<\/p><p class=\"p2\">\u2022 <b>Tillg\u00e5ng<\/b>: Beg\u00e4r en kopia av dina personuppgifter.<\/p><p class=\"p2\">\u2022 <b>R\u00e4ttelse<\/b>: Korrigera eventuella felaktigheter i dina uppgifter.<\/p><p class=\"p2\">\u2022 <b>Utpl\u00e5ning<\/b>: Beg\u00e4ra radering av dina uppgifter (\u201cr\u00e4tten att bli bortgl\u00f6md\u201d).<\/p><p class=\"p2\">\u2022 <b>Begr\u00e4nsning<\/b>: Begr\u00e4nsa hur vi behandlar dina uppgifter.<\/p><p class=\"p2\">\u2022 <b>Inv\u00e4ndning<\/b>: Inv\u00e4nda mot databehandling, inklusive f\u00f6r marknadsf\u00f6rings\u00e4ndam\u00e5l.<\/p><p class=\"p2\">\u2022 <b>Dataportabilitet<\/b>: Ta emot dina data i ett strukturerat, allm\u00e4nt anv\u00e4nt format.<\/p><p class=\"p2\">\u2022 <b>\u00c5terkalla samtycke<\/b>: \u00c5terkalla ditt samtycke till viss anv\u00e4ndning av uppgifter, t.ex. e-postmarknadsf\u00f6ring.<\/p><p class=\"p1\">F\u00f6r att ut\u00f6va dina r\u00e4ttigheter, v\u00e4nligen kontakta oss p\u00e5 <a href=\"mailto:contact@lumierediamonds.eu\">contact@lumierediamonds.eu<\/a>. Du har ocks\u00e5 r\u00e4tt att l\u00e4mna in ett klagom\u00e5l till tillsynsmyndigheten i Polen:<\/p><p class=\"p1\">Ordf\u00f6rande f\u00f6r Byr\u00e5n f\u00f6r skydd av personuppgifter (UODO)<\/p><p class=\"p1\">ul. Stawki 2, 00-193 Warszawa, Polen<\/p><p class=\"p1\">Telefon: +48 22 531 03 00 +48 22 531 03 00<\/p><p class=\"p1\">Hemsida: <a href=\"https:\/\/www.uodo.gov.pl\/\" target=\"_blank\" rel=\"noopener\">www.uodo.gov.pl<\/a><\/p><p>\u00a0<\/p><p class=\"p1\"><b>Lagring av data<\/b><\/p><p class=\"p1\">Vi beh\u00e5ller dina personuppgifter endast s\u00e5 l\u00e4nge som det \u00e4r n\u00f6dv\u00e4ndigt f\u00f6r f\u00f6ljande \u00e4ndam\u00e5l:<\/p><p class=\"p2\">\u2022 <b>Best\u00e4llningsinformation<\/b>: Bevaras i sex \u00e5r f\u00f6r att uppfylla skattem\u00e4ssiga och juridiska skyldigheter.<\/p><p class=\"p2\">\u2022 <b>Kontoinformation<\/b>: Bevaras tills kontot raderas eller \u00e4r inaktivt i tre \u00e5r.<\/p><p class=\"p2\">\u2022 <b>Marknadsf\u00f6ringsdata<\/b>: Bevaras tills du \u00e5terkallar samtycke eller avslutar prenumerationen.<\/p><p class=\"p1\">Efter lagringsperioden kommer dina uppgifter att raderas eller anonymiseras p\u00e5 ett s\u00e4kert s\u00e4tt.<\/p><p>\u00a0<\/p><p class=\"p1\"><b>Datas\u00e4kerhet<\/b><\/p><p class=\"p1\">Vi prioriterar s\u00e4kerheten f\u00f6r dina personuppgifter och genomf\u00f6r robusta tekniska och organisatoriska \u00e5tg\u00e4rder, inklusive:<\/p><p class=\"p2\">- Kryptering av data under lagring och \u00f6verf\u00f6ring.<\/p><p class=\"p2\">- S\u00e4ker betalningshantering via betrodda leverant\u00f6rer.<\/p><p class=\"p2\">- \u00c5tkomstkontroller f\u00f6r att f\u00f6rhindra obeh\u00f6rig \u00e5tkomst till dina uppgifter.<\/p><p class=\"p1\">Vi str\u00e4var efter att skydda dina uppgifter, men inget system \u00e4r 100% s\u00e4kert. I den osannolika h\u00e4ndelsen av ett dataintr\u00e5ng kommer vi att meddela ber\u00f6rda anv\u00e4ndare omedelbart och, om s\u00e5 kr\u00e4vs, rapportera det till tillsynsmyndigheten.<\/p><p>\u00a0<\/p><p class=\"p1\"><b>Data om barn<\/b><\/p><p class=\"p1\">V\u00e5r webbplats \u00e4r inte avsedd f\u00f6r barn under 16 \u00e5r, och vi samlar inte medvetet in deras personuppgifter. Om vi uppt\u00e4cker att vi oavsiktligt har samlat in uppgifter fr\u00e5n ett barn, kommer vi att radera dem omedelbart.<\/p><p>\u00a0<\/p><p class=\"p1\"><b>\u00c4ndringar av denna integritetspolicy<\/b><\/p><p class=\"p1\">Vi kan komma att uppdatera denna integritetspolicy f\u00f6r att \u00e5terspegla f\u00f6r\u00e4ndringar i v\u00e5r praxis eller r\u00e4ttsliga skyldigheter. Alla betydande uppdateringar kommer att meddelas p\u00e5 v\u00e5r webbplats eller via e-post. Den senaste versionen av denna policy finns alltid tillg\u00e4nglig p\u00e5 v\u00e5r webbplats.<\/p><p>\u00a0<\/p><p class=\"p1\"><b>Bekr\u00e4ftelse och avtal<\/b><\/p><p class=\"p1\">Genom att anv\u00e4nda v\u00e5r webbplats och v\u00e5ra tj\u00e4nster samtycker du till de metoder som beskrivs i denna integritetspolicy. Vi \u00e4r fast beslutna att hantera dina uppgifter med omsorg, \u00f6ppenhet och respektct.<\/p><p>\u00a0<\/p><p class=\"p1\"><b>Kontakta oss<\/b><\/p><p class=\"p1\">Om du har n\u00e5gra fr\u00e5gor eller funderingar om denna integritetspolicy eller dina personuppgifter, v\u00e4nligen kontakta oss p\u00e5<\/p><p class=\"p1\">E-post: <a href=\"mailto:contact@lumierediamonds.eu\">contact@lumierediamonds.eu<\/a><\/p><p class=\"p1\">Postadress: Nova Group Sp. z o.o., \u017burawia 6\/12 lok. 745, 00-503 Warszawa, Polen<\/p>\t\t\t\t\t\t<\/div>\n\t\t\t\t<\/div>\n\t\t\t\t\t<\/div>\n\t\t\t\t<\/div>\n\t\t\t\t<\/div>","protected":false},"excerpt":{"rendered":"<p>Integritetspolicy Inledning P\u00e5 Lumi\u00e8re, som drivs av Nova Group Sp. z o.o., v\u00e4rdes\u00e4tter vi din integritet och \u00e4r fast beslutna att skydda dina personuppgifter. Denna sekretesspolicy beskriver hur vi samlar in, anv\u00e4nder, lagrar och skyddar dina personuppgifter n\u00e4r du anv\u00e4nder v\u00e5r webbplats. L\u00e4s igenom denna policy noggrant f\u00f6r att f\u00f6rst\u00e5 dina r\u00e4ttigheter och [...]<\/p>","protected":false},"author":1,"featured_media":0,"parent":0,"menu_order":0,"comment_status":"closed","ping_status":"closed","template":"","meta":{"_acf_changed":false,"footnotes":""},"class_list":["post-3","page","type-page","status-publish","hentry"],"acf":[],"jetpack_sharing_enabled":true,"_links":{"self":[{"href":"https:\/\/lumierediamonds.eu\/sv\/wp-json\/wp\/v2\/pages\/3","targetHints":{"allow":["GET"]}}],"collection":[{"href":"https:\/\/lumierediamonds.eu\/sv\/wp-json\/wp\/v2\/pages"}],"about":[{"href":"https:\/\/lumierediamonds.eu\/sv\/wp-json\/wp\/v2\/types\/page"}],"author":[{"embeddable":true,"href":"https:\/\/lumierediamonds.eu\/sv\/wp-json\/wp\/v2\/users\/1"}],"replies":[{"embeddable":true,"href":"https:\/\/lumierediamonds.eu\/sv\/wp-json\/wp\/v2\/comments?post=3"}],"version-history":[{"count":10,"href":"https:\/\/lumierediamonds.eu\/sv\/wp-json\/wp\/v2\/pages\/3\/revisions"}],"predecessor-version":[{"id":6753,"href":"https:\/\/lumierediamonds.eu\/sv\/wp-json\/wp\/v2\/pages\/3\/revisions\/6753"}],"wp:attachment":[{"href":"https:\/\/lumierediamonds.eu\/sv\/wp-json\/wp\/v2\/media?parent=3"}],"curies":[{"name":"wp","href":"https:\/\/api.w.org\/{rel}","templated":true}]}}