{"id":6768,"date":"2024-12-16T14:35:38","date_gmt":"2024-12-16T13:35:38","guid":{"rendered":"https:\/\/lumierediamonds.eu\/?page_id=6768"},"modified":"2024-12-20T12:32:39","modified_gmt":"2024-12-20T11:32:39","slug":"frakt-och-leveranspolicy","status":"publish","type":"page","link":"https:\/\/lumierediamonds.eu\/sv\/frakt-och-leveranspolicy\/","title":{"rendered":"Frakt och leveranspolicy"},"content":{"rendered":"<div data-elementor-type=\"wp-page\" data-elementor-id=\"6768\" class=\"elementor elementor-6768\" data-elementor-post-type=\"page\">\n\t\t\t\t<div class=\"elementor-element elementor-element-19742b5f e-flex e-con-boxed e-con e-parent\" data-id=\"19742b5f\" data-element_type=\"container\">\n\t\t\t\t\t<div class=\"e-con-inner\">\n\t\t\t\t<div class=\"elementor-element elementor-element-51db09a5 elementor-widget elementor-widget-text-editor\" data-id=\"51db09a5\" data-element_type=\"widget\" data-widget_type=\"text-editor.default\">\n\t\t\t\t<div class=\"elementor-widget-container\">\n\t\t\t\t\t\t\t<h1>Frakt och leveranspolicy<\/h1><p>\u00a0<\/p><p><strong>Inledning<\/strong><\/p><p class=\"p1\">P\u00e5 Lumi\u00e8re \u00e4r vi fast beslutna att se till att din shoppingupplevelse \u00e4r s\u00f6ml\u00f6s och trevlig. Denna frakt- och leveranspolicy beskriver allt du beh\u00f6ver veta om hur vi levererar dina best\u00e4llningar, inklusive kostnader, tidslinjer och andra viktiga detaljer.<\/p><p>\u00a0<\/p><p class=\"p1\"><b>Destinationer f\u00f6r frakt<\/b><\/p><p class=\"p1\">Vi levererar f\u00f6r n\u00e4rvarande till alla l\u00e4nder inom <b>Europeiska unionen (EU)<\/b>.<\/p><p class=\"p1\">Tyv\u00e4rr kan vi f\u00f6r n\u00e4rvarande inte hantera best\u00e4llningar f\u00f6r leverans utanf\u00f6r EU.<\/p><p>\u00a0<\/p><p>\u00a0<\/p><p class=\"p1\"><b>Fraktkostnader<\/b><\/p><p class=\"p1\">Vi erbjuder <b>fri frakt<\/b> p\u00e5 alla best\u00e4llningar till EU-l\u00e4nder, utan krav p\u00e5 minsta orderbelopp.<\/p><p class=\"p1\">F\u00f6r standardfrakt tillkommer inga extra avgifter, oavsett orderstorlek eller destination inom EU.<\/p><p>\u00a0<\/p><p class=\"p1\"><b>Tidsramar f\u00f6r leverans<\/b><\/p><p class=\"p1\">Vi str\u00e4var efter att din best\u00e4llning ska n\u00e5 dig s\u00e5 snabbt som m\u00f6jligt. Nedan f\u00f6ljer de ber\u00e4knade leveranstiderna:<\/p><p class=\"p1\"><strong>Europeiska unionen:<\/strong> 3-7 arbetsdagar<\/p><p class=\"p1\"><b>Bearbetningstider<\/b><\/p><p class=\"p2\">- Best\u00e4llningar behandlas inom <b>1-2 arbetsdagar<\/b> efter att betalningen har bekr\u00e4ftats.<\/p><p class=\"p2\">- Best\u00e4llningar som g\u00f6rs p\u00e5 helger eller helgdagar kommer att behandlas n\u00e4sta arbetsdag.<\/p><p class=\"p4\">Observera: Leveranstiderna \u00e4r uppskattningar och kan variera p\u00e5 grund av faktorer som ligger utanf\u00f6r v\u00e5r kontroll, t.ex. tullf\u00f6rseningar eller st\u00f6rningar hos budfirman.<\/p><p>\u00a0<\/p><p class=\"p1\"><b>Sp\u00e5rning av order<\/b><\/p><p class=\"p1\">N\u00e4r din best\u00e4llning har skickats kommer du att f\u00e5 ett <b>e-post f\u00f6r leveransbekr\u00e4ftelse<\/b> med ett sp\u00e5rningsnummer. Du kan anv\u00e4nda detta sp\u00e5rningsnummer f\u00f6r att f\u00f6lja din f\u00f6rs\u00e4ndelse via kurirens webbplats.<\/p><p class=\"p1\">Om du st\u00f6ter p\u00e5 problem med sp\u00e5rningen, v\u00e4nligen kontakta oss p\u00e5 <a href=\"mailto:contact@lumierediamonds.eu\">contact@lumierediamonds.eu<\/a>, s\u00e5 hj\u00e4lper vi g\u00e4rna till.<\/p><p>\u00a0<\/p><p class=\"p1\"><b>Leveransvillkor<\/b><\/p><p class=\"p1\"><b>Framg\u00e5ngsrik leverans<\/b><\/p><p class=\"p2\">- Leveranser sker till den adress som anges i kassan.<\/p><p class=\"p2\">- Det \u00e4r kundens ansvar att se till att leveransadressen \u00e4r korrekt och tillg\u00e4nglig.<\/p><p class=\"p1\"><b>Misslyckade leveransf\u00f6rs\u00f6k<\/b><\/p><p class=\"p2\">- Om budet inte kan leverera din best\u00e4llning (t.ex. p\u00e5 grund av en felaktig adress eller of\u00f6rm\u00e5ga att komma \u00e5t fastigheten) kan de l\u00e4mna ett meddelande eller f\u00f6rs\u00f6ka leverera igen.<\/p><p class=\"p1\"><b>Borttappade eller skadade paket<\/b><\/p><p class=\"p2\">- Om din best\u00e4llning f\u00f6rsvinner eller skadas under transporten, v\u00e4nligen meddela oss omedelbart p\u00e5 <a href=\"mailto:contact@lumierediamonds.eu\">contact@lumierediamonds.eu<\/a>.<\/p><p class=\"p2\">- Vi kommer att samarbeta med kuriren f\u00f6r att l\u00f6sa problemet och, om n\u00f6dv\u00e4ndigt, ordna med en ers\u00e4ttning eller \u00e5terbetalning.<\/p><p>\u00a0<\/p><p class=\"p1\"><b>Tullar och avgifter<\/b><\/p><p class=\"p1\">Eftersom alla best\u00e4llningar skickas inom EU tillkommer inga tullavgifter eller extra skatter p\u00e5 ditt k\u00f6p.<\/p><p class=\"p1\">Om du befinner dig i ett EU-land d\u00e4r importtullar g\u00e4ller under s\u00e4rskilda omst\u00e4ndigheter (t.ex. vissa territorier), \u00e4r du ansvarig f\u00f6r att t\u00e4cka dessa kostnader.<\/p><p>\u00a0<\/p><p class=\"p1\"><b>\u00c4ndringar av leveransinformation<\/b><\/p><p class=\"p1\">Om du beh\u00f6ver uppdatera din leveransadress eller n\u00e5gon annan information, v\u00e4nligen kontakta oss omedelbart p\u00e5 <a href=\"mailto:contact@lumierediamonds.eu\">contact@lumierediamonds.eu<\/a>.<\/p><p class=\"p1\">\u00c4ndringar kan endast g\u00f6ras innan ordern skickas. N\u00e4r en order har skickats kan vi inte \u00e4ndra leveransuppgifterna.<\/p><p>\u00a0<\/p><p class=\"p1\">\u00a0<\/p><p class=\"p1\"><b>Leveransf\u00f6rseningar<\/b><\/p><p class=\"p1\">\u00c4ven om vi str\u00e4var efter att leverera din best\u00e4llning inom de ber\u00e4knade tidsramarna kan f\u00f6rseningar ibland uppst\u00e5 p\u00e5 grund av faktorer utanf\u00f6r v\u00e5r kontroll, inklusive:<\/p><p class=\"p2\">- Sv\u00e5ra v\u00e4derf\u00f6rh\u00e5llanden.<\/p><p class=\"p2\">- Problem med tullklarering.<\/p><p class=\"p2\">- St\u00f6rningar i kurirverksamheten.<\/p><p class=\"p1\">Om din leverans \u00e4r f\u00f6rsenad kommer vi att g\u00f6ra v\u00e5rt b\u00e4sta f\u00f6r att h\u00e5lla dig informerad och hj\u00e4lpa dig att sp\u00e5ra ditt paket.<\/p><p>\u00a0<\/p><p class=\"p1\"><b>Ej uth\u00e4mtade paket<\/b><\/p><p class=\"p1\">Om ett paket returneras till oss p\u00e5 grund av att det inte h\u00e4mtats ut eller att leveransadressen var felaktig, kontaktar vi dig f\u00f6r att ordna med omleverans. Eventuella ytterligare fraktkostnader som uppst\u00e5r \u00e4r kundens ansvar.<\/p><p>\u00a0<\/p><p class=\"p1\"><b>Avbest\u00e4llning av order<\/b><\/p><p class=\"p1\">Om du vill annullera din best\u00e4llning, v\u00e4nligen kontakta oss omedelbart p\u00e5 <a href=\"mailto:contact@lumierediamonds.eu\">contact@lumierediamonds.eu<\/a>.<\/p><p class=\"p2\">- Best\u00e4llningar kan endast avbokas innan de skickas.<\/p><p class=\"p2\">- Om ordern redan har skickats kan du beh\u00f6va f\u00f6lja v\u00e5r <a href=\"\/sv\/returns-refunds-policy\/\">Policy f\u00f6r returer och \u00e5terbetalningar<\/a> att returnera produkten n\u00e4r den har levererats.<\/p><p>\u00a0<\/p><p class=\"p1\"><b>Kontakta oss<\/b><\/p><p class=\"p1\">Om du har n\u00e5gra fr\u00e5gor eller funderingar om v\u00e5r frakt- och leveranspolicy, tveka inte att kontakta oss genom att bes\u00f6ka <a href=\"\/sv\/kontakta-oss\/\">v\u00e5r kontaktsida<\/a>.<\/p>\t\t\t\t\t\t<\/div>\n\t\t\t\t<\/div>\n\t\t\t\t\t<\/div>\n\t\t\t\t<\/div>\n\t\t\t\t<\/div>","protected":false},"excerpt":{"rendered":"<p>Frakt- och leveranspolicy Introduktion P\u00e5 Lumi\u00e8re \u00e4r vi fast beslutna att se till att din shoppingupplevelse \u00e4r s\u00f6ml\u00f6s och trevlig. I den h\u00e4r frakt- och leveranspolicyn beskrivs allt du beh\u00f6ver veta om hur vi levererar dina best\u00e4llningar, inklusive kostnader, tidslinjer och andra viktiga detaljer.   Fraktdestinationer Vi skickar f\u00f6r n\u00e4rvarande till alla l\u00e4nder inom [...]<\/p>","protected":false},"author":1,"featured_media":0,"parent":0,"menu_order":0,"comment_status":"closed","ping_status":"closed","template":"","meta":{"_acf_changed":false,"footnotes":""},"class_list":["post-6768","page","type-page","status-publish","hentry"],"acf":[],"jetpack_sharing_enabled":true,"_links":{"self":[{"href":"https:\/\/lumierediamonds.eu\/sv\/wp-json\/wp\/v2\/pages\/6768","targetHints":{"allow":["GET"]}}],"collection":[{"href":"https:\/\/lumierediamonds.eu\/sv\/wp-json\/wp\/v2\/pages"}],"about":[{"href":"https:\/\/lumierediamonds.eu\/sv\/wp-json\/wp\/v2\/types\/page"}],"author":[{"embeddable":true,"href":"https:\/\/lumierediamonds.eu\/sv\/wp-json\/wp\/v2\/users\/1"}],"replies":[{"embeddable":true,"href":"https:\/\/lumierediamonds.eu\/sv\/wp-json\/wp\/v2\/comments?post=6768"}],"version-history":[{"count":5,"href":"https:\/\/lumierediamonds.eu\/sv\/wp-json\/wp\/v2\/pages\/6768\/revisions"}],"predecessor-version":[{"id":7799,"href":"https:\/\/lumierediamonds.eu\/sv\/wp-json\/wp\/v2\/pages\/6768\/revisions\/7799"}],"wp:attachment":[{"href":"https:\/\/lumierediamonds.eu\/sv\/wp-json\/wp\/v2\/media?parent=6768"}],"curies":[{"name":"wp","href":"https:\/\/api.w.org\/{rel}","templated":true}]}}