{"id":10547,"date":"2025-09-18T18:23:13","date_gmt":"2025-09-18T16:23:13","guid":{"rendered":"https:\/\/lumierediamonds.eu\/?post_type=product&#038;p=10547"},"modified":"2025-11-20T18:17:21","modified_gmt":"2025-11-20T17:17:21","slug":"eterna-smaragdslipad-diamanthange","status":"publish","type":"product","link":"https:\/\/lumierediamonds.eu\/sv\/produkt\/eterna-smaragdslipad-diamanthange\/","title":{"rendered":"Eterna smaragdslipad diamanth\u00e4nge"},"content":{"rendered":"<p class=\"p1\">Enkel elegans, formad av rena linjer och tidl\u00f6st ljus.<\/p>\n<p class=\"p1\">Den <span class=\"s1\"><b>Lumi\u00e8re Smaragddiamanth\u00e4nge<\/b><\/span> har en <span class=\"s1\">laboratorieframst\u00e4lld diamant i smaragdslipning<\/span>, k\u00e4nd f\u00f6r sina spegelblanka fasetter och raffinerade symmetri. Dess skarpa geometri och diskreta glans skapar en aura av lugn sj\u00e4lvf\u00f6rtroende och modern elegans. Den h\u00e4nger i en fin guldkedja och \u00e4r f\u00e4st med en <span class=\"s1\">hummerl\u00e5s<\/span>, denna h\u00e4nge f\u00f6rkroppsligar minimalistisk lyx.<\/p>\n<p class=\"p3\"><span class=\"s2\">Finns i <\/span>18 karat gult eller vitt guld<span class=\"s2\">, och i <\/span>ditt val av karatvikt<span class=\"s2\">.<\/span><\/p>","protected":false},"excerpt":{"rendered":"<p class=\"p1\">Eterna Emerald Cut Diamond Pendant \u00e4r elegant och raffinerad och ett exempel p\u00e5 symmetri och sofistikering. Med sina rena linjer och eleganta silhuett h\u00e4nger denna bezel-infattade smaragdslipade laboratorieframst\u00e4llda diamant i en fin kabelkedja i 18 k gult eller vitt guld, efter eget val.<\/p>","protected":false},"featured_media":10808,"template":"","meta":{"_acf_changed":false},"product_brand":[],"product_cat":[552,53,759],"product_tag":[635,748,981,401,970,303,982],"class_list":{"0":"post-10547","1":"product","2":"type-product","3":"status-publish","4":"has-post-thumbnail","6":"product_cat-diamond-essentials","7":"product_cat-necklaces-pendants","8":"product_cat-pendants","9":"product_tag-18k-gold-necklace","10":"product_tag-cable-chain-necklace","11":"product_tag-elegant-pendant","12":"product_tag-luxury-necklace","13":"product_tag-minimalist-gold-pendant","14":"product_tag-solitaire-necklace","15":"product_tag-timeless-diamond-jewelry","16":"pa_metal-white-gold","17":"pa_metal-yellow-gold","19":"first","20":"instock","21":"taxable","22":"shipping-taxable","23":"purchasable","24":"product-type-variable"},"acf":[],"jetpack_sharing_enabled":true,"_links":{"self":[{"href":"https:\/\/lumierediamonds.eu\/sv\/wp-json\/wp\/v2\/product\/10547","targetHints":{"allow":["GET"]}}],"collection":[{"href":"https:\/\/lumierediamonds.eu\/sv\/wp-json\/wp\/v2\/product"}],"about":[{"href":"https:\/\/lumierediamonds.eu\/sv\/wp-json\/wp\/v2\/types\/product"}],"version-history":[{"count":5,"href":"https:\/\/lumierediamonds.eu\/sv\/wp-json\/wp\/v2\/product\/10547\/revisions"}],"predecessor-version":[{"id":11477,"href":"https:\/\/lumierediamonds.eu\/sv\/wp-json\/wp\/v2\/product\/10547\/revisions\/11477"}],"wp:featuredmedia":[{"embeddable":true,"href":"https:\/\/lumierediamonds.eu\/sv\/wp-json\/wp\/v2\/media\/10808"}],"wp:attachment":[{"href":"https:\/\/lumierediamonds.eu\/sv\/wp-json\/wp\/v2\/media?parent=10547"}],"wp:term":[{"taxonomy":"product_brand","embeddable":true,"href":"https:\/\/lumierediamonds.eu\/sv\/wp-json\/wp\/v2\/product_brand?post=10547"},{"taxonomy":"product_cat","embeddable":true,"href":"https:\/\/lumierediamonds.eu\/sv\/wp-json\/wp\/v2\/product_cat?post=10547"},{"taxonomy":"product_tag","embeddable":true,"href":"https:\/\/lumierediamonds.eu\/sv\/wp-json\/wp\/v2\/product_tag?post=10547"}],"curies":[{"name":"wp","href":"https:\/\/api.w.org\/{rel}","templated":true}]}}