{"id":10578,"date":"2025-09-18T18:23:19","date_gmt":"2025-09-18T16:23:19","guid":{"rendered":"https:\/\/lumierediamonds.eu\/?post_type=product&#038;p=10578"},"modified":"2025-11-20T18:17:28","modified_gmt":"2025-11-20T17:17:28","slug":"eterna-paronslipad-diamanthange","status":"publish","type":"product","link":"https:\/\/lumierediamonds.eu\/sv\/produkt\/eterna-paronslipad-diamanthange\/","title":{"rendered":"Eterna p\u00e4rlslipad diamanth\u00e4nge"},"content":{"rendered":"<p class=\"p1\">Tidl\u00f6s elegans, f\u00e5ngad i en enda droppe ljus.<b><\/b><\/p>\n<p class=\"p3\">Den <span class=\"s1\"><b>Lumi\u00e8re P\u00e4ronformad diamanth\u00e4nge<\/b><\/span> har en vackert skuren p\u00e4ronformad <span class=\"s1\">laboratorieframst\u00e4lld diamant<\/span>, vald f\u00f6r sin str\u00e5lande glans och eleganta silhuett. H\u00e4nger i en fin guldkedja och f\u00e4sts med en <span class=\"s1\">hummerl\u00e5s<\/span>, den f\u00f6rkroppsligar raffinerad enkelhet och best\u00e5ende sk\u00f6nhet.<\/p>\n<p class=\"p1\"><span class=\"s2\">Finns i <\/span>18 karat gult eller vitt guld<span class=\"s2\">, och i <\/span>ditt val av karatvikt<span class=\"s2\">.<\/span><\/p>","protected":false},"excerpt":{"rendered":"<p class=\"p1\">Den raffinerade och lysande Eterna Pear Cut Diamond Pendant har en briljant laboratorieframst\u00e4lld p\u00e4ronslipad diamant som h\u00e4nger i en delikat kabelkedja. Denna droppformade silhuett finns i 18 k gult eller vitt guld och med valfri karatvikt, och ger en tidl\u00f6s touch till alla smyckeskollektioner.<\/p>","protected":false},"featured_media":10877,"template":"","meta":{"_acf_changed":false},"product_brand":[],"product_cat":[552,53,759],"product_tag":[635,748,981,401,970,303,982],"class_list":{"0":"post-10578","1":"product","2":"type-product","3":"status-publish","4":"has-post-thumbnail","6":"product_cat-diamond-essentials","7":"product_cat-necklaces-pendants","8":"product_cat-pendants","9":"product_tag-18k-gold-necklace","10":"product_tag-cable-chain-necklace","11":"product_tag-elegant-pendant","12":"product_tag-luxury-necklace","13":"product_tag-minimalist-gold-pendant","14":"product_tag-solitaire-necklace","15":"product_tag-timeless-diamond-jewelry","16":"pa_metal-white-gold","17":"pa_metal-yellow-gold","19":"first","20":"instock","21":"taxable","22":"shipping-taxable","23":"purchasable","24":"product-type-variable"},"acf":[],"jetpack_sharing_enabled":true,"_links":{"self":[{"href":"https:\/\/lumierediamonds.eu\/sv\/wp-json\/wp\/v2\/product\/10578","targetHints":{"allow":["GET"]}}],"collection":[{"href":"https:\/\/lumierediamonds.eu\/sv\/wp-json\/wp\/v2\/product"}],"about":[{"href":"https:\/\/lumierediamonds.eu\/sv\/wp-json\/wp\/v2\/types\/product"}],"version-history":[{"count":7,"href":"https:\/\/lumierediamonds.eu\/sv\/wp-json\/wp\/v2\/product\/10578\/revisions"}],"predecessor-version":[{"id":11449,"href":"https:\/\/lumierediamonds.eu\/sv\/wp-json\/wp\/v2\/product\/10578\/revisions\/11449"}],"wp:featuredmedia":[{"embeddable":true,"href":"https:\/\/lumierediamonds.eu\/sv\/wp-json\/wp\/v2\/media\/10877"}],"wp:attachment":[{"href":"https:\/\/lumierediamonds.eu\/sv\/wp-json\/wp\/v2\/media?parent=10578"}],"wp:term":[{"taxonomy":"product_brand","embeddable":true,"href":"https:\/\/lumierediamonds.eu\/sv\/wp-json\/wp\/v2\/product_brand?post=10578"},{"taxonomy":"product_cat","embeddable":true,"href":"https:\/\/lumierediamonds.eu\/sv\/wp-json\/wp\/v2\/product_cat?post=10578"},{"taxonomy":"product_tag","embeddable":true,"href":"https:\/\/lumierediamonds.eu\/sv\/wp-json\/wp\/v2\/product_tag?post=10578"}],"curies":[{"name":"wp","href":"https:\/\/api.w.org\/{rel}","templated":true}]}}