{"id":10642,"date":"2025-09-30T01:07:33","date_gmt":"2025-09-29T23:07:33","guid":{"rendered":"https:\/\/lumierediamonds.eu\/product\/toi-et-moi-pear-emerald-diamond-ring\/"},"modified":"2025-12-16T20:45:01","modified_gmt":"2025-12-16T19:45:01","slug":"toi-et-moi-paronformad-smaragddiamantring","status":"publish","type":"product","link":"https:\/\/lumierediamonds.eu\/sv\/produkt\/toi-et-moi-paronformad-smaragddiamantring\/","title":{"rendered":"Toi et Moi ring med p\u00e4ron och smaragddiamant"},"content":{"rendered":"<p class=\"p1\">Toi et Moi Pear &amp; Emerald Diamond Ring \u00e4r en evig symbol f\u00f6r sammanh\u00e5llning och f\u00f6renar tv\u00e5 olika slipningar i en hisnande design. Med en 1,18 ct. p\u00e4ronslipad och 2,25 ct. smaragdslipad laboratorieframst\u00e4lld diamant \u2013 infattad i polerat 18 k vitguld \u2013 \u00e4r detta moderna arvegods en hyllning till dualitet, enhet och k\u00e4rlek. Tillverkad i LBMA-certifierat 18 karats guld och med precision i finishen \u00e4r detta statement-smycke perfekt f\u00f6r f\u00f6rlovningar, \u00e5rsdagar eller f\u00f6r att fira livets betydelsefulla \u00f6gonblick.<\/p>","protected":false},"excerpt":{"rendered":"<p>Toi et Moi Pear &amp; Emerald Diamond Ring \u00e4r en evig symbol f\u00f6r samh\u00f6righet och f\u00f6renar tv\u00e5 distinkta slipningar i en hisnande design. Med en 1,18 ct. p\u00e4ronslipad och 2,25 ct. smaragdslipad labbodlad diamant - infattad i polerat 18k vitguld - \u00e4r denna moderna arvegods en hyllning till dualitet, enhet och k\u00e4rlek.<\/p>","protected":false},"featured_media":11052,"template":"","meta":{"_acf_changed":false},"product_brand":[],"product_cat":[552,52,898],"product_tag":[680,1016,1014,679,1013,1012,1018,1011,1017,1015],"class_list":{"0":"post-10642","1":"product","2":"type-product","3":"status-publish","4":"has-post-thumbnail","6":"product_cat-diamond-essentials","7":"product_cat-rings","8":"product_cat-statement-rings","9":"product_tag-18k-gold-ring","10":"product_tag-contemporary-fine-jewelry","11":"product_tag-dual-stone-ring","12":"product_tag-lab-grown-diamond-ring-2","13":"product_tag-modern-engagement-ring","14":"product_tag-pear-and-emerald-diamond-ring","15":"product_tag-symbolic-diamond-ring","16":"product_tag-toi-et-moi-ring","17":"product_tag-two-stone-ring","18":"product_tag-white-gold-diamond-ring","19":"pa_metal-white-gold","21":"first","22":"instock","23":"taxable","24":"shipping-taxable","25":"purchasable","26":"product-type-simple"},"acf":[],"jetpack_sharing_enabled":true,"_links":{"self":[{"href":"https:\/\/lumierediamonds.eu\/sv\/wp-json\/wp\/v2\/product\/10642","targetHints":{"allow":["GET"]}}],"collection":[{"href":"https:\/\/lumierediamonds.eu\/sv\/wp-json\/wp\/v2\/product"}],"about":[{"href":"https:\/\/lumierediamonds.eu\/sv\/wp-json\/wp\/v2\/types\/product"}],"version-history":[{"count":4,"href":"https:\/\/lumierediamonds.eu\/sv\/wp-json\/wp\/v2\/product\/10642\/revisions"}],"predecessor-version":[{"id":14412,"href":"https:\/\/lumierediamonds.eu\/sv\/wp-json\/wp\/v2\/product\/10642\/revisions\/14412"}],"wp:featuredmedia":[{"embeddable":true,"href":"https:\/\/lumierediamonds.eu\/sv\/wp-json\/wp\/v2\/media\/11052"}],"wp:attachment":[{"href":"https:\/\/lumierediamonds.eu\/sv\/wp-json\/wp\/v2\/media?parent=10642"}],"wp:term":[{"taxonomy":"product_brand","embeddable":true,"href":"https:\/\/lumierediamonds.eu\/sv\/wp-json\/wp\/v2\/product_brand?post=10642"},{"taxonomy":"product_cat","embeddable":true,"href":"https:\/\/lumierediamonds.eu\/sv\/wp-json\/wp\/v2\/product_cat?post=10642"},{"taxonomy":"product_tag","embeddable":true,"href":"https:\/\/lumierediamonds.eu\/sv\/wp-json\/wp\/v2\/product_tag?post=10642"}],"curies":[{"name":"wp","href":"https:\/\/api.w.org\/{rel}","templated":true}]}}