{"id":10652,"date":"2025-09-30T01:07:38","date_gmt":"2025-09-29T23:07:38","guid":{"rendered":"https:\/\/lumierediamonds.eu\/?post_type=product&#038;p=10652"},"modified":"2025-11-23T10:43:39","modified_gmt":"2025-11-23T09:43:39","slug":"fasad-matt-guldband","status":"publish","type":"product","link":"https:\/\/lumierediamonds.eu\/sv\/produkt\/fasad-matt-guldband\/","title":{"rendered":"George Bevel matt guldband"},"content":{"rendered":"<p class=\"p1\">Modern minimalism m\u00f6ter tidl\u00f6s stil med Bevel Matte Gold Band. Med en borstad matt yta och h\u00f6gpolerade fasade kanter \u00e4r detta 6 mm breda band tillverkat f\u00f6r best\u00e5ende komfort och stil. Dess eleganta profil och subtila detaljer g\u00f6r det till det perfekta diskret smycket f\u00f6r moderna par. Tillg\u00e4ngligt i 18K gult eller vitt guld och tillverkat med LBMA-certifierade \u00e4delmetaller, lovar det best\u00e5ende kvalitet och elegant enkelhet f\u00f6r ett livsl\u00e5ngt bruk.<\/p>","protected":false},"excerpt":{"rendered":"<p class=\"p1\">Modern minimalism m\u00f6ter tidl\u00f6s stil med Bevel Matte Gold Band. Detta 6 mm band har en borstad matt finish med h\u00f6gpolerade avfasade kanter och \u00e4r tillverkat f\u00f6r best\u00e5ende komfort och stil. Den finns i 18K gult eller vitt guld och \u00e4r ett sofistikerat alternativ f\u00f6r dem som s\u00f6ker en raffinerad men \u00e4nd\u00e5 modern vigselring.<\/p>","protected":false},"featured_media":11076,"template":"","meta":{"_acf_changed":false},"product_brand":[],"product_cat":[752,553,525,52,57],"product_tag":[1038,1040,638,542,1037,815,431,1041,1039,819],"class_list":{"0":"post-10652","1":"product","2":"type-product","3":"status-publish","4":"has-post-thumbnail","6":"product_cat-gold-essentials","7":"product_cat-mens-jewelry","8":"product_cat-mens-wedding-bands","9":"product_cat-rings","10":"product_cat-wedding-bands","11":"product_tag-6mm-wedding-band","12":"product_tag-beveled-edge-band","13":"product_tag-fine-jewelry","14":"product_tag-matte-finish-ring","15":"product_tag-mens-gold-wedding-band","16":"product_tag-minimalist-ring","17":"product_tag-modern-wedding-ring","18":"product_tag-unisex-gold-band","19":"product_tag-white-gold-ring","20":"product_tag-yellow-gold-ring","21":"pa_metal-white-gold","22":"pa_metal-yellow-gold","24":"first","25":"instock","26":"taxable","27":"shipping-taxable","28":"purchasable","29":"product-type-variable"},"acf":[],"jetpack_sharing_enabled":true,"_links":{"self":[{"href":"https:\/\/lumierediamonds.eu\/sv\/wp-json\/wp\/v2\/product\/10652","targetHints":{"allow":["GET"]}}],"collection":[{"href":"https:\/\/lumierediamonds.eu\/sv\/wp-json\/wp\/v2\/product"}],"about":[{"href":"https:\/\/lumierediamonds.eu\/sv\/wp-json\/wp\/v2\/types\/product"}],"version-history":[{"count":4,"href":"https:\/\/lumierediamonds.eu\/sv\/wp-json\/wp\/v2\/product\/10652\/revisions"}],"predecessor-version":[{"id":13434,"href":"https:\/\/lumierediamonds.eu\/sv\/wp-json\/wp\/v2\/product\/10652\/revisions\/13434"}],"wp:featuredmedia":[{"embeddable":true,"href":"https:\/\/lumierediamonds.eu\/sv\/wp-json\/wp\/v2\/media\/11076"}],"wp:attachment":[{"href":"https:\/\/lumierediamonds.eu\/sv\/wp-json\/wp\/v2\/media?parent=10652"}],"wp:term":[{"taxonomy":"product_brand","embeddable":true,"href":"https:\/\/lumierediamonds.eu\/sv\/wp-json\/wp\/v2\/product_brand?post=10652"},{"taxonomy":"product_cat","embeddable":true,"href":"https:\/\/lumierediamonds.eu\/sv\/wp-json\/wp\/v2\/product_cat?post=10652"},{"taxonomy":"product_tag","embeddable":true,"href":"https:\/\/lumierediamonds.eu\/sv\/wp-json\/wp\/v2\/product_tag?post=10652"}],"curies":[{"name":"wp","href":"https:\/\/api.w.org\/{rel}","templated":true}]}}