{"id":10654,"date":"2025-09-30T01:07:39","date_gmt":"2025-09-29T23:07:39","guid":{"rendered":"https:\/\/lumierediamonds.eu\/?post_type=product&#038;p=10654"},"modified":"2025-11-13T16:48:06","modified_gmt":"2025-11-13T15:48:06","slug":"forma-matt-hamrad-vigselring-for-man","status":"publish","type":"product","link":"https:\/\/lumierediamonds.eu\/sv\/produkt\/forma-matt-hamrad-vigselring-for-man\/","title":{"rendered":"Forma matt hamrad vigselring f\u00f6r m\u00e4n"},"content":{"rendered":"<p class=\"p1\">Forma Matte Hammered Wedding Band definieras av en robust men \u00e4nd\u00e5 raffinerad estetik och har en platt silhuett med en handtexturerad finish. Tillverkad i ditt val av 18k gult, vitt eller ros\u00e9guld, ger detta 6,5 mm komfortanpassade band modernt hantverk till en tidl\u00f6s symbol f\u00f6r engagemang. Designad f\u00f6r komfort och byggd f\u00f6r att h\u00e5lla, det \u00e4r det perfekta unisexvalet f\u00f6r dem som v\u00e4rdes\u00e4tter b\u00e5de enkelhet och karakt\u00e4r.<\/p>","protected":false},"excerpt":{"rendered":"<p class=\"p1\">Forma Matte Hammered Wedding Band definieras av en robust men \u00e4nd\u00e5 raffinerad estetik och har en platt silhuett med en handtexturerad finish. Tillverkad i ditt val av 18k gult, vitt eller ros\u00e9guld, ger detta 6,5 mm komfortanpassade band modernt hantverk till en tidl\u00f6s symbol f\u00f6r engagemang.<\/p>","protected":false},"featured_media":11100,"template":"","meta":{"_acf_changed":false},"product_brand":[],"product_cat":[553,525,57],"product_tag":[1051,540,1053,1050,539,1075,278,431,1052,280],"class_list":{"0":"post-10654","1":"product","2":"type-product","3":"status-publish","4":"has-post-thumbnail","6":"product_cat-mens-jewelry","7":"product_cat-mens-wedding-bands","8":"product_cat-wedding-bands","9":"product_tag-18k-wedding-band","10":"product_tag-comfort-fit-ring","11":"product_tag-flat-gold-band","12":"product_tag-hammered-gold-ring","13":"product_tag-matte-wedding-band","14":"product_tag-mens-wedding-band","15":"product_tag-mens-wedding-ring","16":"product_tag-modern-wedding-ring","17":"product_tag-textured-gold-ring","18":"product_tag-unisex-wedding-ring","19":"pa_metal-rose-gold","20":"pa_metal-white-gold","21":"pa_metal-yellow-gold","23":"first","24":"instock","25":"taxable","26":"shipping-taxable","27":"purchasable","28":"product-type-variable"},"acf":[],"jetpack_sharing_enabled":true,"_links":{"self":[{"href":"https:\/\/lumierediamonds.eu\/sv\/wp-json\/wp\/v2\/product\/10654","targetHints":{"allow":["GET"]}}],"collection":[{"href":"https:\/\/lumierediamonds.eu\/sv\/wp-json\/wp\/v2\/product"}],"about":[{"href":"https:\/\/lumierediamonds.eu\/sv\/wp-json\/wp\/v2\/types\/product"}],"version-history":[{"count":4,"href":"https:\/\/lumierediamonds.eu\/sv\/wp-json\/wp\/v2\/product\/10654\/revisions"}],"predecessor-version":[{"id":11321,"href":"https:\/\/lumierediamonds.eu\/sv\/wp-json\/wp\/v2\/product\/10654\/revisions\/11321"}],"wp:featuredmedia":[{"embeddable":true,"href":"https:\/\/lumierediamonds.eu\/sv\/wp-json\/wp\/v2\/media\/11100"}],"wp:attachment":[{"href":"https:\/\/lumierediamonds.eu\/sv\/wp-json\/wp\/v2\/media?parent=10654"}],"wp:term":[{"taxonomy":"product_brand","embeddable":true,"href":"https:\/\/lumierediamonds.eu\/sv\/wp-json\/wp\/v2\/product_brand?post=10654"},{"taxonomy":"product_cat","embeddable":true,"href":"https:\/\/lumierediamonds.eu\/sv\/wp-json\/wp\/v2\/product_cat?post=10654"},{"taxonomy":"product_tag","embeddable":true,"href":"https:\/\/lumierediamonds.eu\/sv\/wp-json\/wp\/v2\/product_tag?post=10654"}],"curies":[{"name":"wp","href":"https:\/\/api.w.org\/{rel}","templated":true}]}}