{"id":10655,"date":"2025-09-30T01:07:39","date_gmt":"2025-09-29T23:07:39","guid":{"rendered":"https:\/\/lumierediamonds.eu\/?post_type=product&#038;p=10655"},"modified":"2025-11-23T21:04:46","modified_gmt":"2025-11-23T20:04:46","slug":"dominus-mens-diamant-evighetsring","status":"publish","type":"product","link":"https:\/\/lumierediamonds.eu\/sv\/produkt\/dominus-mens-diamant-evighetsring\/","title":{"rendered":"Dominus diamantring f\u00f6r m\u00e4n"},"content":{"rendered":"<p class=\"p1\">Dominus Diamond Eternity Ring \u00e4r en dj\u00e4rv men raffinerad, modern vigselring f\u00f6r den moderna mannen. Den \u00e4r tillverkad i 18 karats gult, vitt eller ros\u00e9guld och har r\u00e4fflade detaljer och bronserade runda laboratorieframst\u00e4llda diamanter p\u00e5 totalt 0,56 karat. Varje sten \u00e4r noggrant utvald f\u00f6r sin briljans och klarhet, vilket g\u00f6r denna ring till en perfekt blandning av styrka och elegans. Idealisk f\u00f6r brudgummar som vill ha en vigselring som v\u00e4cker uppm\u00e4rksamhet samtidigt som den hedrar traditionen.<\/p>","protected":false},"excerpt":{"rendered":"<p class=\"p1\">Dominus Diamond Eternity Ring \u00e4r en dj\u00e4rv men raffinerad, modern vigselring f\u00f6r den moderna mannen. Den \u00e4r tillverkad i 18 karats gult, vitt eller ros\u00e9guld och har r\u00e4fflade detaljer och bronserade, runda laboratorieframst\u00e4llda diamanter p\u00e5 totalt 0,56 karat. En kraftfull symbol f\u00f6r engagemang med tidl\u00f6s stil.<\/p>","protected":false},"featured_media":11119,"template":"","meta":{"_acf_changed":false},"product_brand":[],"product_cat":[553,524,525,57],"product_tag":[1019,1058,1059,1056,364,1055,278,1057,1061,1060],"class_list":{"0":"post-10655","1":"product","2":"type-product","3":"status-publish","4":"has-post-thumbnail","6":"product_cat-mens-jewelry","7":"product_cat-mens-engagement-rings","8":"product_cat-mens-wedding-bands","9":"product_cat-wedding-bands","10":"product_tag-18k-gold-wedding-band","11":"product_tag-bold-wedding-band","12":"product_tag-diamond-mens-band","13":"product_tag-eternity-wedding-band","14":"product_tag-lab-grown-diamonds","15":"product_tag-mens-diamond-ring","16":"product_tag-mens-wedding-ring","17":"product_tag-modern-mens-jewelry","18":"product_tag-stylish-mens-ring","19":"product_tag-sustainable-wedding-ring","20":"pa_metal-rose-gold","21":"pa_metal-white-gold","22":"pa_metal-yellow-gold","24":"first","25":"instock","26":"taxable","27":"shipping-taxable","28":"purchasable","29":"product-type-variable"},"acf":[],"jetpack_sharing_enabled":true,"_links":{"self":[{"href":"https:\/\/lumierediamonds.eu\/sv\/wp-json\/wp\/v2\/product\/10655","targetHints":{"allow":["GET"]}}],"collection":[{"href":"https:\/\/lumierediamonds.eu\/sv\/wp-json\/wp\/v2\/product"}],"about":[{"href":"https:\/\/lumierediamonds.eu\/sv\/wp-json\/wp\/v2\/types\/product"}],"version-history":[{"count":4,"href":"https:\/\/lumierediamonds.eu\/sv\/wp-json\/wp\/v2\/product\/10655\/revisions"}],"predecessor-version":[{"id":11322,"href":"https:\/\/lumierediamonds.eu\/sv\/wp-json\/wp\/v2\/product\/10655\/revisions\/11322"}],"wp:featuredmedia":[{"embeddable":true,"href":"https:\/\/lumierediamonds.eu\/sv\/wp-json\/wp\/v2\/media\/11119"}],"wp:attachment":[{"href":"https:\/\/lumierediamonds.eu\/sv\/wp-json\/wp\/v2\/media?parent=10655"}],"wp:term":[{"taxonomy":"product_brand","embeddable":true,"href":"https:\/\/lumierediamonds.eu\/sv\/wp-json\/wp\/v2\/product_brand?post=10655"},{"taxonomy":"product_cat","embeddable":true,"href":"https:\/\/lumierediamonds.eu\/sv\/wp-json\/wp\/v2\/product_cat?post=10655"},{"taxonomy":"product_tag","embeddable":true,"href":"https:\/\/lumierediamonds.eu\/sv\/wp-json\/wp\/v2\/product_tag?post=10655"}],"curies":[{"name":"wp","href":"https:\/\/api.w.org\/{rel}","templated":true}]}}