{"id":10656,"date":"2025-09-30T01:07:39","date_gmt":"2025-09-29T23:07:39","guid":{"rendered":"https:\/\/lumierediamonds.eu\/?post_type=product&#038;p=10656"},"modified":"2025-11-23T21:04:39","modified_gmt":"2025-11-23T20:04:39","slug":"bruno-borstad-inlaggning-herrbrollopsring","status":"publish","type":"product","link":"https:\/\/lumierediamonds.eu\/sv\/produkt\/bruno-borstad-inlaggning-herrbrollopsring\/","title":{"rendered":"Bruno borstad inl\u00e4ggning herrbr\u00f6llopsring"},"content":{"rendered":"<p class=\"p1\">Med sin polerade profil och satinering ger Bruno Brushed Inlay Wedding Band en subtil kontrast till en tidl\u00f6s silhuett. Den \u00e4r designad med en bekv\u00e4m insida och rundade kanter, vilket ger varaktig komfort f\u00f6r daglig anv\u00e4ndning. V\u00e4lj mellan 18 k gult, vitt eller ros\u00e9guld i bredder fr\u00e5n 4 mm till 6 mm f\u00f6r att passa din personliga stil. Ett minimalistiskt uttryck f\u00f6r raffinerat engagemang.<\/p>","protected":false},"excerpt":{"rendered":"<p class=\"p1\">Med sin polerade profil och satininl\u00e4gg ger Bruno Brushed Inlay Wedding Band en subtil kontrast till en tidl\u00f6s silhuett. Tillverkad i ditt val av 18k gult, vitt eller ros\u00e9guld och tillg\u00e4nglig i bredder fr\u00e5n 4 mm till 6 mm, \u00e4r det ett m\u00e5ngsidigt och elegant val f\u00f6r vardagsbruk eller din speciella dag.<\/p>","protected":false},"featured_media":11228,"template":"","meta":{"_acf_changed":false},"product_brand":[],"product_cat":[553,525,52,57],"product_tag":[1044,1074,1077,699,384,1075,278,696,1076],"class_list":{"0":"post-10656","1":"product","2":"type-product","3":"status-publish","4":"has-post-thumbnail","6":"product_cat-mens-jewelry","7":"product_cat-mens-wedding-bands","8":"product_cat-rings","9":"product_cat-wedding-bands","10":"product_tag-18k-gold-wedding-ring","11":"product_tag-brushed-gold-band","12":"product_tag-comfort-fit-wedding-ring","13":"product_tag-everyday-ring","14":"product_tag-gold-wedding-band","15":"product_tag-mens-wedding-band","16":"product_tag-mens-wedding-ring","17":"product_tag-minimalist-gold-ring","18":"product_tag-satin-finish-band","19":"pa_metal-rose-gold","20":"pa_metal-white-gold","21":"pa_metal-yellow-gold","23":"first","24":"instock","25":"taxable","26":"shipping-taxable","27":"purchasable","28":"product-type-variable"},"acf":[],"jetpack_sharing_enabled":true,"_links":{"self":[{"href":"https:\/\/lumierediamonds.eu\/sv\/wp-json\/wp\/v2\/product\/10656","targetHints":{"allow":["GET"]}}],"collection":[{"href":"https:\/\/lumierediamonds.eu\/sv\/wp-json\/wp\/v2\/product"}],"about":[{"href":"https:\/\/lumierediamonds.eu\/sv\/wp-json\/wp\/v2\/types\/product"}],"version-history":[{"count":4,"href":"https:\/\/lumierediamonds.eu\/sv\/wp-json\/wp\/v2\/product\/10656\/revisions"}],"predecessor-version":[{"id":11329,"href":"https:\/\/lumierediamonds.eu\/sv\/wp-json\/wp\/v2\/product\/10656\/revisions\/11329"}],"wp:featuredmedia":[{"embeddable":true,"href":"https:\/\/lumierediamonds.eu\/sv\/wp-json\/wp\/v2\/media\/11228"}],"wp:attachment":[{"href":"https:\/\/lumierediamonds.eu\/sv\/wp-json\/wp\/v2\/media?parent=10656"}],"wp:term":[{"taxonomy":"product_brand","embeddable":true,"href":"https:\/\/lumierediamonds.eu\/sv\/wp-json\/wp\/v2\/product_brand?post=10656"},{"taxonomy":"product_cat","embeddable":true,"href":"https:\/\/lumierediamonds.eu\/sv\/wp-json\/wp\/v2\/product_cat?post=10656"},{"taxonomy":"product_tag","embeddable":true,"href":"https:\/\/lumierediamonds.eu\/sv\/wp-json\/wp\/v2\/product_tag?post=10656"}],"curies":[{"name":"wp","href":"https:\/\/api.w.org\/{rel}","templated":true}]}}