{"id":13324,"date":"2025-11-20T11:25:29","date_gmt":"2025-11-20T10:25:29","guid":{"rendered":"https:\/\/lumierediamonds.eu\/?post_type=product&#038;p=13324"},"modified":"2025-11-20T19:48:09","modified_gmt":"2025-11-20T18:48:09","slug":"solstice-graderat-diamanthalsband","status":"publish","type":"product","link":"https:\/\/lumierediamonds.eu\/sv\/produkt\/solstice-graderat-diamanthalsband\/","title":{"rendered":"Solstice graderat diamanthalsband"},"content":{"rendered":"<p>Solstice Graduated Diamond Necklace \u00e4r en symfoni av briljans med handplockade laboratorieframst\u00e4llda diamanter i en elegant graderad silhuett. Varje rund briljantslipad diamant \u00e4r infattad i LBMA-certifierat 18 k gult eller vitt guld och matchas efter f\u00e4rg, klarhet och proportioner, s\u00e5 att de flyter s\u00f6ml\u00f6st in i varandra f\u00f6r en harmonisk uppvisning av eld och ljus. Detta halsband i evighetsstil \u00e4r f\u00f6rsett med ett l\u00e5s och tillverkat f\u00f6r b\u00e5de komfort och effekt. Det \u00e4r ett arv i vardande \u2013 tidl\u00f6st, sl\u00e5ende och h\u00e5llbart.<\/p>","protected":false},"excerpt":{"rendered":"<p>Solstice Graduated Diamond Necklace \u00e4r en symfoni av briljans med handplockade laboratorieframst\u00e4llda diamanter i en elegant graderad silhuett. Halsbandet \u00e4r tillverkat i 18 karats guld och ger ett lysande intryck med sina eleganta proportioner \u2013 perfekt f\u00f6r festliga tillf\u00e4llen eller vardagslyx.<\/p>","protected":false},"featured_media":11900,"template":"","meta":{"_acf_changed":false},"product_brand":[],"product_cat":[552,1163,53],"product_tag":[635,1165,638,1164,386,390,1103],"class_list":{"0":"post-13324","1":"product","2":"type-product","3":"status-publish","4":"has-post-thumbnail","6":"product_cat-diamond-essentials","7":"product_cat-diamond-necklaces","8":"product_cat-necklaces-pendants","9":"product_tag-18k-gold-necklace","10":"product_tag-eternity-diamond-necklace","11":"product_tag-fine-jewelry","12":"product_tag-graduated-diamond-necklace","13":"product_tag-lab-grown-diamond-necklace","14":"product_tag-statement-necklace","15":"product_tag-sustainable-luxury","16":"pa_metal-white-gold","17":"pa_metal-yellow-gold","19":"first","20":"instock","21":"featured","22":"taxable","23":"shipping-taxable","24":"purchasable","25":"product-type-variable"},"acf":[],"jetpack_sharing_enabled":true,"_links":{"self":[{"href":"https:\/\/lumierediamonds.eu\/sv\/wp-json\/wp\/v2\/product\/13324","targetHints":{"allow":["GET"]}}],"collection":[{"href":"https:\/\/lumierediamonds.eu\/sv\/wp-json\/wp\/v2\/product"}],"about":[{"href":"https:\/\/lumierediamonds.eu\/sv\/wp-json\/wp\/v2\/types\/product"}],"version-history":[{"count":2,"href":"https:\/\/lumierediamonds.eu\/sv\/wp-json\/wp\/v2\/product\/13324\/revisions"}],"predecessor-version":[{"id":13341,"href":"https:\/\/lumierediamonds.eu\/sv\/wp-json\/wp\/v2\/product\/13324\/revisions\/13341"}],"wp:featuredmedia":[{"embeddable":true,"href":"https:\/\/lumierediamonds.eu\/sv\/wp-json\/wp\/v2\/media\/11900"}],"wp:attachment":[{"href":"https:\/\/lumierediamonds.eu\/sv\/wp-json\/wp\/v2\/media?parent=13324"}],"wp:term":[{"taxonomy":"product_brand","embeddable":true,"href":"https:\/\/lumierediamonds.eu\/sv\/wp-json\/wp\/v2\/product_brand?post=13324"},{"taxonomy":"product_cat","embeddable":true,"href":"https:\/\/lumierediamonds.eu\/sv\/wp-json\/wp\/v2\/product_cat?post=13324"},{"taxonomy":"product_tag","embeddable":true,"href":"https:\/\/lumierediamonds.eu\/sv\/wp-json\/wp\/v2\/product_tag?post=13324"}],"curies":[{"name":"wp","href":"https:\/\/api.w.org\/{rel}","templated":true}]}}