{"id":13381,"date":"2025-11-21T01:59:06","date_gmt":"2025-11-21T00:59:06","guid":{"rendered":"https:\/\/lumierediamonds.eu\/product\/eden-blossom-diamond-studs\/"},"modified":"2025-11-21T02:17:35","modified_gmt":"2025-11-21T01:17:35","slug":"eden-blossom-diamantorhangen","status":"publish","type":"product","link":"https:\/\/lumierediamonds.eu\/sv\/produkt\/eden-blossom-diamantorhangen\/","title":{"rendered":"Eden Blossom diamant\u00f6rh\u00e4ngen"},"content":{"rendered":"<p>Eden Blossom Diamond Studs \u00e4r eleganta och str\u00e5lande \u00f6rh\u00e4ngen med laboratorieframst\u00e4llda runda diamanter arrangerade i en blommig silhuett. Med tio diamanter per par och en total karatvikt p\u00e5 0,5 ct. skapar de en perfekt balans mellan delikat charm och raffinerad lyx. Dessa eleganta \u00f6rh\u00e4ngen \u00e4r tillverkade i LBMA-certifierat 18 k gult, vitt eller ros\u00e9guld och har friktionsl\u00e5s. De lyfter b\u00e5de dag- och kv\u00e4llskl\u00e4dseln med l\u00e4tthet.<\/p>","protected":false},"excerpt":{"rendered":"<p>Eden Blossom Diamond Studs \u00e4r eleganta och str\u00e5lande \u00f6rh\u00e4ngen med laboratorieframst\u00e4llda runda diamanter arrangerade i en blommig silhuett. Dessa delikata \u00f6rh\u00e4ngen \u00e4r infattade i polerat 18 k guld och ger en raffinerad glans till b\u00e5de vardags- och festkl\u00e4der.<\/p>","protected":false},"featured_media":11776,"template":"","meta":{"_acf_changed":false},"product_brand":[],"product_cat":[552,54,1140,760],"product_tag":[765,1235,1234,366,1237,1238,364,1236],"class_list":{"0":"post-13381","1":"product","2":"type-product","3":"status-publish","4":"has-post-thumbnail","6":"product_cat-diamond-essentials","7":"product_cat-earrings","8":"product_cat-gifts-under-1000-euro","9":"product_cat-stud-earrings","10":"product_tag-18k-gold-earrings","11":"product_tag-blossom-earrings","12":"product_tag-diamond-floral-studs","13":"product_tag-everyday-luxury","14":"product_tag-fine-jewelry-studs","15":"product_tag-gold-floral-studs","16":"product_tag-lab-grown-diamonds","17":"product_tag-petite-diamond-earrings","18":"pa_metal-rose-gold","19":"pa_metal-white-gold","20":"pa_metal-yellow-gold","22":"first","23":"instock","24":"taxable","25":"shipping-taxable","26":"purchasable","27":"product-type-variable"},"acf":[],"jetpack_sharing_enabled":true,"_links":{"self":[{"href":"https:\/\/lumierediamonds.eu\/sv\/wp-json\/wp\/v2\/product\/13381","targetHints":{"allow":["GET"]}}],"collection":[{"href":"https:\/\/lumierediamonds.eu\/sv\/wp-json\/wp\/v2\/product"}],"about":[{"href":"https:\/\/lumierediamonds.eu\/sv\/wp-json\/wp\/v2\/types\/product"}],"version-history":[{"count":1,"href":"https:\/\/lumierediamonds.eu\/sv\/wp-json\/wp\/v2\/product\/13381\/revisions"}],"predecessor-version":[{"id":13386,"href":"https:\/\/lumierediamonds.eu\/sv\/wp-json\/wp\/v2\/product\/13381\/revisions\/13386"}],"wp:featuredmedia":[{"embeddable":true,"href":"https:\/\/lumierediamonds.eu\/sv\/wp-json\/wp\/v2\/media\/11776"}],"wp:attachment":[{"href":"https:\/\/lumierediamonds.eu\/sv\/wp-json\/wp\/v2\/media?parent=13381"}],"wp:term":[{"taxonomy":"product_brand","embeddable":true,"href":"https:\/\/lumierediamonds.eu\/sv\/wp-json\/wp\/v2\/product_brand?post=13381"},{"taxonomy":"product_cat","embeddable":true,"href":"https:\/\/lumierediamonds.eu\/sv\/wp-json\/wp\/v2\/product_cat?post=13381"},{"taxonomy":"product_tag","embeddable":true,"href":"https:\/\/lumierediamonds.eu\/sv\/wp-json\/wp\/v2\/product_tag?post=13381"}],"curies":[{"name":"wp","href":"https:\/\/api.w.org\/{rel}","templated":true}]}}