{"id":13393,"date":"2025-11-21T02:23:03","date_gmt":"2025-11-21T01:23:03","guid":{"rendered":"https:\/\/lumierediamonds.eu\/?post_type=product&#038;p=13393"},"modified":"2026-04-22T15:57:01","modified_gmt":"2026-04-22T13:57:01","slug":"harmony-twist-diamant-forlovningsring","status":"publish","type":"product","link":"https:\/\/lumierediamonds.eu\/sv\/produkt\/harmony-twist-diamant-forlovningsring\/","title":{"rendered":"Harmony Twist diamantf\u00f6rlovningsring"},"content":{"rendered":"<p>Ett graci\u00f6st uttryck f\u00f6r samh\u00f6righet.<br \/>\nHarmony Twist Round Diamond Engagement Ring har tv\u00e5 sammanfl\u00e4tade tr\u00e5dar som m\u00f6ts i ett mjukt skulpterat pav\u00e9band, vilket skapar en design full av r\u00f6relse, ljus och balans. Centrerad med en rund briljant diamant, som tillf\u00f6r tidl\u00f6s gnistrande och balanserad briljans, drar infattningen \u00f6gat naturligt mot stenen samtidigt som den tillf\u00f6r delikat skimmer fr\u00e5n alla vinklar.<\/p>\n<p>Denna design \u00e4r tillverkad i 18k gult, vitt eller ros\u00e9guld och finns tillg\u00e4nglig i ditt val av karatvikt fr\u00e5n 0,30 till 3 ct. Romantisk men \u00e4nd\u00e5 modern, Harmony ger mjukhet, symbolik och enkel elegans till en klassisk f\u00f6rlovningsring.<\/p>","protected":false},"excerpt":{"rendered":"<p class=\"p1\">Harmony Twist Round Diamond f\u00f6rlovningsring har tv\u00e5 sammanfl\u00e4tade tr\u00e5dar som flyter in i ett mjukt skulpterat pav\u00e9band, centrerat av en rund briljant diamant. Den \u00e4r tillverkad i 18k gult, vitt eller ros\u00e9guld och finns tillg\u00e4nglig fr\u00e5n 0,30 till 3 ct, och erbjuder en graci\u00f6s balans mellan symbolik, gnistrande och modern romantik.<\/p>","protected":false},"featured_media":13820,"template":"","meta":{"_acf_changed":false},"product_brand":[],"product_cat":[552,24,52],"product_tag":[680,1257,1258,1255,1097,1013,1254,1256,586,1253],"class_list":{"0":"post-13393","1":"product","2":"type-product","3":"status-publish","4":"has-post-thumbnail","6":"product_cat-diamond-essentials","7":"product_cat-engagement-rings","8":"product_cat-rings","9":"product_tag-18k-gold-ring","10":"product_tag-customizable-engagement-ring","11":"product_tag-ethical-diamond-ring","12":"product_tag-intertwining-band","13":"product_tag-lab-grown-diamond-2","14":"product_tag-modern-engagement-ring","15":"product_tag-pave-engagement-ring","16":"product_tag-romantic-ring-design","17":"product_tag-sustainable-fine-jewelry","18":"product_tag-twist-engagement-ring","19":"pa_metal-rose-gold","20":"pa_metal-white-gold","21":"pa_metal-yellow-gold","23":"first","24":"instock","25":"taxable","26":"shipping-taxable","27":"purchasable","28":"product-type-variable"},"acf":[],"jetpack_sharing_enabled":true,"_links":{"self":[{"href":"https:\/\/lumierediamonds.eu\/sv\/wp-json\/wp\/v2\/product\/13393","targetHints":{"allow":["GET"]}}],"collection":[{"href":"https:\/\/lumierediamonds.eu\/sv\/wp-json\/wp\/v2\/product"}],"about":[{"href":"https:\/\/lumierediamonds.eu\/sv\/wp-json\/wp\/v2\/types\/product"}],"version-history":[{"count":4,"href":"https:\/\/lumierediamonds.eu\/sv\/wp-json\/wp\/v2\/product\/13393\/revisions"}],"predecessor-version":[{"id":28157,"href":"https:\/\/lumierediamonds.eu\/sv\/wp-json\/wp\/v2\/product\/13393\/revisions\/28157"}],"wp:featuredmedia":[{"embeddable":true,"href":"https:\/\/lumierediamonds.eu\/sv\/wp-json\/wp\/v2\/media\/13820"}],"wp:attachment":[{"href":"https:\/\/lumierediamonds.eu\/sv\/wp-json\/wp\/v2\/media?parent=13393"}],"wp:term":[{"taxonomy":"product_brand","embeddable":true,"href":"https:\/\/lumierediamonds.eu\/sv\/wp-json\/wp\/v2\/product_brand?post=13393"},{"taxonomy":"product_cat","embeddable":true,"href":"https:\/\/lumierediamonds.eu\/sv\/wp-json\/wp\/v2\/product_cat?post=13393"},{"taxonomy":"product_tag","embeddable":true,"href":"https:\/\/lumierediamonds.eu\/sv\/wp-json\/wp\/v2\/product_tag?post=13393"}],"curies":[{"name":"wp","href":"https:\/\/api.w.org\/{rel}","templated":true}]}}