{"id":13394,"date":"2025-11-21T02:23:04","date_gmt":"2025-11-21T01:23:04","guid":{"rendered":"https:\/\/lumierediamonds.eu\/product\/veritas-oval-diamond-eternity-hoops\/"},"modified":"2025-12-04T14:36:27","modified_gmt":"2025-12-04T13:36:27","slug":"veritas-ovala-diamantorhangen","status":"publish","type":"product","link":"https:\/\/lumierediamonds.eu\/sv\/produkt\/veritas-ovala-diamantorhangen\/","title":{"rendered":"Veritas Oval Diamond Eternity Hoops"},"content":{"rendered":"<p>Veritas Oval Diamond Eternity Hoops \u00e4r tillverkade med precision och m\u00e5lmedvetenhet och f\u00f6rkroppsligar v\u00e5rt engagemang f\u00f6r sanning och tidl\u00f6s stil. Varje ring \u00e4r f\u00f6rsedd med en kontinuerlig rad av laboratorieframst\u00e4llda ovalformade diamanter, infattade med klor f\u00f6r maximal glans. De finns i LBMA-certifierat 18 karats gult eller vitt guld och \u00e4r utformade f\u00f6r att sprida glans i alla riktningar \u2013 perfekta att b\u00e4ra b\u00e5de dag och kv\u00e4ll.<\/p>","protected":false},"excerpt":{"rendered":"<p>Veritas Oval Diamond Eternity Hoops \u00e4r en raffinerad cirkel av briljans med klorinfattade, laboratorieframst\u00e4llda diamanter i oval slipning i en elegant, kontinuerlig slinga. Dessa \u00f6rringar finns i 18 k gult eller vitt guld och hyllar integritet, elegans och tidl\u00f6s glans.<\/p>","protected":false},"featured_media":11925,"template":"","meta":{"_acf_changed":false},"product_brand":[],"product_cat":[552,54,762],"product_tag":[765,783,1247,1245,1249,1244,1248,1246],"class_list":{"0":"post-13394","1":"product","2":"type-product","3":"status-publish","4":"has-post-thumbnail","6":"product_cat-diamond-essentials","7":"product_cat-earrings","8":"product_cat-hoop-earrings","9":"product_tag-18k-gold-earrings","10":"product_tag-diamond-hoop-earrings","11":"product_tag-fine-diamond-earrings","12":"product_tag-lab-grown-diamond-hoops","13":"product_tag-modern-luxury-jewelry","14":"product_tag-oval-cut-eternity-hoops","15":"product_tag-statement-hoops","16":"product_tag-veritas-collection","17":"pa_metal-white-gold","18":"pa_metal-yellow-gold","20":"first","21":"instock","22":"taxable","23":"shipping-taxable","24":"purchasable","25":"product-type-variable"},"acf":[],"jetpack_sharing_enabled":true,"_links":{"self":[{"href":"https:\/\/lumierediamonds.eu\/sv\/wp-json\/wp\/v2\/product\/13394","targetHints":{"allow":["GET"]}}],"collection":[{"href":"https:\/\/lumierediamonds.eu\/sv\/wp-json\/wp\/v2\/product"}],"about":[{"href":"https:\/\/lumierediamonds.eu\/sv\/wp-json\/wp\/v2\/types\/product"}],"version-history":[{"count":3,"href":"https:\/\/lumierediamonds.eu\/sv\/wp-json\/wp\/v2\/product\/13394\/revisions"}],"predecessor-version":[{"id":13880,"href":"https:\/\/lumierediamonds.eu\/sv\/wp-json\/wp\/v2\/product\/13394\/revisions\/13880"}],"wp:featuredmedia":[{"embeddable":true,"href":"https:\/\/lumierediamonds.eu\/sv\/wp-json\/wp\/v2\/media\/11925"}],"wp:attachment":[{"href":"https:\/\/lumierediamonds.eu\/sv\/wp-json\/wp\/v2\/media?parent=13394"}],"wp:term":[{"taxonomy":"product_brand","embeddable":true,"href":"https:\/\/lumierediamonds.eu\/sv\/wp-json\/wp\/v2\/product_brand?post=13394"},{"taxonomy":"product_cat","embeddable":true,"href":"https:\/\/lumierediamonds.eu\/sv\/wp-json\/wp\/v2\/product_cat?post=13394"},{"taxonomy":"product_tag","embeddable":true,"href":"https:\/\/lumierediamonds.eu\/sv\/wp-json\/wp\/v2\/product_tag?post=13394"}],"curies":[{"name":"wp","href":"https:\/\/api.w.org\/{rel}","templated":true}]}}