{"id":13948,"date":"2025-12-04T15:35:06","date_gmt":"2025-12-04T14:35:06","guid":{"rendered":"https:\/\/lumierediamonds.eu\/?post_type=product&#038;p=13948"},"modified":"2025-12-04T15:47:46","modified_gmt":"2025-12-04T14:47:46","slug":"eterna-marquise-slipad-diamanthange","status":"publish","type":"product","link":"https:\/\/lumierediamonds.eu\/sv\/produkt\/eterna-marquise-slipad-diamanthange\/","title":{"rendered":"Eterna Marquise Cut Diamond Pendant"},"content":{"rendered":"<p class=\"p1\">Elegant utstr\u00e5lning, f\u00e5ngad i perfekt symmetri.<\/p>\n<p class=\"p1\">Den <span class=\"s1\"><b>Lumi\u00e8re Marquise diamanth\u00e4nge<\/b><\/span> har en <span class=\"s1\">laboratorieframst\u00e4lld oval slipad diamant<\/span>, beundrad f\u00f6r sin l\u00e5ngstr\u00e4ckta form och mjuka glans som smickrar varje halsringning. Dess facetterade kurvor reflekterar ljuset med en naturlig flytande r\u00f6relse och skapar en k\u00e4nsla av v\u00e4rme och r\u00f6relse. Den h\u00e4nger i en fin guldkedja och \u00e4r f\u00e4st med en <span class=\"s1\">hummerl\u00e5s<\/span>, denna h\u00e4nge ger raffinerad enkelhet till vardagens elegans.<\/p>\n<p class=\"p3\"><span class=\"s2\">Finns i <\/span>18 karat gult eller vitt guld<span class=\"s2\">, och i <\/span>ditt val av karatvikt<span class=\"s2\">.<\/span><\/p>","protected":false},"excerpt":{"rendered":"<p class=\"p1\">Eterna Oval Cut Diamond Pendant utstr\u00e5lar tidl\u00f6s elegans med sin l\u00e5ngstr\u00e4ckta silhuett och minimalistiska infattning. Detta raffinerade h\u00e4nge h\u00e4nger i en fin kedja i 18K guld och finns i sju olika karatvikter och tv\u00e5 guldf\u00e4rger \u2013 perfekt b\u00e5de att b\u00e4ra ensamt eller i lager.<\/p>","protected":false},"featured_media":10910,"template":"","meta":{"_acf_changed":false},"product_brand":[],"product_cat":[552,53,759],"product_tag":[635,748,981,401,970,303,982],"class_list":{"0":"post-13948","1":"product","2":"type-product","3":"status-publish","4":"has-post-thumbnail","6":"product_cat-diamond-essentials","7":"product_cat-necklaces-pendants","8":"product_cat-pendants","9":"product_tag-18k-gold-necklace","10":"product_tag-cable-chain-necklace","11":"product_tag-elegant-pendant","12":"product_tag-luxury-necklace","13":"product_tag-minimalist-gold-pendant","14":"product_tag-solitaire-necklace","15":"product_tag-timeless-diamond-jewelry","16":"pa_metal-white-gold","17":"pa_metal-yellow-gold","19":"first","20":"instock","21":"taxable","22":"shipping-taxable","23":"purchasable","24":"product-type-variable"},"acf":[],"jetpack_sharing_enabled":true,"_links":{"self":[{"href":"https:\/\/lumierediamonds.eu\/sv\/wp-json\/wp\/v2\/product\/13948","targetHints":{"allow":["GET"]}}],"collection":[{"href":"https:\/\/lumierediamonds.eu\/sv\/wp-json\/wp\/v2\/product"}],"about":[{"href":"https:\/\/lumierediamonds.eu\/sv\/wp-json\/wp\/v2\/types\/product"}],"version-history":[{"count":1,"href":"https:\/\/lumierediamonds.eu\/sv\/wp-json\/wp\/v2\/product\/13948\/revisions"}],"predecessor-version":[{"id":13963,"href":"https:\/\/lumierediamonds.eu\/sv\/wp-json\/wp\/v2\/product\/13948\/revisions\/13963"}],"wp:featuredmedia":[{"embeddable":true,"href":"https:\/\/lumierediamonds.eu\/sv\/wp-json\/wp\/v2\/media\/10910"}],"wp:attachment":[{"href":"https:\/\/lumierediamonds.eu\/sv\/wp-json\/wp\/v2\/media?parent=13948"}],"wp:term":[{"taxonomy":"product_brand","embeddable":true,"href":"https:\/\/lumierediamonds.eu\/sv\/wp-json\/wp\/v2\/product_brand?post=13948"},{"taxonomy":"product_cat","embeddable":true,"href":"https:\/\/lumierediamonds.eu\/sv\/wp-json\/wp\/v2\/product_cat?post=13948"},{"taxonomy":"product_tag","embeddable":true,"href":"https:\/\/lumierediamonds.eu\/sv\/wp-json\/wp\/v2\/product_tag?post=13948"}],"curies":[{"name":"wp","href":"https:\/\/api.w.org\/{rel}","templated":true}]}}