{"id":13966,"date":"2025-12-04T16:40:34","date_gmt":"2025-12-04T15:40:34","guid":{"rendered":"https:\/\/lumierediamonds.eu\/product\/clara-diamond-pendant\/"},"modified":"2025-12-04T16:49:04","modified_gmt":"2025-12-04T15:49:04","slug":"clara-diamanthange","status":"publish","type":"product","link":"https:\/\/lumierediamonds.eu\/sv\/produkt\/clara-diamanthange\/","title":{"rendered":"Clara diamanth\u00e4nge"},"content":{"rendered":"<p>Clara Diamond Pendant har tre runda laboratorieframst\u00e4llda diamanter i olika storlekar, upph\u00e4ngda vertikalt p\u00e5 en fin kedja i 18 karats guld, tillg\u00e4nglig i gult, vitt eller ros\u00e9guld. Med en total vikt p\u00e5 1,00 karat \u00e4r varje sten infattad med klor f\u00f6r att ge maximalt ljusspel.<\/p>\n<p>En tidl\u00f6s silhuett med eleganta proportioner. Tillr\u00e4ckligt raffinerad f\u00f6r vardagsbruk, tillr\u00e4ckligt sl\u00e5ende f\u00f6r kv\u00e4llen.<\/p>","protected":false},"excerpt":{"rendered":"<p>Clara Diamond Pendant har tre runda laboratorieframst\u00e4llda diamanter i olika storlekar, upph\u00e4ngda vertikalt p\u00e5 en fin kedja i 18 karats guld, tillg\u00e4nglig i gult, vitt eller ros\u00e9guld. Med en total vikt p\u00e5 1,00 karat \u00e4r varje sten infattad med klor f\u00f6r att ge maximalt ljusspel.<\/p>","protected":false},"featured_media":13994,"template":"","meta":{"_acf_changed":false},"product_brand":[],"product_cat":[53,552,759],"product_tag":[],"class_list":{"0":"post-13966","1":"product","2":"type-product","3":"status-publish","4":"has-post-thumbnail","6":"product_cat-necklaces-pendants","7":"product_cat-diamond-essentials","8":"product_cat-pendants","9":"pa_metal-yellow-gold","11":"first","12":"instock","13":"taxable","14":"shipping-taxable","15":"purchasable","16":"product-type-simple"},"acf":[],"jetpack_sharing_enabled":true,"_links":{"self":[{"href":"https:\/\/lumierediamonds.eu\/sv\/wp-json\/wp\/v2\/product\/13966","targetHints":{"allow":["GET"]}}],"collection":[{"href":"https:\/\/lumierediamonds.eu\/sv\/wp-json\/wp\/v2\/product"}],"about":[{"href":"https:\/\/lumierediamonds.eu\/sv\/wp-json\/wp\/v2\/types\/product"}],"version-history":[{"count":2,"href":"https:\/\/lumierediamonds.eu\/sv\/wp-json\/wp\/v2\/product\/13966\/revisions"}],"predecessor-version":[{"id":14004,"href":"https:\/\/lumierediamonds.eu\/sv\/wp-json\/wp\/v2\/product\/13966\/revisions\/14004"}],"wp:featuredmedia":[{"embeddable":true,"href":"https:\/\/lumierediamonds.eu\/sv\/wp-json\/wp\/v2\/media\/13994"}],"wp:attachment":[{"href":"https:\/\/lumierediamonds.eu\/sv\/wp-json\/wp\/v2\/media?parent=13966"}],"wp:term":[{"taxonomy":"product_brand","embeddable":true,"href":"https:\/\/lumierediamonds.eu\/sv\/wp-json\/wp\/v2\/product_brand?post=13966"},{"taxonomy":"product_cat","embeddable":true,"href":"https:\/\/lumierediamonds.eu\/sv\/wp-json\/wp\/v2\/product_cat?post=13966"},{"taxonomy":"product_tag","embeddable":true,"href":"https:\/\/lumierediamonds.eu\/sv\/wp-json\/wp\/v2\/product_tag?post=13966"}],"curies":[{"name":"wp","href":"https:\/\/api.w.org\/{rel}","templated":true}]}}