{"id":13967,"date":"2025-12-04T16:40:35","date_gmt":"2025-12-04T15:40:35","guid":{"rendered":"https:\/\/lumierediamonds.eu\/product\/sonata-channel-set-engagement-ring\/"},"modified":"2025-12-04T18:27:26","modified_gmt":"2025-12-04T17:27:26","slug":"sonata-kanal-infattad-forlovningsring","status":"publish","type":"product","link":"https:\/\/lumierediamonds.eu\/sv\/produkt\/sonata-kanal-infattad-forlovningsring\/","title":{"rendered":"Sonata Channel-Set f\u00f6rlovningsring"},"content":{"rendered":"<p>Ett elegant band med \u00e5tta runda diamanter flankerar mittstenen i Sonata-f\u00f6rlovningsringen och drar blicken till sig med sin subtila briljans. Ringen \u00e4r tillverkad i 18 karats gult, vitt eller ros\u00e9guld, efter eget val, och dess mjukt avsmalnande silhuett accentuerar den mittsten du v\u00e4ljer \u2013 tillg\u00e4nglig i karatvikter fr\u00e5n 0,3 ct. till 3 ct.. En raffinerad tolkning av en tidl\u00f6s stil, designad f\u00f6r att passa vackert ihop med sin matchande vigselring.<\/p>","protected":false},"excerpt":{"rendered":"<p>En elegant rad med \u00e5tta runda diamanter flankerar mittstenen i f\u00f6rlovningsringen Sonata och drar blicken till sig med sin subtila briljans. Denna kanalinfattade design finns i 18 k gult, vitt eller ros\u00e9guld och balanserar klassisk elegans med modern klarhet.<\/p>","protected":false},"featured_media":14024,"template":"","meta":{"_acf_changed":false},"product_brand":[],"product_cat":[52,24],"product_tag":[1364,1363,467,1063],"class_list":{"0":"post-13967","1":"product","2":"type-product","3":"status-publish","4":"has-post-thumbnail","6":"product_cat-rings","7":"product_cat-engagement-rings","8":"product_tag-channel-engagement-ring","9":"product_tag-channel-ring","10":"product_tag-channel-set-diamond-band","11":"product_tag-channel-set-wedding-band","12":"pa_metal-rose-gold","13":"pa_metal-white-gold","14":"pa_metal-yellow-gold","16":"first","17":"instock","18":"taxable","19":"shipping-taxable","20":"product-type-variable"},"acf":[],"jetpack_sharing_enabled":true,"_links":{"self":[{"href":"https:\/\/lumierediamonds.eu\/sv\/wp-json\/wp\/v2\/product\/13967","targetHints":{"allow":["GET"]}}],"collection":[{"href":"https:\/\/lumierediamonds.eu\/sv\/wp-json\/wp\/v2\/product"}],"about":[{"href":"https:\/\/lumierediamonds.eu\/sv\/wp-json\/wp\/v2\/types\/product"}],"version-history":[{"count":1,"href":"https:\/\/lumierediamonds.eu\/sv\/wp-json\/wp\/v2\/product\/13967\/revisions"}],"predecessor-version":[{"id":14055,"href":"https:\/\/lumierediamonds.eu\/sv\/wp-json\/wp\/v2\/product\/13967\/revisions\/14055"}],"wp:featuredmedia":[{"embeddable":true,"href":"https:\/\/lumierediamonds.eu\/sv\/wp-json\/wp\/v2\/media\/14024"}],"wp:attachment":[{"href":"https:\/\/lumierediamonds.eu\/sv\/wp-json\/wp\/v2\/media?parent=13967"}],"wp:term":[{"taxonomy":"product_brand","embeddable":true,"href":"https:\/\/lumierediamonds.eu\/sv\/wp-json\/wp\/v2\/product_brand?post=13967"},{"taxonomy":"product_cat","embeddable":true,"href":"https:\/\/lumierediamonds.eu\/sv\/wp-json\/wp\/v2\/product_cat?post=13967"},{"taxonomy":"product_tag","embeddable":true,"href":"https:\/\/lumierediamonds.eu\/sv\/wp-json\/wp\/v2\/product_tag?post=13967"}],"curies":[{"name":"wp","href":"https:\/\/api.w.org\/{rel}","templated":true}]}}