{"id":14466,"date":"2026-01-16T06:09:49","date_gmt":"2026-01-16T05:09:49","guid":{"rendered":"https:\/\/lumierediamonds.eu\/?post_type=product&#038;p=14466"},"modified":"2026-04-22T15:43:43","modified_gmt":"2026-04-22T13:43:43","slug":"lucia-oval-diamant-halo-forlovningsring","status":"publish","type":"product","link":"https:\/\/lumierediamonds.eu\/sv\/produkt\/lucia-oval-diamant-halo-forlovningsring\/","title":{"rendered":"Lucia Oval Diamant Halo F\u00f6rlovningsring"},"content":{"rendered":"<p>Vintage light, mjukt formad.<br \/>\nLucia Oval Diamond Halo Engagement Ring har en rund labbodlad mittdiamant, omgiven av en ovalformad halo av runda labbodlade diamanter i graderade storlekar. Designen skapar en mjuk, graci\u00f6s silhuett som f\u00f6rst\u00e4rker briljansen och \u00e5terskapar den klassiska ovala looken genom en halo av graderade runda diamanter.<\/p>\n<p>Det fina bandet i 18k gult, vitt eller ros\u00e9guld st\u00f6der den upph\u00f6jda glorian och l\u00e5ter ljuset passera igenom och belysa varje sten. Det intrikata arrangemanget ger dimension och glitter fr\u00e5n alla vinklar.<\/p>\n<p>Den \u00e4r romantisk och tidl\u00f6s och f\u00e5ngar charmen i vintagedesign med en ljus, modern k\u00e4nsla.<\/p>","protected":false},"excerpt":{"rendered":"<p class=\"p1\">Lucia Oval Diamond Halo f\u00f6rlovningsring parar en rund labbodlad mittdiamant med en ovalformad halo av graderade runda diamanter f\u00f6r en mjuk, str\u00e5lande silhuett. Den f\u00f6rh\u00f6jda infattningen i 18k gult, vitt eller ros\u00e9guld bjuder in ljus fr\u00e5n alla vinklar och blandar vintage-romantik med modern briljans.<\/p>","protected":false},"featured_media":14522,"template":"","meta":{"_acf_changed":false},"product_brand":[],"product_cat":[52,24],"product_tag":[1381,254],"class_list":{"0":"post-14466","1":"product","2":"type-product","3":"status-publish","4":"has-post-thumbnail","6":"product_cat-rings","7":"product_cat-engagement-rings","8":"product_tag-halo","9":"product_tag-halo-ring","10":"pa_metal-rose-gold","11":"pa_metal-white-gold","12":"pa_metal-yellow-gold","14":"first","15":"instock","16":"taxable","17":"shipping-taxable","18":"purchasable","19":"product-type-variable"},"acf":[],"jetpack_sharing_enabled":true,"_links":{"self":[{"href":"https:\/\/lumierediamonds.eu\/sv\/wp-json\/wp\/v2\/product\/14466","targetHints":{"allow":["GET"]}}],"collection":[{"href":"https:\/\/lumierediamonds.eu\/sv\/wp-json\/wp\/v2\/product"}],"about":[{"href":"https:\/\/lumierediamonds.eu\/sv\/wp-json\/wp\/v2\/types\/product"}],"version-history":[{"count":4,"href":"https:\/\/lumierediamonds.eu\/sv\/wp-json\/wp\/v2\/product\/14466\/revisions"}],"predecessor-version":[{"id":28150,"href":"https:\/\/lumierediamonds.eu\/sv\/wp-json\/wp\/v2\/product\/14466\/revisions\/28150"}],"wp:featuredmedia":[{"embeddable":true,"href":"https:\/\/lumierediamonds.eu\/sv\/wp-json\/wp\/v2\/media\/14522"}],"wp:attachment":[{"href":"https:\/\/lumierediamonds.eu\/sv\/wp-json\/wp\/v2\/media?parent=14466"}],"wp:term":[{"taxonomy":"product_brand","embeddable":true,"href":"https:\/\/lumierediamonds.eu\/sv\/wp-json\/wp\/v2\/product_brand?post=14466"},{"taxonomy":"product_cat","embeddable":true,"href":"https:\/\/lumierediamonds.eu\/sv\/wp-json\/wp\/v2\/product_cat?post=14466"},{"taxonomy":"product_tag","embeddable":true,"href":"https:\/\/lumierediamonds.eu\/sv\/wp-json\/wp\/v2\/product_tag?post=14466"}],"curies":[{"name":"wp","href":"https:\/\/api.w.org\/{rel}","templated":true}]}}