{"id":14756,"date":"2026-03-15T13:15:09","date_gmt":"2026-03-15T12:15:09","guid":{"rendered":"https:\/\/lumierediamonds.eu\/?post_type=product&#038;p=14756"},"modified":"2026-04-21T21:00:47","modified_gmt":"2026-04-21T19:00:47","slug":"solo-marquise-diamanthange","status":"publish","type":"product","link":"https:\/\/lumierediamonds.eu\/sv\/produkt\/solo-marquise-diamanthange\/","title":{"rendered":"Solo Marquise diamanth\u00e4nge"},"content":{"rendered":"<p>Snygg och skulpterad. Solo Marquise Diamond Pendant har en enda marquise-slipad labgrown diamant, infattad i en sl\u00e4t horisontell ram och upph\u00e4ngd i en fin 18k gul- eller vitguldkedja med ett s\u00e4kert karbinl\u00e5s. Finns i karatvikter fr\u00e5n 0,25 till 3 Ct. Den l\u00e5ngstr\u00e4ckta silhuetten ger en modern touch till alla looks - gjord f\u00f6r att b\u00e4ras i lager eller ensam.<\/p>","protected":false},"excerpt":{"rendered":"<p>Solo Marquise diamanth\u00e4nge: Snygg och skulpterad.<\/p>","protected":false},"featured_media":14924,"template":"","meta":{"_acf_changed":false},"product_brand":[],"product_cat":[53,759],"product_tag":[1422,297,1097,1429,294,1415],"class_list":{"0":"post-14756","1":"product","2":"type-product","3":"status-publish","4":"has-post-thumbnail","6":"product_cat-necklaces-pendants","7":"product_cat-pendants","8":"product_tag-bezel-setting","9":"product_tag-diamond-necklace","10":"product_tag-lab-grown-diamond-2","11":"product_tag-marquise-cut","12":"product_tag-necklace","13":"product_tag-pendant-necklace","14":"pa_metal-white-gold","15":"pa_metal-yellow-gold","17":"first","18":"instock","19":"taxable","20":"shipping-taxable","21":"purchasable","22":"product-type-variable","23":"has-default-attributes"},"acf":[],"jetpack_sharing_enabled":true,"_links":{"self":[{"href":"https:\/\/lumierediamonds.eu\/sv\/wp-json\/wp\/v2\/product\/14756","targetHints":{"allow":["GET"]}}],"collection":[{"href":"https:\/\/lumierediamonds.eu\/sv\/wp-json\/wp\/v2\/product"}],"about":[{"href":"https:\/\/lumierediamonds.eu\/sv\/wp-json\/wp\/v2\/types\/product"}],"version-history":[{"count":5,"href":"https:\/\/lumierediamonds.eu\/sv\/wp-json\/wp\/v2\/product\/14756\/revisions"}],"predecessor-version":[{"id":27255,"href":"https:\/\/lumierediamonds.eu\/sv\/wp-json\/wp\/v2\/product\/14756\/revisions\/27255"}],"wp:featuredmedia":[{"embeddable":true,"href":"https:\/\/lumierediamonds.eu\/sv\/wp-json\/wp\/v2\/media\/14924"}],"wp:attachment":[{"href":"https:\/\/lumierediamonds.eu\/sv\/wp-json\/wp\/v2\/media?parent=14756"}],"wp:term":[{"taxonomy":"product_brand","embeddable":true,"href":"https:\/\/lumierediamonds.eu\/sv\/wp-json\/wp\/v2\/product_brand?post=14756"},{"taxonomy":"product_cat","embeddable":true,"href":"https:\/\/lumierediamonds.eu\/sv\/wp-json\/wp\/v2\/product_cat?post=14756"},{"taxonomy":"product_tag","embeddable":true,"href":"https:\/\/lumierediamonds.eu\/sv\/wp-json\/wp\/v2\/product_tag?post=14756"}],"curies":[{"name":"wp","href":"https:\/\/api.w.org\/{rel}","templated":true}]}}