{"id":14858,"date":"2026-03-15T13:23:52","date_gmt":"2026-03-15T12:23:52","guid":{"rendered":"https:\/\/lumierediamonds.eu\/?post_type=product&#038;p=14858"},"modified":"2026-04-21T21:07:34","modified_gmt":"2026-04-21T19:07:34","slug":"luna-halsband-med-diamantinfattning","status":"publish","type":"product","link":"https:\/\/lumierediamonds.eu\/sv\/produkt\/luna-halsband-med-diamantinfattning\/","title":{"rendered":"Luna Diamant Bezel-halsband"},"content":{"rendered":"<p>Luna Diamond Bezel Necklace har fem runda labbodlade diamanter, infattade l\u00e4ngs en fin 18-karats guldkedja - tillg\u00e4nglig i gult eller vitt guld. Med en total diamantvikt p\u00e5 1,25 carat \u00e4r varje diamant placerad s\u00e5 att den skapar r\u00f6relse och l\u00e4tthet \u00f6ver halsringningen. Det h\u00e4r smycket \u00e4r enkelt och fullt av charm och ger en enkel elegans som k\u00e4nns lika enkel som den ser ut.<\/p>","protected":false},"excerpt":{"rendered":"<p>Luna Diamond Bezel Necklace har fem runda labgrodda diamanter, infattade l\u00e4ngs en fin 18k guldkedja - finns i gult, vitt eller ros\u00e9guld.<\/p>","protected":false},"featured_media":15107,"template":"","meta":{"_acf_changed":false},"product_brand":[],"product_cat":[741,1163,53],"product_tag":[635,1421,297,1097,294,613],"class_list":{"0":"post-14858","1":"product","2":"type-product","3":"status-publish","4":"has-post-thumbnail","6":"product_cat-chain-necklaces","7":"product_cat-diamond-necklaces","8":"product_cat-necklaces-pendants","9":"product_tag-18k-gold-necklace","10":"product_tag-bezel-set","11":"product_tag-diamond-necklace","12":"product_tag-lab-grown-diamond-2","13":"product_tag-necklace","14":"product_tag-round-diamond","15":"pa_metal-white-gold","16":"pa_metal-yellow-gold","18":"first","19":"instock","20":"taxable","21":"shipping-taxable","22":"purchasable","23":"product-type-variable","24":"has-default-attributes"},"acf":[],"jetpack_sharing_enabled":true,"_links":{"self":[{"href":"https:\/\/lumierediamonds.eu\/sv\/wp-json\/wp\/v2\/product\/14858","targetHints":{"allow":["GET"]}}],"collection":[{"href":"https:\/\/lumierediamonds.eu\/sv\/wp-json\/wp\/v2\/product"}],"about":[{"href":"https:\/\/lumierediamonds.eu\/sv\/wp-json\/wp\/v2\/types\/product"}],"version-history":[{"count":4,"href":"https:\/\/lumierediamonds.eu\/sv\/wp-json\/wp\/v2\/product\/14858\/revisions"}],"predecessor-version":[{"id":27267,"href":"https:\/\/lumierediamonds.eu\/sv\/wp-json\/wp\/v2\/product\/14858\/revisions\/27267"}],"wp:featuredmedia":[{"embeddable":true,"href":"https:\/\/lumierediamonds.eu\/sv\/wp-json\/wp\/v2\/media\/15107"}],"wp:attachment":[{"href":"https:\/\/lumierediamonds.eu\/sv\/wp-json\/wp\/v2\/media?parent=14858"}],"wp:term":[{"taxonomy":"product_brand","embeddable":true,"href":"https:\/\/lumierediamonds.eu\/sv\/wp-json\/wp\/v2\/product_brand?post=14858"},{"taxonomy":"product_cat","embeddable":true,"href":"https:\/\/lumierediamonds.eu\/sv\/wp-json\/wp\/v2\/product_cat?post=14858"},{"taxonomy":"product_tag","embeddable":true,"href":"https:\/\/lumierediamonds.eu\/sv\/wp-json\/wp\/v2\/product_tag?post=14858"}],"curies":[{"name":"wp","href":"https:\/\/api.w.org\/{rel}","templated":true}]}}