{"id":14867,"date":"2026-03-15T13:25:02","date_gmt":"2026-03-15T12:25:02","guid":{"rendered":"https:\/\/lumierediamonds.eu\/?post_type=product&#038;p=14867"},"modified":"2026-04-21T21:09:40","modified_gmt":"2026-04-21T19:09:40","slug":"cleo-sammanlankat-diamanthalsband","status":"publish","type":"product","link":"https:\/\/lumierediamonds.eu\/sv\/produkt\/cleo-sammanlankat-diamanthalsband\/","title":{"rendered":"Cleo sammanl\u00e4nkat diamanthalsband"},"content":{"rendered":"<p>Cleo Diamond Necklace best\u00e5r av tv\u00e5 sammanl\u00e4nkade cirklar - den ena elegant och polerad, den andra pav\u00e9infattad med labgrown-diamanter p\u00e5 totalt 0,05 carat. Det h\u00e4nger i en fin kedja i 18k vitguld och balanserar mjukhet med struktur i en modern silhuett. Ett delikat uttryck f\u00f6r enhetlighet, gjord f\u00f6r att alltid b\u00e4ra<\/p>","protected":false},"excerpt":{"rendered":"<p>Cleo Interlinked Diamond Necklace best\u00e5r av tv\u00e5 sammanl\u00e4nkade cirklar - den ena elegant och polerad, den andra pav\u00e9infattad med labgrown-diamanter p\u00e5 totalt 0,05 carat. H\u00e4ngande fr\u00e5n en fin kedja i 18k vitguld.<\/p>","protected":false},"featured_media":14868,"template":"","meta":{"_acf_changed":false},"product_brand":[],"product_cat":[53,759],"product_tag":[635,297,1436,364,294,188],"class_list":{"0":"post-14867","1":"product","2":"type-product","3":"status-publish","4":"has-post-thumbnail","6":"product_cat-necklaces-pendants","7":"product_cat-pendants","8":"product_tag-18k-gold-necklace","9":"product_tag-diamond-necklace","10":"product_tag-interlinked-circles","11":"product_tag-lab-grown-diamonds","12":"product_tag-necklace","13":"product_tag-pave-setting","14":"pa_metal-white-gold","16":"first","17":"instock","18":"taxable","19":"shipping-taxable","20":"purchasable","21":"product-type-simple"},"acf":[],"jetpack_sharing_enabled":true,"_links":{"self":[{"href":"https:\/\/lumierediamonds.eu\/sv\/wp-json\/wp\/v2\/product\/14867","targetHints":{"allow":["GET"]}}],"collection":[{"href":"https:\/\/lumierediamonds.eu\/sv\/wp-json\/wp\/v2\/product"}],"about":[{"href":"https:\/\/lumierediamonds.eu\/sv\/wp-json\/wp\/v2\/types\/product"}],"version-history":[{"count":6,"href":"https:\/\/lumierediamonds.eu\/sv\/wp-json\/wp\/v2\/product\/14867\/revisions"}],"predecessor-version":[{"id":27269,"href":"https:\/\/lumierediamonds.eu\/sv\/wp-json\/wp\/v2\/product\/14867\/revisions\/27269"}],"wp:featuredmedia":[{"embeddable":true,"href":"https:\/\/lumierediamonds.eu\/sv\/wp-json\/wp\/v2\/media\/14868"}],"wp:attachment":[{"href":"https:\/\/lumierediamonds.eu\/sv\/wp-json\/wp\/v2\/media?parent=14867"}],"wp:term":[{"taxonomy":"product_brand","embeddable":true,"href":"https:\/\/lumierediamonds.eu\/sv\/wp-json\/wp\/v2\/product_brand?post=14867"},{"taxonomy":"product_cat","embeddable":true,"href":"https:\/\/lumierediamonds.eu\/sv\/wp-json\/wp\/v2\/product_cat?post=14867"},{"taxonomy":"product_tag","embeddable":true,"href":"https:\/\/lumierediamonds.eu\/sv\/wp-json\/wp\/v2\/product_tag?post=14867"}],"curies":[{"name":"wp","href":"https:\/\/api.w.org\/{rel}","templated":true}]}}