{"id":15626,"date":"2026-03-26T23:13:44","date_gmt":"2026-03-26T22:13:44","guid":{"rendered":"https:\/\/lumierediamonds.eu\/?post_type=product&#038;p=15626"},"modified":"2026-03-29T12:55:12","modified_gmt":"2026-03-29T10:55:12","slug":"epure-radiant-forlovningsring","status":"publish","type":"product","link":"https:\/\/lumierediamonds.eu\/sv\/produkt\/epure-radiant-forlovningsring\/","title":{"rendered":"\u00c9pure Radiant f\u00f6rlovningsring"},"content":{"rendered":"<p class=\"p1\">Polerad och praktisk.<b><\/b><\/p>\n<p class=\"p2\">Den <strong>\u00c9pure f\u00f6rlovningsring med radiantslipning<\/strong> ger tidl\u00f6s elegans till vardagen med sin rena, minimalistiska design och sitt karakteristiska bekv\u00e4ma band.<\/p>\n<p class=\"p2\">Denna ring \u00e4r centrerad med en briljant lab-odlad diamant med radiantslipning och har en l\u00e5gprofilinfattning som sitter n\u00e4rmare fingret - perfekt f\u00f6r dem med praktiska yrken eller en aktiv livsstil. Det subtilt avsmalnande, mjukt rundade bandet f\u00f6rb\u00e4ttrar komforten samtidigt som det drar blicken till diamantens naturliga gnista och symmetri.<\/p>\n<p class=\"p2\">\u00c9pure \u00e4r ett raffinerat val utan \u00f6verfl\u00f6d, som kombinerar best\u00e5ende sk\u00f6nhet med praktisk design.<\/p>","protected":false},"excerpt":{"rendered":"<p class=\"p1\"><b>F\u00f6rfinad enkelhet, omdefinierad.<\/b><b><\/b><\/p>\n<p class=\"p2\">\u00c9pure Radiant Cut Engagement Ring kombinerar en l\u00e5gprofilerad infattning med ett signaturband med bekv\u00e4m passform - perfekt f\u00f6r moderna minimalister och aktiva livsstilar. Med en labbodlad Radiant-diamant blandar den varaktig elegans med vardagens praktiska egenskaper.<\/p>","protected":false},"featured_media":16186,"template":"","meta":{"_acf_changed":false},"product_brand":[],"product_cat":[24,23,52],"product_tag":[183,189,190,182,48,184,1402,1401,1400,1399,1403,192,191,185],"class_list":{"0":"post-15626","1":"product","2":"type-product","3":"status-publish","4":"has-post-thumbnail","6":"product_cat-engagement-rings","7":"product_cat-love-engagement","8":"product_cat-rings","9":"product_tag-diamond-ring","10":"product_tag-emerald","11":"product_tag-emerald-diamond","12":"product_tag-engagement","13":"product_tag-engagement-ring","14":"product_tag-lab-grown-diamond","15":"product_tag-radiant","16":"product_tag-radiant-cut","17":"product_tag-radiant-cut-diamond","18":"product_tag-radiant-cut-engagement-ring","19":"product_tag-radiant-diamond","20":"product_tag-ring","21":"product_tag-solitaire","22":"product_tag-vvs1","23":"pa_metal-rose-gold","24":"pa_metal-white-gold","25":"pa_metal-yellow-gold","27":"first","28":"instock","29":"taxable","30":"shipping-taxable","31":"purchasable","32":"product-type-variable","33":"has-default-attributes"},"acf":[],"jetpack_sharing_enabled":true,"_links":{"self":[{"href":"https:\/\/lumierediamonds.eu\/sv\/wp-json\/wp\/v2\/product\/15626","targetHints":{"allow":["GET"]}}],"collection":[{"href":"https:\/\/lumierediamonds.eu\/sv\/wp-json\/wp\/v2\/product"}],"about":[{"href":"https:\/\/lumierediamonds.eu\/sv\/wp-json\/wp\/v2\/types\/product"}],"version-history":[{"count":2,"href":"https:\/\/lumierediamonds.eu\/sv\/wp-json\/wp\/v2\/product\/15626\/revisions"}],"predecessor-version":[{"id":16209,"href":"https:\/\/lumierediamonds.eu\/sv\/wp-json\/wp\/v2\/product\/15626\/revisions\/16209"}],"wp:featuredmedia":[{"embeddable":true,"href":"https:\/\/lumierediamonds.eu\/sv\/wp-json\/wp\/v2\/media\/16186"}],"wp:attachment":[{"href":"https:\/\/lumierediamonds.eu\/sv\/wp-json\/wp\/v2\/media?parent=15626"}],"wp:term":[{"taxonomy":"product_brand","embeddable":true,"href":"https:\/\/lumierediamonds.eu\/sv\/wp-json\/wp\/v2\/product_brand?post=15626"},{"taxonomy":"product_cat","embeddable":true,"href":"https:\/\/lumierediamonds.eu\/sv\/wp-json\/wp\/v2\/product_cat?post=15626"},{"taxonomy":"product_tag","embeddable":true,"href":"https:\/\/lumierediamonds.eu\/sv\/wp-json\/wp\/v2\/product_tag?post=15626"}],"curies":[{"name":"wp","href":"https:\/\/api.w.org\/{rel}","templated":true}]}}