{"id":16051,"date":"2026-03-29T00:03:44","date_gmt":"2026-03-28T23:03:44","guid":{"rendered":"https:\/\/lumierediamonds.eu\/?post_type=product&#038;p=16051"},"modified":"2026-03-29T11:56:18","modified_gmt":"2026-03-29T09:56:18","slug":"epure-cushion-forlovningsring","status":"publish","type":"product","link":"https:\/\/lumierediamonds.eu\/sv\/produkt\/epure-cushion-forlovningsring\/","title":{"rendered":"\u00c9pure Cushion f\u00f6rlovningsring"},"content":{"rendered":"<p class=\"p1\">Polerad och praktisk.<b><\/b><\/p>\n<p class=\"p2\">Den <strong>\u00c9pure Cushion Cut f\u00f6rlovningsring<\/strong> ger tidl\u00f6s elegans till vardagen med sin rena, minimalistiska design och sitt karakteristiska bekv\u00e4ma band.<\/p>\n<p class=\"p2\">Ringen \u00e4r centrerad med en briljantslipad labgrown diamant och har en l\u00e5gprofilerad infattning som sitter n\u00e4rmare fingret - perfekt f\u00f6r dem med praktiska yrken eller en aktiv livsstil. Det subtilt avsmalnande, mjukt rundade bandet f\u00f6rb\u00e4ttrar komforten samtidigt som det drar blicken till diamantens naturliga gnista och symmetri.<\/p>\n<p class=\"p2\">\u00c9pure \u00e4r ett raffinerat val utan \u00f6verfl\u00f6d, som kombinerar best\u00e5ende sk\u00f6nhet med praktisk design.<\/p>","protected":false},"excerpt":{"rendered":"<p class=\"p1\"><b>F\u00f6rfinad enkelhet, omdefinierad.<\/b><b><\/b><\/p>\n<p class=\"p2\">\u00c9pure Cushion Cut f\u00f6rlovningsring kombinerar en l\u00e5gprofilerad infattning med ett signaturband med bekv\u00e4m passform - perfekt f\u00f6r moderna minimalister och aktiva livsstilar. Med en labbodlad Cushion-diamant blandar den varaktig elegans med vardagens praktiska egenskaper.<\/p>","protected":false},"featured_media":16079,"template":"","meta":{"_acf_changed":false},"product_brand":[],"product_cat":[24,23,52],"product_tag":[1393,1392,1391,1394,183,182,48,184,192,191,185],"class_list":{"0":"post-16051","1":"product","2":"type-product","3":"status-publish","4":"has-post-thumbnail","6":"product_cat-engagement-rings","7":"product_cat-love-engagement","8":"product_cat-rings","9":"product_tag-cushion","10":"product_tag-cushion-cut","11":"product_tag-cushion-cut-engagement-ring","12":"product_tag-cushion-diamond","13":"product_tag-diamond-ring","14":"product_tag-engagement","15":"product_tag-engagement-ring","16":"product_tag-lab-grown-diamond","17":"product_tag-ring","18":"product_tag-solitaire","19":"product_tag-vvs1","20":"pa_metal-rose-gold","21":"pa_metal-white-gold","22":"pa_metal-yellow-gold","24":"first","25":"instock","26":"taxable","27":"shipping-taxable","28":"purchasable","29":"product-type-variable","30":"has-default-attributes"},"acf":[],"jetpack_sharing_enabled":true,"_links":{"self":[{"href":"https:\/\/lumierediamonds.eu\/sv\/wp-json\/wp\/v2\/product\/16051","targetHints":{"allow":["GET"]}}],"collection":[{"href":"https:\/\/lumierediamonds.eu\/sv\/wp-json\/wp\/v2\/product"}],"about":[{"href":"https:\/\/lumierediamonds.eu\/sv\/wp-json\/wp\/v2\/types\/product"}],"version-history":[{"count":1,"href":"https:\/\/lumierediamonds.eu\/sv\/wp-json\/wp\/v2\/product\/16051\/revisions"}],"predecessor-version":[{"id":16143,"href":"https:\/\/lumierediamonds.eu\/sv\/wp-json\/wp\/v2\/product\/16051\/revisions\/16143"}],"wp:featuredmedia":[{"embeddable":true,"href":"https:\/\/lumierediamonds.eu\/sv\/wp-json\/wp\/v2\/media\/16079"}],"wp:attachment":[{"href":"https:\/\/lumierediamonds.eu\/sv\/wp-json\/wp\/v2\/media?parent=16051"}],"wp:term":[{"taxonomy":"product_brand","embeddable":true,"href":"https:\/\/lumierediamonds.eu\/sv\/wp-json\/wp\/v2\/product_brand?post=16051"},{"taxonomy":"product_cat","embeddable":true,"href":"https:\/\/lumierediamonds.eu\/sv\/wp-json\/wp\/v2\/product_cat?post=16051"},{"taxonomy":"product_tag","embeddable":true,"href":"https:\/\/lumierediamonds.eu\/sv\/wp-json\/wp\/v2\/product_tag?post=16051"}],"curies":[{"name":"wp","href":"https:\/\/api.w.org\/{rel}","templated":true}]}}