{"id":16235,"date":"2026-03-31T19:34:49","date_gmt":"2026-03-31T17:34:49","guid":{"rendered":"https:\/\/lumierediamonds.eu\/?post_type=product&#038;p=16235"},"modified":"2026-04-21T21:31:59","modified_gmt":"2026-04-21T19:31:59","slug":"cannes-diamantstangshange","status":"publish","type":"product","link":"https:\/\/lumierediamonds.eu\/sv\/produkt\/cannes-diamantstangshange\/","title":{"rendered":"Cannes diamantbarh\u00e4nge"},"content":{"rendered":"<p>En linje av ljus.<br \/>\nCannes Diamond Bar Pendant har en vertikal rad av lab-grodda pav\u00e9infattade diamanter, totalt 0,06 carat, infattade i en polerad 18k guldst\u00e5ng. H\u00e4ngande fr\u00e5n en fin kedja och tillg\u00e4nglig i gult, vitt eller ros\u00e9guld, ger dess rena silhuett subtil struktur till halsringningen. Inspirerad av elegansen p\u00e5 den franska Rivieran passar den naturligt ihop med Cannes Pav\u00e9 Drop Earrings f\u00f6r en lysande upps\u00e4ttning som enkelt \u00f6verg\u00e5r fr\u00e5n dag till kv\u00e4ll.<\/p>","protected":false},"excerpt":{"rendered":"<p>En linje av ljus. Cannes Diamond Bar Pendant har en vertikal rad av labgrodda pav\u00e9infattade diamanter, totalt 0,06 carat, infattade i en polerad 18k guldst\u00e5ng. H\u00e4nget h\u00e4nger i en fin kedja och finns i 18K gult, vitt eller ros\u00e9guld.<\/p>","protected":false},"featured_media":17577,"template":"","meta":{"_acf_changed":false},"product_brand":[],"product_cat":[53,759],"product_tag":[1418,297,1097,294,188,1415,1417],"class_list":{"0":"post-16235","1":"product","2":"type-product","3":"status-publish","4":"has-post-thumbnail","6":"product_cat-necklaces-pendants","7":"product_cat-pendants","8":"product_tag-bar-necklace","9":"product_tag-diamond-necklace","10":"product_tag-lab-grown-diamond-2","11":"product_tag-necklace","12":"product_tag-pave-setting","13":"product_tag-pendant-necklace","14":"product_tag-round-diamonds","15":"pa_metal-rose-gold","16":"pa_metal-white-gold","17":"pa_metal-yellow-gold","19":"first","20":"instock","21":"taxable","22":"shipping-taxable","23":"purchasable","24":"product-type-variable","25":"has-default-attributes"},"acf":[],"jetpack_sharing_enabled":true,"_links":{"self":[{"href":"https:\/\/lumierediamonds.eu\/sv\/wp-json\/wp\/v2\/product\/16235","targetHints":{"allow":["GET"]}}],"collection":[{"href":"https:\/\/lumierediamonds.eu\/sv\/wp-json\/wp\/v2\/product"}],"about":[{"href":"https:\/\/lumierediamonds.eu\/sv\/wp-json\/wp\/v2\/types\/product"}],"version-history":[{"count":2,"href":"https:\/\/lumierediamonds.eu\/sv\/wp-json\/wp\/v2\/product\/16235\/revisions"}],"predecessor-version":[{"id":27273,"href":"https:\/\/lumierediamonds.eu\/sv\/wp-json\/wp\/v2\/product\/16235\/revisions\/27273"}],"wp:featuredmedia":[{"embeddable":true,"href":"https:\/\/lumierediamonds.eu\/sv\/wp-json\/wp\/v2\/media\/17577"}],"wp:attachment":[{"href":"https:\/\/lumierediamonds.eu\/sv\/wp-json\/wp\/v2\/media?parent=16235"}],"wp:term":[{"taxonomy":"product_brand","embeddable":true,"href":"https:\/\/lumierediamonds.eu\/sv\/wp-json\/wp\/v2\/product_brand?post=16235"},{"taxonomy":"product_cat","embeddable":true,"href":"https:\/\/lumierediamonds.eu\/sv\/wp-json\/wp\/v2\/product_cat?post=16235"},{"taxonomy":"product_tag","embeddable":true,"href":"https:\/\/lumierediamonds.eu\/sv\/wp-json\/wp\/v2\/product_tag?post=16235"}],"curies":[{"name":"wp","href":"https:\/\/api.w.org\/{rel}","templated":true}]}}