{"id":16928,"date":"2026-03-31T21:42:00","date_gmt":"2026-03-31T19:42:00","guid":{"rendered":"https:\/\/lumierediamonds.eu\/?post_type=product&#038;p=16928"},"modified":"2026-04-13T15:43:51","modified_gmt":"2026-04-13T13:43:51","slug":"aurelia-smaragdslipad-forlovningsring","status":"publish","type":"product","link":"https:\/\/lumierediamonds.eu\/sv\/produkt\/aurelia-smaragdslipad-forlovningsring\/","title":{"rendered":"Aurelia smaragdslipad f\u00f6rlovningsring"},"content":{"rendered":"<p>Elegans, designad f\u00f6r vardagen.<br \/>\nI mitten sitter en smaragdslipad diamant som ger rena linjer, djup och sofistikerad stil. Aurelia Diamond Engagement Ring har en l\u00e5gprofilerad infattning som sitter n\u00e4rmare fingret f\u00f6r en s\u00e4ker och bekv\u00e4m passform. Det 2,4 mm breda bandet \u00e4r tillverkat i 18k gult, vitt eller ros\u00e9guld och ger styrka och balans, medan den mjukt skulpterade infattningen ger ringen mjuka, fl\u00f6dande linjer.<\/p>\n<p>Den \u00e4r designad f\u00f6r vardagsbruk och kombinerar h\u00e5llbar sk\u00f6nhet med praktisk design. Perfekt f\u00f6r dem med praktiska yrken eller en aktiv livsstil.<\/p>","protected":false},"excerpt":{"rendered":"<p>En elegant f\u00f6rlovningsring med smaragdslipad diamant i 18k guld, med en l\u00e5gprofilerad pronginfattning och ett 2,4 mm band f\u00f6r en s\u00e4ker, balanserad passform. De rena linjerna och silhuetten som sitter n\u00e4ra fingrarna k\u00e4nns raffinerad, bekv\u00e4m och gjord f\u00f6r att b\u00e4ras varje dag.<\/p>","protected":false},"featured_media":20607,"template":"","meta":{"_acf_changed":false},"product_brand":[],"product_cat":[24,52],"product_tag":[183,1274,48,1433,1438,1427],"class_list":{"0":"post-16928","1":"product","2":"type-product","3":"status-publish","4":"has-post-thumbnail","6":"product_cat-engagement-rings","7":"product_cat-rings","8":"product_tag-diamond-ring","9":"product_tag-emerald-cut","10":"product_tag-engagement-ring","11":"product_tag-everyday-wear","12":"product_tag-low-profile-setting-2","13":"product_tag-prong-setting","14":"pa_metal-rose-gold","15":"pa_metal-white-gold","16":"pa_metal-yellow-gold","18":"first","19":"instock","20":"taxable","21":"shipping-taxable","22":"purchasable","23":"product-type-variable","24":"has-default-attributes"},"acf":[],"jetpack_sharing_enabled":true,"_links":{"self":[{"href":"https:\/\/lumierediamonds.eu\/sv\/wp-json\/wp\/v2\/product\/16928","targetHints":{"allow":["GET"]}}],"collection":[{"href":"https:\/\/lumierediamonds.eu\/sv\/wp-json\/wp\/v2\/product"}],"about":[{"href":"https:\/\/lumierediamonds.eu\/sv\/wp-json\/wp\/v2\/types\/product"}],"version-history":[{"count":27,"href":"https:\/\/lumierediamonds.eu\/sv\/wp-json\/wp\/v2\/product\/16928\/revisions"}],"predecessor-version":[{"id":20606,"href":"https:\/\/lumierediamonds.eu\/sv\/wp-json\/wp\/v2\/product\/16928\/revisions\/20606"}],"wp:featuredmedia":[{"embeddable":true,"href":"https:\/\/lumierediamonds.eu\/sv\/wp-json\/wp\/v2\/media\/20607"}],"wp:attachment":[{"href":"https:\/\/lumierediamonds.eu\/sv\/wp-json\/wp\/v2\/media?parent=16928"}],"wp:term":[{"taxonomy":"product_brand","embeddable":true,"href":"https:\/\/lumierediamonds.eu\/sv\/wp-json\/wp\/v2\/product_brand?post=16928"},{"taxonomy":"product_cat","embeddable":true,"href":"https:\/\/lumierediamonds.eu\/sv\/wp-json\/wp\/v2\/product_cat?post=16928"},{"taxonomy":"product_tag","embeddable":true,"href":"https:\/\/lumierediamonds.eu\/sv\/wp-json\/wp\/v2\/product_tag?post=16928"}],"curies":[{"name":"wp","href":"https:\/\/api.w.org\/{rel}","templated":true}]}}