{"id":19888,"date":"2026-04-12T19:44:26","date_gmt":"2026-04-12T17:44:26","guid":{"rendered":"https:\/\/lumierediamonds.eu\/?post_type=product&#038;p=19888"},"modified":"2026-04-13T15:25:18","modified_gmt":"2026-04-13T13:25:18","slug":"solene-oval-cut-forlovningsring","status":"publish","type":"product","link":"https:\/\/lumierediamonds.eu\/sv\/produkt\/solene-oval-cut-forlovningsring\/","title":{"rendered":"Solene Oval Cut f\u00f6rlovningsring"},"content":{"rendered":"<p>Minimalt men elegant, Solene Oval Cut Engagement Ring hyllar graci\u00f6sa proportioner och tidl\u00f6s briljans.<\/p>\n<p>Den l\u00e5ngstr\u00e4ckta silhuetten med en lysande oval labbodlad diamant skapar en smickrande, f\u00f6rl\u00e4ngande effekt p\u00e5 fingret samtidigt som den ger en exceptionell gnistrande effekt. Det polerade 18k guldbandet smalnar f\u00f6rsiktigt av mot mittstenen, medan en raffinerad katedralinfattning lyfter diamanten f\u00f6r att l\u00e5ta ljuset passera fritt.<\/p>\n<p>Den ovala slipningen kombinerar klassisk briljans med en mjuk, romantisk form. Perfekt f\u00f6r dig som uppskattar elegans med en modern touch.<\/p>\n<p>Solene \u00e4r en riktig klassiker som passar perfekt ihop med en m\u00e4ngd olika vigselringar eller g\u00f6r ett raffinerat intryck p\u00e5 egen hand.<br \/>\nMed en labbodlad prinsesslipad diamant i mitten framh\u00e4ver designen skarp symmetri och dj\u00e4rv glitter. Den kvadratiska silhuetten ger en modern kant, medan det polerade 18k guldbandet f\u00f6rsiktigt smalnar av mot mittstenen. En graci\u00f6s katedralinfattning lyfter diamanten, vilket g\u00f6r att mer ljus kan passera igenom samtidigt som det ger subtil h\u00f6jd och arkitektonisk balans till designen.<\/p>\n<p>Prinsesslipningens skarpa linjer och briljanta fasetter skapar en sj\u00e4lvs\u00e4ker, modern look. Perfekt f\u00f6r dig som dras till struktur, precision och raffinerad briljans.<\/p>\n<p>En riktig klassiker.<\/p>","protected":false},"excerpt":{"rendered":"<p>Solene Oval Cut Engagement Ring kombinerar en lysande oval labbodlad diamant med ett polerat 18K guldband och en raffinerad pronginfattning. Dess l\u00e5ngstr\u00e4ckta silhuett smickrar fingret, medan det avsmalnande 1,80 mm bandet h\u00e5ller designen slank, balanserad och l\u00e4tt att b\u00e4ra.<\/p>","protected":false},"featured_media":19916,"template":"","meta":{"_acf_changed":false},"product_brand":[],"product_cat":[24,52],"product_tag":[599,1428,48,1097,210,1427,1445],"class_list":{"0":"post-19888","1":"product","2":"type-product","3":"status-publish","4":"has-post-thumbnail","6":"product_cat-engagement-rings","7":"product_cat-rings","8":"product_tag-18k-gold","9":"product_tag-cathedral-setting","10":"product_tag-engagement-ring","11":"product_tag-lab-grown-diamond-2","12":"product_tag-oval-cut","13":"product_tag-prong-setting","14":"product_tag-tapered-band","15":"pa_metal-rose-gold","16":"pa_metal-white-gold","17":"pa_metal-yellow-gold","19":"first","20":"instock","21":"taxable","22":"shipping-taxable","23":"purchasable","24":"product-type-variable","25":"has-default-attributes"},"acf":[],"jetpack_sharing_enabled":true,"_links":{"self":[{"href":"https:\/\/lumierediamonds.eu\/sv\/wp-json\/wp\/v2\/product\/19888","targetHints":{"allow":["GET"]}}],"collection":[{"href":"https:\/\/lumierediamonds.eu\/sv\/wp-json\/wp\/v2\/product"}],"about":[{"href":"https:\/\/lumierediamonds.eu\/sv\/wp-json\/wp\/v2\/types\/product"}],"version-history":[{"count":1,"href":"https:\/\/lumierediamonds.eu\/sv\/wp-json\/wp\/v2\/product\/19888\/revisions"}],"predecessor-version":[{"id":20159,"href":"https:\/\/lumierediamonds.eu\/sv\/wp-json\/wp\/v2\/product\/19888\/revisions\/20159"}],"wp:featuredmedia":[{"embeddable":true,"href":"https:\/\/lumierediamonds.eu\/sv\/wp-json\/wp\/v2\/media\/19916"}],"wp:attachment":[{"href":"https:\/\/lumierediamonds.eu\/sv\/wp-json\/wp\/v2\/media?parent=19888"}],"wp:term":[{"taxonomy":"product_brand","embeddable":true,"href":"https:\/\/lumierediamonds.eu\/sv\/wp-json\/wp\/v2\/product_brand?post=19888"},{"taxonomy":"product_cat","embeddable":true,"href":"https:\/\/lumierediamonds.eu\/sv\/wp-json\/wp\/v2\/product_cat?post=19888"},{"taxonomy":"product_tag","embeddable":true,"href":"https:\/\/lumierediamonds.eu\/sv\/wp-json\/wp\/v2\/product_tag?post=19888"}],"curies":[{"name":"wp","href":"https:\/\/api.w.org\/{rel}","templated":true}]}}