{"id":19937,"date":"2026-04-12T19:51:58","date_gmt":"2026-04-12T17:51:58","guid":{"rendered":"https:\/\/lumierediamonds.eu\/?post_type=product&#038;p=19937"},"modified":"2026-04-13T15:24:24","modified_gmt":"2026-04-13T13:24:24","slug":"solene-prinsesslipad-forlovningsring","status":"publish","type":"product","link":"https:\/\/lumierediamonds.eu\/sv\/produkt\/solene-prinsesslipad-forlovningsring\/","title":{"rendered":"Solene Princess Cut f\u00f6rlovningsring"},"content":{"rendered":"<p>Den minimalistiska men \u00e4nd\u00e5 sl\u00e5ende Solene Princess Cut Engagement Ring hyllar ren geometri och modern briljans.<\/p>\n<p>Med en labbodlad prinsesslipad diamant i mitten framh\u00e4ver designen skarp symmetri och dj\u00e4rv glitter. Den kvadratiska silhuetten ger en modern kant, medan det polerade 18k guldbandet f\u00f6rsiktigt smalnar av mot mittstenen. En graci\u00f6s katedralinfattning lyfter diamanten, vilket g\u00f6r att mer ljus kan passera igenom samtidigt som det ger subtil h\u00f6jd och arkitektonisk balans till designen.<\/p>\n<p>Prinsesslipningens skarpa linjer och briljanta fasetter skapar en sj\u00e4lvs\u00e4ker, modern look. Perfekt f\u00f6r dig som dras till struktur, precision och raffinerad briljans.<\/p>\n<p>Solene \u00e4r en riktig klassiker som passar vackert ihop med en m\u00e4ngd olika vigselringar eller st\u00e5r elegant f\u00f6r sig sj\u00e4lv.<\/p>","protected":false},"excerpt":{"rendered":"<p>Solene \u00e4r en raffinerad princess-cut f\u00f6rlovningsring med en labgrown-diamant i mitten, som kombinerar skarp symmetri med ett avsmalnande 18k guldband och en graci\u00f6s katedralinfattning. Den fyrkantiga silhuetten ger en modern, polerad look med f\u00f6rh\u00f6jd gnista och bekv\u00e4m vardagsanv\u00e4ndning.<\/p>","protected":false},"featured_media":19966,"template":"","meta":{"_acf_changed":false},"product_brand":[],"product_cat":[24,52],"product_tag":[1428,48,184,194,1427,191],"class_list":{"0":"post-19937","1":"product","2":"type-product","3":"status-publish","4":"has-post-thumbnail","6":"product_cat-engagement-rings","7":"product_cat-rings","8":"product_tag-cathedral-setting","9":"product_tag-engagement-ring","10":"product_tag-lab-grown-diamond","11":"product_tag-princess-cut","12":"product_tag-prong-setting","13":"product_tag-solitaire","14":"pa_metal-rose-gold","15":"pa_metal-white-gold","16":"pa_metal-yellow-gold","18":"first","19":"instock","20":"taxable","21":"shipping-taxable","22":"purchasable","23":"product-type-variable","24":"has-default-attributes"},"acf":[],"jetpack_sharing_enabled":true,"_links":{"self":[{"href":"https:\/\/lumierediamonds.eu\/sv\/wp-json\/wp\/v2\/product\/19937","targetHints":{"allow":["GET"]}}],"collection":[{"href":"https:\/\/lumierediamonds.eu\/sv\/wp-json\/wp\/v2\/product"}],"about":[{"href":"https:\/\/lumierediamonds.eu\/sv\/wp-json\/wp\/v2\/types\/product"}],"version-history":[{"count":1,"href":"https:\/\/lumierediamonds.eu\/sv\/wp-json\/wp\/v2\/product\/19937\/revisions"}],"predecessor-version":[{"id":21243,"href":"https:\/\/lumierediamonds.eu\/sv\/wp-json\/wp\/v2\/product\/19937\/revisions\/21243"}],"wp:featuredmedia":[{"embeddable":true,"href":"https:\/\/lumierediamonds.eu\/sv\/wp-json\/wp\/v2\/media\/19966"}],"wp:attachment":[{"href":"https:\/\/lumierediamonds.eu\/sv\/wp-json\/wp\/v2\/media?parent=19937"}],"wp:term":[{"taxonomy":"product_brand","embeddable":true,"href":"https:\/\/lumierediamonds.eu\/sv\/wp-json\/wp\/v2\/product_brand?post=19937"},{"taxonomy":"product_cat","embeddable":true,"href":"https:\/\/lumierediamonds.eu\/sv\/wp-json\/wp\/v2\/product_cat?post=19937"},{"taxonomy":"product_tag","embeddable":true,"href":"https:\/\/lumierediamonds.eu\/sv\/wp-json\/wp\/v2\/product_tag?post=19937"}],"curies":[{"name":"wp","href":"https:\/\/api.w.org\/{rel}","templated":true}]}}