{"id":20036,"date":"2026-04-12T20:06:30","date_gmt":"2026-04-12T18:06:30","guid":{"rendered":"https:\/\/lumierediamonds.eu\/?post_type=product&#038;p=20036"},"modified":"2026-04-13T15:49:32","modified_gmt":"2026-04-13T13:49:32","slug":"solene-paronformad-forlovningsring","status":"publish","type":"product","link":"https:\/\/lumierediamonds.eu\/sv\/produkt\/solene-paronformad-forlovningsring\/","title":{"rendered":"Solene p\u00e4ronslipad f\u00f6rlovningsring"},"content":{"rendered":"<p>Den minimala men \u00e4nd\u00e5 uttrycksfulla Solene Pear Cut Engagement Ring kombinerar briljans med en graci\u00f6s silhuett.<\/p>\n<p>I mitten finns en p\u00e4ronformad labbodlad diamant som f\u00f6renar glittret fr\u00e5n en rund slipning med elegansen hos en l\u00e5ngstr\u00e4ckt form. Det polerade 18k guldbandet smalnar f\u00f6rsiktigt av mot diamanten, medan katedralinfattningen lyfter stenen f\u00f6r att maximera ljus och n\u00e4rvaro.<\/p>\n<p>P\u00e4ronsk\u00e4rningens fina spets och rundade kurva skapar en romantisk, flytande form som k\u00e4nns b\u00e5de klassisk och distinkt.<\/p>","protected":false},"excerpt":{"rendered":"<p>Solene Pear Cut Engagement Ring kombinerar en p\u00e4ronformad labgrown-diamant med ett avsmalnande 18k guldband och en pronginfattning. Den l\u00e5ngstr\u00e4ckta silhuetten k\u00e4nns raffinerad p\u00e5 handen, med en graci\u00f6s profil som balanserar n\u00e4rvaro och b\u00e4rbarhet.<\/p>","protected":false},"featured_media":21222,"template":"","meta":{"_acf_changed":false},"product_brand":[],"product_cat":[24,52],"product_tag":[599,1428,48,1097,215,1427],"class_list":{"0":"post-20036","1":"product","2":"type-product","3":"status-publish","4":"has-post-thumbnail","6":"product_cat-engagement-rings","7":"product_cat-rings","8":"product_tag-18k-gold","9":"product_tag-cathedral-setting","10":"product_tag-engagement-ring","11":"product_tag-lab-grown-diamond-2","12":"product_tag-pear-cut","13":"product_tag-prong-setting","14":"pa_metal-rose-gold","15":"pa_metal-white-gold","16":"pa_metal-yellow-gold","18":"first","19":"instock","20":"taxable","21":"shipping-taxable","22":"purchasable","23":"product-type-variable","24":"has-default-attributes"},"acf":[],"jetpack_sharing_enabled":true,"_links":{"self":[{"href":"https:\/\/lumierediamonds.eu\/sv\/wp-json\/wp\/v2\/product\/20036","targetHints":{"allow":["GET"]}}],"collection":[{"href":"https:\/\/lumierediamonds.eu\/sv\/wp-json\/wp\/v2\/product"}],"about":[{"href":"https:\/\/lumierediamonds.eu\/sv\/wp-json\/wp\/v2\/types\/product"}],"version-history":[{"count":1,"href":"https:\/\/lumierediamonds.eu\/sv\/wp-json\/wp\/v2\/product\/20036\/revisions"}],"predecessor-version":[{"id":21287,"href":"https:\/\/lumierediamonds.eu\/sv\/wp-json\/wp\/v2\/product\/20036\/revisions\/21287"}],"wp:featuredmedia":[{"embeddable":true,"href":"https:\/\/lumierediamonds.eu\/sv\/wp-json\/wp\/v2\/media\/21222"}],"wp:attachment":[{"href":"https:\/\/lumierediamonds.eu\/sv\/wp-json\/wp\/v2\/media?parent=20036"}],"wp:term":[{"taxonomy":"product_brand","embeddable":true,"href":"https:\/\/lumierediamonds.eu\/sv\/wp-json\/wp\/v2\/product_brand?post=20036"},{"taxonomy":"product_cat","embeddable":true,"href":"https:\/\/lumierediamonds.eu\/sv\/wp-json\/wp\/v2\/product_cat?post=20036"},{"taxonomy":"product_tag","embeddable":true,"href":"https:\/\/lumierediamonds.eu\/sv\/wp-json\/wp\/v2\/product_tag?post=20036"}],"curies":[{"name":"wp","href":"https:\/\/api.w.org\/{rel}","templated":true}]}}