{"id":20113,"date":"2026-04-12T20:17:39","date_gmt":"2026-04-12T18:17:39","guid":{"rendered":"https:\/\/lumierediamonds.eu\/?post_type=product&#038;p=20113"},"modified":"2026-04-13T20:09:48","modified_gmt":"2026-04-13T18:09:48","slug":"solene-rundslipad-forlovningsring","status":"publish","type":"product","link":"https:\/\/lumierediamonds.eu\/sv\/produkt\/solene-rundslipad-forlovningsring\/","title":{"rendered":"Solene rundslipad f\u00f6rlovningsring"},"content":{"rendered":"<p>Elegans, designad f\u00f6r vardagen.<br \/>\nCentrerad med en rund briljant diamant, som ger tidl\u00f6s gnista och balanserad briljans. Aurelia Diamond Engagement Ring har en l\u00e5gprofilerad infattning som sitter n\u00e4rmare fingret f\u00f6r en s\u00e4ker och bekv\u00e4m passform. Det 2,4 mm breda bandet \u00e4r tillverkat i 18k gult, vitt eller ros\u00e9guld och ger styrka och balans, medan den mjukt skulpterade infattningen ger ringen mjuka, fl\u00f6dande linjer.<\/p>\n<p>Den \u00e4r designad f\u00f6r vardagsbruk och kombinerar h\u00e5llbar sk\u00f6nhet med praktisk design. Perfekt f\u00f6r dem med praktiska yrken eller en aktiv livsstil.<\/p>","protected":false},"excerpt":{"rendered":"<p>En f\u00f6rfinad f\u00f6rlovningsring med rund briljant diamant, en l\u00e5gprofilerad pronginfattning och ett smalt 1,80 mm band i LBMA-certifierat 18K guld. Solene \u00e4r designad f\u00f6r vardagsbruk och balanserar tidl\u00f6s glitter med en bekv\u00e4m passform som sitter n\u00e4ra fingrarna.<\/p>","protected":false},"featured_media":21245,"template":"","meta":{"_acf_changed":false},"product_brand":[],"product_cat":[24,52],"product_tag":[48,1432,1427,1431,1277,191],"class_list":{"0":"post-20113","1":"product","2":"type-product","3":"status-publish","4":"has-post-thumbnail","6":"product_cat-engagement-rings","7":"product_cat-rings","8":"product_tag-engagement-ring","9":"product_tag-low-profile","10":"product_tag-prong-setting","11":"product_tag-round-brilliant","12":"product_tag-round-cut","13":"product_tag-solitaire","14":"pa_metal-rose-gold","15":"pa_metal-white-gold","16":"pa_metal-yellow-gold","18":"first","19":"instock","20":"featured","21":"taxable","22":"shipping-taxable","23":"purchasable","24":"product-type-variable","25":"has-default-attributes"},"acf":[],"jetpack_sharing_enabled":true,"_links":{"self":[{"href":"https:\/\/lumierediamonds.eu\/sv\/wp-json\/wp\/v2\/product\/20113","targetHints":{"allow":["GET"]}}],"collection":[{"href":"https:\/\/lumierediamonds.eu\/sv\/wp-json\/wp\/v2\/product"}],"about":[{"href":"https:\/\/lumierediamonds.eu\/sv\/wp-json\/wp\/v2\/types\/product"}],"version-history":[{"count":2,"href":"https:\/\/lumierediamonds.eu\/sv\/wp-json\/wp\/v2\/product\/20113\/revisions"}],"predecessor-version":[{"id":21289,"href":"https:\/\/lumierediamonds.eu\/sv\/wp-json\/wp\/v2\/product\/20113\/revisions\/21289"}],"wp:featuredmedia":[{"embeddable":true,"href":"https:\/\/lumierediamonds.eu\/sv\/wp-json\/wp\/v2\/media\/21245"}],"wp:attachment":[{"href":"https:\/\/lumierediamonds.eu\/sv\/wp-json\/wp\/v2\/media?parent=20113"}],"wp:term":[{"taxonomy":"product_brand","embeddable":true,"href":"https:\/\/lumierediamonds.eu\/sv\/wp-json\/wp\/v2\/product_brand?post=20113"},{"taxonomy":"product_cat","embeddable":true,"href":"https:\/\/lumierediamonds.eu\/sv\/wp-json\/wp\/v2\/product_cat?post=20113"},{"taxonomy":"product_tag","embeddable":true,"href":"https:\/\/lumierediamonds.eu\/sv\/wp-json\/wp\/v2\/product_tag?post=20113"}],"curies":[{"name":"wp","href":"https:\/\/api.w.org\/{rel}","templated":true}]}}