{"id":20382,"date":"2026-04-12T20:50:16","date_gmt":"2026-04-12T18:50:16","guid":{"rendered":"https:\/\/lumierediamonds.eu\/?post_type=product&#038;p=20382"},"modified":"2026-04-13T16:16:27","modified_gmt":"2026-04-13T14:16:27","slug":"aurelia-oval-slipad-forlovningsring","status":"publish","type":"product","link":"https:\/\/lumierediamonds.eu\/sv\/produkt\/aurelia-oval-slipad-forlovningsring\/","title":{"rendered":"Aurelia Oval Cut f\u00f6rlovningsring"},"content":{"rendered":"<p>Elegans, designad f\u00f6r vardagen.<br \/>\nI mitten sitter en oval diamant som ger elegans och f\u00f6rl\u00e4nger fingret med en mjuk, graci\u00f6s form. Aurelia Diamond Engagement Ring har en l\u00e5gprofilerad infattning som sitter n\u00e4rmare fingret f\u00f6r en s\u00e4ker och bekv\u00e4m passform. Det 2,4 mm breda bandet \u00e4r tillverkat i 18k gult, vitt eller ros\u00e9guld och ger styrka och balans, medan den mjukt skulpterade infattningen ger ringen mjuka, fl\u00f6dande linjer.<\/p>\n<p>Den \u00e4r designad f\u00f6r vardagsbruk och kombinerar h\u00e5llbar sk\u00f6nhet med praktisk design. Perfekt f\u00f6r dem med praktiska yrken eller en aktiv livsstil.<\/p>","protected":false},"excerpt":{"rendered":"<p>Aurelia Engagement Ring har en oval labbodlad diamant i en l\u00e5gprofilerad pronginfattning, designad f\u00f6r att sitta n\u00e4ra fingret med en s\u00e4ker och bekv\u00e4m k\u00e4nsla. Den \u00e4r tillverkad i 18k guld med ett 2,4 mm band och balanserar vardaglig b\u00e4rbarhet med en raffinerad, l\u00e5ngstr\u00e4ckt silhuett.<\/p>","protected":false},"featured_media":20410,"template":"","meta":{"_acf_changed":false},"product_brand":[],"product_cat":[24,52],"product_tag":[599,48,184,1432,210,1427],"class_list":{"0":"post-20382","1":"product","2":"type-product","3":"status-publish","4":"has-post-thumbnail","6":"product_cat-engagement-rings","7":"product_cat-rings","8":"product_tag-18k-gold","9":"product_tag-engagement-ring","10":"product_tag-lab-grown-diamond","11":"product_tag-low-profile","12":"product_tag-oval-cut","13":"product_tag-prong-setting","14":"pa_metal-rose-gold","15":"pa_metal-white-gold","16":"pa_metal-yellow-gold","18":"first","19":"instock","20":"taxable","21":"shipping-taxable","22":"purchasable","23":"product-type-variable","24":"has-default-attributes"},"acf":[],"jetpack_sharing_enabled":true,"_links":{"self":[{"href":"https:\/\/lumierediamonds.eu\/sv\/wp-json\/wp\/v2\/product\/20382","targetHints":{"allow":["GET"]}}],"collection":[{"href":"https:\/\/lumierediamonds.eu\/sv\/wp-json\/wp\/v2\/product"}],"about":[{"href":"https:\/\/lumierediamonds.eu\/sv\/wp-json\/wp\/v2\/types\/product"}],"version-history":[{"count":1,"href":"https:\/\/lumierediamonds.eu\/sv\/wp-json\/wp\/v2\/product\/20382\/revisions"}],"predecessor-version":[{"id":21321,"href":"https:\/\/lumierediamonds.eu\/sv\/wp-json\/wp\/v2\/product\/20382\/revisions\/21321"}],"wp:featuredmedia":[{"embeddable":true,"href":"https:\/\/lumierediamonds.eu\/sv\/wp-json\/wp\/v2\/media\/20410"}],"wp:attachment":[{"href":"https:\/\/lumierediamonds.eu\/sv\/wp-json\/wp\/v2\/media?parent=20382"}],"wp:term":[{"taxonomy":"product_brand","embeddable":true,"href":"https:\/\/lumierediamonds.eu\/sv\/wp-json\/wp\/v2\/product_brand?post=20382"},{"taxonomy":"product_cat","embeddable":true,"href":"https:\/\/lumierediamonds.eu\/sv\/wp-json\/wp\/v2\/product_cat?post=20382"},{"taxonomy":"product_tag","embeddable":true,"href":"https:\/\/lumierediamonds.eu\/sv\/wp-json\/wp\/v2\/product_tag?post=20382"}],"curies":[{"name":"wp","href":"https:\/\/api.w.org\/{rel}","templated":true}]}}