{"id":20480,"date":"2026-04-12T21:06:03","date_gmt":"2026-04-12T19:06:03","guid":{"rendered":"https:\/\/lumierediamonds.eu\/?post_type=product&#038;p=20480"},"modified":"2026-04-13T16:18:44","modified_gmt":"2026-04-13T14:18:44","slug":"aurelia-forlovningsring-med-radiantslipning","status":"publish","type":"product","link":"https:\/\/lumierediamonds.eu\/sv\/produkt\/aurelia-forlovningsring-med-radiantslipning\/","title":{"rendered":"Aurelia Radiant Cut f\u00f6rlovningsring"},"content":{"rendered":"<p>Elegans, designad f\u00f6r vardagen.<br \/>\nCentrerad med en radiantslipad diamant, som ger stark briljans med en modern geometrisk k\u00e4nsla. Aurelia Diamond Engagement Ring har en l\u00e5gprofilerad infattning som sitter n\u00e4rmare fingret f\u00f6r en s\u00e4ker och bekv\u00e4m passform. Det 2,4 mm breda bandet \u00e4r tillverkat i 18k gult, vitt eller ros\u00e9guld och ger styrka och balans, medan den mjukt skulpterade infattningen ger ringen mjuka, fl\u00f6dande linjer.<\/p>\n<p>Den \u00e4r designad f\u00f6r vardagsbruk och kombinerar h\u00e5llbar sk\u00f6nhet med praktisk design. Perfekt f\u00f6r dem med praktiska yrken eller en aktiv livsstil.<\/p>","protected":false},"excerpt":{"rendered":"<p>Aurelia f\u00f6rlovningsring kombinerar en radiantslipad mittsten med en l\u00e5gprofilerad prongfattning f\u00f6r en s\u00e4ker och balanserad passform. Den \u00e4r tillverkad i LBMA-certifierat 18K guld med ett 2,4 mm band och erbjuder stark briljans och en ren silhuett designad f\u00f6r vardagsbruk.<\/p>","protected":false},"featured_media":20508,"template":"","meta":{"_acf_changed":false},"product_brand":[],"product_cat":[24,52],"product_tag":[1442,183,48,1433,1430,1427,1401],"class_list":{"0":"post-20480","1":"product","2":"type-product","3":"status-publish","4":"has-post-thumbnail","6":"product_cat-engagement-rings","7":"product_cat-rings","8":"product_tag-2-4-mm-band","9":"product_tag-diamond-ring","10":"product_tag-engagement-ring","11":"product_tag-everyday-wear","12":"product_tag-low-profile-setting","13":"product_tag-prong-setting","14":"product_tag-radiant-cut","15":"pa_metal-rose-gold","16":"pa_metal-white-gold","17":"pa_metal-yellow-gold","19":"first","20":"instock","21":"taxable","22":"shipping-taxable","23":"purchasable","24":"product-type-variable","25":"has-default-attributes"},"acf":[],"jetpack_sharing_enabled":true,"_links":{"self":[{"href":"https:\/\/lumierediamonds.eu\/sv\/wp-json\/wp\/v2\/product\/20480","targetHints":{"allow":["GET"]}}],"collection":[{"href":"https:\/\/lumierediamonds.eu\/sv\/wp-json\/wp\/v2\/product"}],"about":[{"href":"https:\/\/lumierediamonds.eu\/sv\/wp-json\/wp\/v2\/types\/product"}],"version-history":[{"count":1,"href":"https:\/\/lumierediamonds.eu\/sv\/wp-json\/wp\/v2\/product\/20480\/revisions"}],"predecessor-version":[{"id":21323,"href":"https:\/\/lumierediamonds.eu\/sv\/wp-json\/wp\/v2\/product\/20480\/revisions\/21323"}],"wp:featuredmedia":[{"embeddable":true,"href":"https:\/\/lumierediamonds.eu\/sv\/wp-json\/wp\/v2\/media\/20508"}],"wp:attachment":[{"href":"https:\/\/lumierediamonds.eu\/sv\/wp-json\/wp\/v2\/media?parent=20480"}],"wp:term":[{"taxonomy":"product_brand","embeddable":true,"href":"https:\/\/lumierediamonds.eu\/sv\/wp-json\/wp\/v2\/product_brand?post=20480"},{"taxonomy":"product_cat","embeddable":true,"href":"https:\/\/lumierediamonds.eu\/sv\/wp-json\/wp\/v2\/product_cat?post=20480"},{"taxonomy":"product_tag","embeddable":true,"href":"https:\/\/lumierediamonds.eu\/sv\/wp-json\/wp\/v2\/product_tag?post=20480"}],"curies":[{"name":"wp","href":"https:\/\/api.w.org\/{rel}","templated":true}]}}