{"id":20529,"date":"2026-04-12T21:13:56","date_gmt":"2026-04-12T19:13:56","guid":{"rendered":"https:\/\/lumierediamonds.eu\/?post_type=product&#038;p=20529"},"modified":"2026-04-13T16:19:47","modified_gmt":"2026-04-13T14:19:47","slug":"aurelia-paronslipad-forlovningsring","status":"publish","type":"product","link":"https:\/\/lumierediamonds.eu\/sv\/produkt\/aurelia-paronslipad-forlovningsring\/","title":{"rendered":"Aurelia p\u00e4ronslipad f\u00f6rlovningsring"},"content":{"rendered":"<p>Elegans, designad f\u00f6r vardagen.<br \/>\nCentrerad med en p\u00e4ronformad diamant, som ger mjukhet och en distinkt, elegant silhuett. Aurelia Diamond Engagement Ring har en l\u00e5gprofilerad infattning som sitter n\u00e4rmare fingret f\u00f6r en s\u00e4ker och bekv\u00e4m passform. Det 2,4 mm breda bandet \u00e4r tillverkat i 18k gult, vitt eller ros\u00e9guld och ger styrka och balans, medan den mjukt skulpterade infattningen ger ringen mjuka, fl\u00f6dande linjer.<\/p>\n<p>Den \u00e4r designad f\u00f6r vardagsbruk och kombinerar h\u00e5llbar sk\u00f6nhet med praktisk design. Perfekt f\u00f6r dem med praktiska yrken eller en aktiv livsstil.<\/p>","protected":false},"excerpt":{"rendered":"<p>En raffinerad p\u00e4ronformad f\u00f6rlovningsring med en p\u00e4ronformad diamant i centrum, l\u00e5gt infattad f\u00f6r en n\u00e4ra och s\u00e4ker passform. Det 2,4 mm breda bandet i 18k gult, vitt eller ros\u00e9guld ger balans och vardagskomfort med en ren, elegant profil.<\/p>","protected":false},"featured_media":21266,"template":"","meta":{"_acf_changed":false},"product_brand":[],"product_cat":[24,52],"product_tag":[48,1432,215,1444,1427,191],"class_list":{"0":"post-20529","1":"product","2":"type-product","3":"status-publish","4":"has-post-thumbnail","6":"product_cat-engagement-rings","7":"product_cat-rings","8":"product_tag-engagement-ring","9":"product_tag-low-profile","10":"product_tag-pear-cut","11":"product_tag-pear-shaped-diamond","12":"product_tag-prong-setting","13":"product_tag-solitaire","14":"pa_metal-rose-gold","15":"pa_metal-white-gold","16":"pa_metal-yellow-gold","18":"first","19":"instock","20":"taxable","21":"shipping-taxable","22":"purchasable","23":"product-type-variable","24":"has-default-attributes"},"acf":[],"jetpack_sharing_enabled":true,"_links":{"self":[{"href":"https:\/\/lumierediamonds.eu\/sv\/wp-json\/wp\/v2\/product\/20529","targetHints":{"allow":["GET"]}}],"collection":[{"href":"https:\/\/lumierediamonds.eu\/sv\/wp-json\/wp\/v2\/product"}],"about":[{"href":"https:\/\/lumierediamonds.eu\/sv\/wp-json\/wp\/v2\/types\/product"}],"version-history":[{"count":1,"href":"https:\/\/lumierediamonds.eu\/sv\/wp-json\/wp\/v2\/product\/20529\/revisions"}],"predecessor-version":[{"id":21324,"href":"https:\/\/lumierediamonds.eu\/sv\/wp-json\/wp\/v2\/product\/20529\/revisions\/21324"}],"wp:featuredmedia":[{"embeddable":true,"href":"https:\/\/lumierediamonds.eu\/sv\/wp-json\/wp\/v2\/media\/21266"}],"wp:attachment":[{"href":"https:\/\/lumierediamonds.eu\/sv\/wp-json\/wp\/v2\/media?parent=20529"}],"wp:term":[{"taxonomy":"product_brand","embeddable":true,"href":"https:\/\/lumierediamonds.eu\/sv\/wp-json\/wp\/v2\/product_brand?post=20529"},{"taxonomy":"product_cat","embeddable":true,"href":"https:\/\/lumierediamonds.eu\/sv\/wp-json\/wp\/v2\/product_cat?post=20529"},{"taxonomy":"product_tag","embeddable":true,"href":"https:\/\/lumierediamonds.eu\/sv\/wp-json\/wp\/v2\/product_tag?post=20529"}],"curies":[{"name":"wp","href":"https:\/\/api.w.org\/{rel}","templated":true}]}}