{"id":20557,"date":"2026-04-12T21:17:10","date_gmt":"2026-04-12T19:17:10","guid":{"rendered":"https:\/\/lumierediamonds.eu\/?post_type=product&#038;p=20557"},"modified":"2026-04-13T16:20:47","modified_gmt":"2026-04-13T14:20:47","slug":"aurelia-marquiseslipad-forlovningsring","status":"publish","type":"product","link":"https:\/\/lumierediamonds.eu\/sv\/produkt\/aurelia-marquiseslipad-forlovningsring\/","title":{"rendered":"Aurelia Marquise Cut f\u00f6rlovningsring"},"content":{"rendered":"<p>Elegans, designad f\u00f6r vardagen.<br \/>\nCentrerad med en marquise-diamant, som ger l\u00e4ngd, dramatik och en raffinerad vintagek\u00e4nsla. Aurelia Diamond Engagement Ring har en l\u00e5gprofilerad infattning som sitter n\u00e4rmare fingret f\u00f6r en s\u00e4ker och bekv\u00e4m passform. Det 2,4 mm breda bandet \u00e4r tillverkat i 18k gult, vitt eller ros\u00e9guld och ger styrka och balans, medan den mjukt skulpterade infattningen ger ringen mjuka, fl\u00f6dande linjer.<\/p>\n<p>Den \u00e4r designad f\u00f6r vardagsbruk och kombinerar h\u00e5llbar sk\u00f6nhet med praktisk design. Perfekt f\u00f6r dem med praktiska yrken eller en aktiv livsstil.<\/p>","protected":false},"excerpt":{"rendered":"<p>Aurelia f\u00f6rlovningsring har en marquise labbodlad diamant i en raffinerad pronginfattning, balanserad av ett 2,4 mm band i 18k guld. Den l\u00e5gprofilerade silhuetten sitter n\u00e4ra fingret f\u00f6r en s\u00e4ker och bekv\u00e4m k\u00e4nsla och ett polerat utseende som passar f\u00f6r vardagsbruk.<\/p>","protected":false},"featured_media":20585,"template":"","meta":{"_acf_changed":false},"product_brand":[],"product_cat":[24,52],"product_tag":[599,48,184,1432,1429,1427,191],"class_list":{"0":"post-20557","1":"product","2":"type-product","3":"status-publish","4":"has-post-thumbnail","6":"product_cat-engagement-rings","7":"product_cat-rings","8":"product_tag-18k-gold","9":"product_tag-engagement-ring","10":"product_tag-lab-grown-diamond","11":"product_tag-low-profile","12":"product_tag-marquise-cut","13":"product_tag-prong-setting","14":"product_tag-solitaire","15":"pa_metal-rose-gold","16":"pa_metal-white-gold","17":"pa_metal-yellow-gold","19":"first","20":"instock","21":"taxable","22":"shipping-taxable","23":"purchasable","24":"product-type-variable","25":"has-default-attributes"},"acf":[],"jetpack_sharing_enabled":true,"_links":{"self":[{"href":"https:\/\/lumierediamonds.eu\/sv\/wp-json\/wp\/v2\/product\/20557","targetHints":{"allow":["GET"]}}],"collection":[{"href":"https:\/\/lumierediamonds.eu\/sv\/wp-json\/wp\/v2\/product"}],"about":[{"href":"https:\/\/lumierediamonds.eu\/sv\/wp-json\/wp\/v2\/types\/product"}],"version-history":[{"count":1,"href":"https:\/\/lumierediamonds.eu\/sv\/wp-json\/wp\/v2\/product\/20557\/revisions"}],"predecessor-version":[{"id":21325,"href":"https:\/\/lumierediamonds.eu\/sv\/wp-json\/wp\/v2\/product\/20557\/revisions\/21325"}],"wp:featuredmedia":[{"embeddable":true,"href":"https:\/\/lumierediamonds.eu\/sv\/wp-json\/wp\/v2\/media\/20585"}],"wp:attachment":[{"href":"https:\/\/lumierediamonds.eu\/sv\/wp-json\/wp\/v2\/media?parent=20557"}],"wp:term":[{"taxonomy":"product_brand","embeddable":true,"href":"https:\/\/lumierediamonds.eu\/sv\/wp-json\/wp\/v2\/product_brand?post=20557"},{"taxonomy":"product_cat","embeddable":true,"href":"https:\/\/lumierediamonds.eu\/sv\/wp-json\/wp\/v2\/product_cat?post=20557"},{"taxonomy":"product_tag","embeddable":true,"href":"https:\/\/lumierediamonds.eu\/sv\/wp-json\/wp\/v2\/product_tag?post=20557"}],"curies":[{"name":"wp","href":"https:\/\/api.w.org\/{rel}","templated":true}]}}