{"id":28444,"date":"2026-04-22T20:52:24","date_gmt":"2026-04-22T18:52:24","guid":{"rendered":"https:\/\/lumierediamonds.eu\/?post_type=product&#038;p=28444"},"modified":"2026-04-23T20:03:26","modified_gmt":"2026-04-23T18:03:26","slug":"linea-rundslipad-pave-forlovningsring","status":"publish","type":"product","link":"https:\/\/lumierediamonds.eu\/sv\/produkt\/linea-rundslipad-pave-forlovningsring\/","title":{"rendered":"Linea rundslipad pav\u00e9 f\u00f6rlovningsring"},"content":{"rendered":"<p>Den eleganta och lysande Linea Round Brilliant Engagement Ring \u00e4r designad f\u00f6r att framh\u00e4va sk\u00f6nheten hos en klassisk mittsten genom precision och ljus.<\/p>\n<p>Ett smalt band med knivkant \u00e4r prytt med fina pav\u00e9infattade diamanter som skapar ett mjukt, kontinuerligt skimmer som f\u00f6rst\u00e4rker snarare \u00e4n \u00f6verv\u00e4ldigar mittdiamanten. Bandet avsmalnar f\u00f6rsiktigt mot infattningen, vilket drar \u00f6gat in\u00e5t samtidigt som det uppr\u00e4tth\u00e5ller en balanserad silhuett.<\/p>\n<p>En graci\u00f6s katedralinfattning lyfter den runda briljanta labgrown-diamanten och l\u00e5ter mer ljus komma in i stenen samtidigt som den ger subtil h\u00f6jd och elegant struktur.<\/p>\n<p>Linea \u00e4r tillverkad i polerat 18k gult, vitt eller ros\u00e9guld och erbjuder tidl\u00f6s briljans med en raffinerad, modern finish.<\/p>","protected":false},"excerpt":{"rendered":"<p>Den graci\u00f6sa och lysande Linea Round Brilliant Engagement Ring kombinerar en rund labgrown diamant med ett smalt pav\u00e9infattat knivkantat band. En katedralinfattning lyfter mittstenen med balanserad struktur, medan polerat 18k guld ger en raffinerad finish. Tidl\u00f6s, elegant och gjord f\u00f6r att b\u00e4ras varje dag.<\/p>","protected":false},"featured_media":29217,"template":"","meta":{"_acf_changed":false},"product_brand":[],"product_cat":[24,52],"product_tag":[1428,48,1452,1097,188,1431],"class_list":{"0":"post-28444","1":"product","2":"type-product","3":"status-publish","4":"has-post-thumbnail","6":"product_cat-engagement-rings","7":"product_cat-rings","8":"product_tag-cathedral-setting","9":"product_tag-engagement-ring","10":"product_tag-knife-edge-band","11":"product_tag-lab-grown-diamond-2","12":"product_tag-pave-setting","13":"product_tag-round-brilliant","14":"pa_metal-rose-gold","15":"pa_metal-white-gold","16":"pa_metal-yellow-gold","18":"first","19":"instock","20":"taxable","21":"shipping-taxable","22":"purchasable","23":"product-type-variable","24":"has-default-attributes"},"acf":[],"jetpack_sharing_enabled":true,"_links":{"self":[{"href":"https:\/\/lumierediamonds.eu\/sv\/wp-json\/wp\/v2\/product\/28444","targetHints":{"allow":["GET"]}}],"collection":[{"href":"https:\/\/lumierediamonds.eu\/sv\/wp-json\/wp\/v2\/product"}],"about":[{"href":"https:\/\/lumierediamonds.eu\/sv\/wp-json\/wp\/v2\/types\/product"}],"version-history":[{"count":3,"href":"https:\/\/lumierediamonds.eu\/sv\/wp-json\/wp\/v2\/product\/28444\/revisions"}],"predecessor-version":[{"id":31394,"href":"https:\/\/lumierediamonds.eu\/sv\/wp-json\/wp\/v2\/product\/28444\/revisions\/31394"}],"wp:featuredmedia":[{"embeddable":true,"href":"https:\/\/lumierediamonds.eu\/sv\/wp-json\/wp\/v2\/media\/29217"}],"wp:attachment":[{"href":"https:\/\/lumierediamonds.eu\/sv\/wp-json\/wp\/v2\/media?parent=28444"}],"wp:term":[{"taxonomy":"product_brand","embeddable":true,"href":"https:\/\/lumierediamonds.eu\/sv\/wp-json\/wp\/v2\/product_brand?post=28444"},{"taxonomy":"product_cat","embeddable":true,"href":"https:\/\/lumierediamonds.eu\/sv\/wp-json\/wp\/v2\/product_cat?post=28444"},{"taxonomy":"product_tag","embeddable":true,"href":"https:\/\/lumierediamonds.eu\/sv\/wp-json\/wp\/v2\/product_tag?post=28444"}],"curies":[{"name":"wp","href":"https:\/\/api.w.org\/{rel}","templated":true}]}}