{"id":30431,"date":"2026-04-23T17:18:17","date_gmt":"2026-04-23T15:18:17","guid":{"rendered":"https:\/\/lumierediamonds.eu\/?post_type=product&#038;p=30431"},"modified":"2026-04-23T20:53:05","modified_gmt":"2026-04-23T18:53:05","slug":"linea-smaragdslipad-pave-forlovningsring","status":"publish","type":"product","link":"https:\/\/lumierediamonds.eu\/sv\/produkt\/linea-smaragdslipad-pave-forlovningsring\/","title":{"rendered":"Linea smaragdslipad pav\u00e9 f\u00f6rlovningsring"},"content":{"rendered":"<p>Den eleganta och lysande Linea Emerald Cut Pav\u00e9 Engagement Ring \u00e4r designad f\u00f6r att framh\u00e4va sk\u00f6nheten hos en klassisk mittsten genom precision och ljus.<\/p>\n<p>Ett smalt band med knivkant \u00e4r prytt med fina pav\u00e9infattade diamanter som skapar ett mjukt, kontinuerligt skimmer som f\u00f6rst\u00e4rker snarare \u00e4n \u00f6verv\u00e4ldigar mittdiamanten. Bandet avsmalnar f\u00f6rsiktigt mot infattningen, vilket drar \u00f6gat in\u00e5t samtidigt som det uppr\u00e4tth\u00e5ller en balanserad silhuett.<\/p>\n<p>En graci\u00f6s katedralinfattning lyfter den smaragdslipade labgrown-diamanten och l\u00e5ter mer ljus komma in i stenen samtidigt som den ger subtil h\u00f6jd och elegant struktur.<\/p>\n<p>Linea \u00e4r tillverkad i polerat 18k gult, vitt eller ros\u00e9guld och erbjuder tidl\u00f6s briljans med en raffinerad, modern finish.<\/p>","protected":false},"excerpt":{"rendered":"<p>Linea Engagement Ring \u00e4r en graci\u00f6s och lysande f\u00f6rlovningsring med en smaragdskuren labgrown mittsten, pav\u00e9diamanter och ett avsmalnande band i 18k guld.<\/p>","protected":false},"featured_media":31143,"template":"","meta":{"_acf_changed":false},"product_brand":[],"product_cat":[24,52],"product_tag":[1428,1274,48,1452,184,1455],"class_list":{"0":"post-30431","1":"product","2":"type-product","3":"status-publish","4":"has-post-thumbnail","6":"product_cat-engagement-rings","7":"product_cat-rings","8":"product_tag-cathedral-setting","9":"product_tag-emerald-cut","10":"product_tag-engagement-ring","11":"product_tag-knife-edge-band","12":"product_tag-lab-grown-diamond","13":"product_tag-pave-diamonds","14":"pa_metal-rose-gold","15":"pa_metal-white-gold","16":"pa_metal-yellow-gold","18":"first","19":"instock","20":"taxable","21":"shipping-taxable","22":"purchasable","23":"product-type-variable","24":"has-default-attributes"},"acf":[],"jetpack_sharing_enabled":true,"_links":{"self":[{"href":"https:\/\/lumierediamonds.eu\/sv\/wp-json\/wp\/v2\/product\/30431","targetHints":{"allow":["GET"]}}],"collection":[{"href":"https:\/\/lumierediamonds.eu\/sv\/wp-json\/wp\/v2\/product"}],"about":[{"href":"https:\/\/lumierediamonds.eu\/sv\/wp-json\/wp\/v2\/types\/product"}],"version-history":[{"count":4,"href":"https:\/\/lumierediamonds.eu\/sv\/wp-json\/wp\/v2\/product\/30431\/revisions"}],"predecessor-version":[{"id":31476,"href":"https:\/\/lumierediamonds.eu\/sv\/wp-json\/wp\/v2\/product\/30431\/revisions\/31476"}],"wp:featuredmedia":[{"embeddable":true,"href":"https:\/\/lumierediamonds.eu\/sv\/wp-json\/wp\/v2\/media\/31143"}],"wp:attachment":[{"href":"https:\/\/lumierediamonds.eu\/sv\/wp-json\/wp\/v2\/media?parent=30431"}],"wp:term":[{"taxonomy":"product_brand","embeddable":true,"href":"https:\/\/lumierediamonds.eu\/sv\/wp-json\/wp\/v2\/product_brand?post=30431"},{"taxonomy":"product_cat","embeddable":true,"href":"https:\/\/lumierediamonds.eu\/sv\/wp-json\/wp\/v2\/product_cat?post=30431"},{"taxonomy":"product_tag","embeddable":true,"href":"https:\/\/lumierediamonds.eu\/sv\/wp-json\/wp\/v2\/product_tag?post=30431"}],"curies":[{"name":"wp","href":"https:\/\/api.w.org\/{rel}","templated":true}]}}