{"id":32065,"date":"2026-04-23T23:09:06","date_gmt":"2026-04-23T21:09:06","guid":{"rendered":"https:\/\/lumierediamonds.eu\/?post_type=product&#038;p=32065"},"modified":"2026-04-23T23:19:19","modified_gmt":"2026-04-23T21:19:19","slug":"elysia-femradig-diamantring","status":"publish","type":"product","link":"https:\/\/lumierediamonds.eu\/sv\/produkt\/elysia-femradig-diamantring\/","title":{"rendered":"Elysia femradig diamantring"},"content":{"rendered":"<p>Elysia Five Row Diamond Ring \u00e4r en str\u00e5lande och uttrycksfull diamantring som \u00e4r designad som ett uttryck f\u00f6r ljus, textur och modern elegans.<\/p>\n<p>Fem rader med pav\u00e9infattade labgrown-diamanter, med 59 runda stenar p\u00e5 totalt 3,5 carat, skapar en kontinuerlig yta av briljans \u00f6ver bandet. Utformningen ger ringen djup, dimension och ett starkt ljusinsl\u00e4pp fr\u00e5n alla vinklar.<\/p>\n<p>Den mjukt konturerade silhuetten ger en balanserad och bekv\u00e4m passform, medan den fullst\u00e4ndiga pav\u00e9looken ger smycket en dj\u00e4rv men \u00e4nd\u00e5 raffinerad n\u00e4rvaro.<\/p>\n<p>Elysia-ringen \u00e4r tillverkad i polerat 18k vitguld och \u00e4r en hyllning till briljans och hantverkskunnande, skapad f\u00f6r dem som dras till effektfulla smycken med varaktig elegans.<\/p>","protected":false},"excerpt":{"rendered":"<p>Str\u00e5lande och uttrycksfull, Elysia Five Row Diamond Ring \u00e4r designad som ett uttalande av ljus, textur och modern elegans. Fem rader av pav\u00e9infattade...<\/p>","protected":false},"featured_media":32093,"template":"","meta":{"_acf_changed":false},"product_brand":[],"product_cat":[52,1010,898],"product_tag":[183,189,182,48,184,192,191,185],"class_list":{"0":"post-32065","1":"product","2":"type-product","3":"status-publish","4":"has-post-thumbnail","6":"product_cat-rings","7":"product_cat-cocktail-rings","8":"product_cat-statement-rings","9":"product_tag-diamond-ring","10":"product_tag-emerald","11":"product_tag-engagement","12":"product_tag-engagement-ring","13":"product_tag-lab-grown-diamond","14":"product_tag-ring","15":"product_tag-solitaire","16":"product_tag-vvs1","17":"pa_metal-white-gold","19":"first","20":"instock","21":"taxable","22":"shipping-taxable","23":"purchasable","24":"product-type-simple"},"acf":[],"jetpack_sharing_enabled":true,"_links":{"self":[{"href":"https:\/\/lumierediamonds.eu\/sv\/wp-json\/wp\/v2\/product\/32065","targetHints":{"allow":["GET"]}}],"collection":[{"href":"https:\/\/lumierediamonds.eu\/sv\/wp-json\/wp\/v2\/product"}],"about":[{"href":"https:\/\/lumierediamonds.eu\/sv\/wp-json\/wp\/v2\/types\/product"}],"version-history":[{"count":1,"href":"https:\/\/lumierediamonds.eu\/sv\/wp-json\/wp\/v2\/product\/32065\/revisions"}],"predecessor-version":[{"id":32097,"href":"https:\/\/lumierediamonds.eu\/sv\/wp-json\/wp\/v2\/product\/32065\/revisions\/32097"}],"wp:featuredmedia":[{"embeddable":true,"href":"https:\/\/lumierediamonds.eu\/sv\/wp-json\/wp\/v2\/media\/32093"}],"wp:attachment":[{"href":"https:\/\/lumierediamonds.eu\/sv\/wp-json\/wp\/v2\/media?parent=32065"}],"wp:term":[{"taxonomy":"product_brand","embeddable":true,"href":"https:\/\/lumierediamonds.eu\/sv\/wp-json\/wp\/v2\/product_brand?post=32065"},{"taxonomy":"product_cat","embeddable":true,"href":"https:\/\/lumierediamonds.eu\/sv\/wp-json\/wp\/v2\/product_cat?post=32065"},{"taxonomy":"product_tag","embeddable":true,"href":"https:\/\/lumierediamonds.eu\/sv\/wp-json\/wp\/v2\/product_tag?post=32065"}],"curies":[{"name":"wp","href":"https:\/\/api.w.org\/{rel}","templated":true}]}}