{"id":5933,"date":"2024-11-29T20:44:12","date_gmt":"2024-11-29T19:44:12","guid":{"rendered":"https:\/\/lumierediamonds.eu\/?post_type=product&#038;p=5933"},"modified":"2025-11-17T14:04:45","modified_gmt":"2025-11-17T13:04:45","slug":"eterna-diamantorhangen","status":"publish","type":"product","link":"https:\/\/lumierediamonds.eu\/sv\/produkt\/eterna-diamantorhangen\/","title":{"rendered":"Eterna runda diamant\u00f6rh\u00e4ngen"},"content":{"rendered":"<p data-start=\"147\" data-end=\"341\">Tidl\u00f6s och oumb\u00e4rlig, den <strong data-start=\"175\" data-end=\"207\">Eterna runda diamant\u00f6rh\u00e4ngen<\/strong> har runda briljantslipade laboratorieframst\u00e4llda diamanter i en klassisk fyrklorinfattning \u2013 k\u00e4nda f\u00f6r sin o\u00f6vertr\u00e4ffade glans och tidl\u00f6sa stil.<\/p>\n<p data-start=\"343\" data-end=\"611\" data-is-last-node=\"\" data-is-only-node=\"\">De \u00e4r tillverkade i 18 karats gult, vitt eller ros\u00e9guld och finns i karatstorlekar fr\u00e5n 0,3 ct till 4 ct.. Oavsett om du f\u00f6redrar en diskret glans eller ett dj\u00e4rvt statement \u00e4r dessa m\u00e5ngsidiga \u00f6rh\u00e4ngen designade f\u00f6r att lysa varje dag och h\u00e5lla en livstid.<\/p>\n<p data-start=\"380\" data-end=\"631\">","protected":false},"excerpt":{"rendered":"<p data-start=\"147\" data-end=\"341\">Tidl\u00f6s och oumb\u00e4rlig, den <strong data-start=\"175\" data-end=\"207\">Eterna runda diamant\u00f6rh\u00e4ngen<\/strong> har runda briljantslipade laboratorieframst\u00e4llda diamanter i en klassisk fyrklorinfattning \u2013 k\u00e4nda f\u00f6r sin o\u00f6vertr\u00e4ffade glans och tidl\u00f6sa stil.<\/p>\n<p data-start=\"343\" data-end=\"611\" data-is-last-node=\"\" data-is-only-node=\"\">De \u00e4r tillverkade i 18 karats gult, vitt eller ros\u00e9guld och finns i karatstorlekar fr\u00e5n 0,3 ct till 4 ct.. Oavsett om du f\u00f6redrar en diskret glans eller ett dj\u00e4rvt statement \u00e4r dessa m\u00e5ngsidiga \u00f6rh\u00e4ngen designade f\u00f6r att lysa varje dag och h\u00e5lla en livstid.<\/p>\n<p data-start=\"380\" data-end=\"631\">","protected":false},"featured_media":6044,"template":"","meta":{"_acf_changed":false},"product_brand":[],"product_cat":[54,760],"product_tag":[201,205,202,184,203,204,185],"class_list":{"0":"post-5933","1":"product","2":"type-product","3":"status-publish","4":"has-post-thumbnail","6":"product_cat-earrings","7":"product_cat-stud-earrings","8":"product_tag-diamond-earrings","9":"product_tag-diamond-studs","10":"product_tag-earrings","11":"product_tag-lab-grown-diamond","12":"product_tag-stud-earrings","13":"product_tag-studs","14":"product_tag-vvs1","15":"pa_metal-rose-gold","16":"pa_metal-white-gold","17":"pa_metal-yellow-gold","19":"first","20":"instock","21":"featured","22":"taxable","23":"shipping-taxable","24":"purchasable","25":"product-type-variable"},"acf":[],"jetpack_sharing_enabled":true,"_links":{"self":[{"href":"https:\/\/lumierediamonds.eu\/sv\/wp-json\/wp\/v2\/product\/5933","targetHints":{"allow":["GET"]}}],"collection":[{"href":"https:\/\/lumierediamonds.eu\/sv\/wp-json\/wp\/v2\/product"}],"about":[{"href":"https:\/\/lumierediamonds.eu\/sv\/wp-json\/wp\/v2\/types\/product"}],"version-history":[{"count":9,"href":"https:\/\/lumierediamonds.eu\/sv\/wp-json\/wp\/v2\/product\/5933\/revisions"}],"predecessor-version":[{"id":11480,"href":"https:\/\/lumierediamonds.eu\/sv\/wp-json\/wp\/v2\/product\/5933\/revisions\/11480"}],"wp:featuredmedia":[{"embeddable":true,"href":"https:\/\/lumierediamonds.eu\/sv\/wp-json\/wp\/v2\/media\/6044"}],"wp:attachment":[{"href":"https:\/\/lumierediamonds.eu\/sv\/wp-json\/wp\/v2\/media?parent=5933"}],"wp:term":[{"taxonomy":"product_brand","embeddable":true,"href":"https:\/\/lumierediamonds.eu\/sv\/wp-json\/wp\/v2\/product_brand?post=5933"},{"taxonomy":"product_cat","embeddable":true,"href":"https:\/\/lumierediamonds.eu\/sv\/wp-json\/wp\/v2\/product_cat?post=5933"},{"taxonomy":"product_tag","embeddable":true,"href":"https:\/\/lumierediamonds.eu\/sv\/wp-json\/wp\/v2\/product_tag?post=5933"}],"curies":[{"name":"wp","href":"https:\/\/api.w.org\/{rel}","templated":true}]}}