{"id":6046,"date":"2024-11-30T15:47:33","date_gmt":"2024-11-30T14:47:33","guid":{"rendered":"https:\/\/lumierediamonds.eu\/?post_type=product&#038;p=6046"},"modified":"2025-12-18T18:47:45","modified_gmt":"2025-12-18T17:47:45","slug":"eterna-stiftorhangen-med-prinsesslipad-diamant","status":"publish","type":"product","link":"https:\/\/lumierediamonds.eu\/sv\/produkt\/eterna-stiftorhangen-med-prinsesslipad-diamant\/","title":{"rendered":"Eterna \u00f6rh\u00e4ngen med prinsesslipade diamanter"},"content":{"rendered":"<p data-start=\"123\" data-end=\"481\">Tidl\u00f6s med en modern touch. <strong data-start=\"160\" data-end=\"205\">Eterna \u00f6rh\u00e4ngen med prinsesslipade diamanter<\/strong> har laboratorieframst\u00e4llda diamanter i en dj\u00e4rv, fyrkantig silhuett \u2013 f\u00e4sta i en klassisk fyrklorinfattning f\u00f6r att framh\u00e4va deras rena linjer och briljans. Tillverkade i 18 k gult eller vitt guld, efter eget val, skapar de en perfekt balans mellan klassisk elegans och modern charm.<\/p>\n<p data-start=\"483\" data-end=\"594\">De finns i karatvikter fr\u00e5n 0,3 till 4 ct. och \u00e4r ett raffinerat m\u00e5ste som lyfter vilken smyckeskollektion som helst.<\/p>","protected":false},"excerpt":{"rendered":"<p data-start=\"123\" data-end=\"481\">Tidl\u00f6s med en modern touch. <strong data-start=\"160\" data-end=\"205\">Eterna \u00f6rh\u00e4ngen med prinsesslipade diamanter<\/strong> har laboratorieframst\u00e4llda diamanter i en dj\u00e4rv, fyrkantig silhuett \u2013 f\u00e4sta i en klassisk fyrklorinfattning f\u00f6r att framh\u00e4va deras rena linjer och briljans. Tillverkade i 18 k gult eller vitt guld, efter eget val, skapar de en perfekt balans mellan klassisk elegans och modern charm.<\/p>\n<p data-start=\"483\" data-end=\"594\">De finns i karatvikter fr\u00e5n 0,3 till 4 ct. och \u00e4r ett raffinerat m\u00e5ste som lyfter vilken smyckeskollektion som helst.<\/p>","protected":false},"featured_media":6145,"template":"","meta":{"_acf_changed":false},"product_brand":[],"product_cat":[54,760],"product_tag":[201,205,202,184,194,206,203,204,185],"class_list":{"0":"post-6046","1":"product","2":"type-product","3":"status-publish","4":"has-post-thumbnail","6":"product_cat-earrings","7":"product_cat-stud-earrings","8":"product_tag-diamond-earrings","9":"product_tag-diamond-studs","10":"product_tag-earrings","11":"product_tag-lab-grown-diamond","12":"product_tag-princess-cut","13":"product_tag-princess-cut-earrings","14":"product_tag-stud-earrings","15":"product_tag-studs","16":"product_tag-vvs1","17":"pa_metal-white-gold","18":"pa_metal-yellow-gold","20":"first","21":"instock","22":"taxable","23":"shipping-taxable","24":"purchasable","25":"product-type-variable"},"acf":[],"jetpack_sharing_enabled":true,"_links":{"self":[{"href":"https:\/\/lumierediamonds.eu\/sv\/wp-json\/wp\/v2\/product\/6046","targetHints":{"allow":["GET"]}}],"collection":[{"href":"https:\/\/lumierediamonds.eu\/sv\/wp-json\/wp\/v2\/product"}],"about":[{"href":"https:\/\/lumierediamonds.eu\/sv\/wp-json\/wp\/v2\/types\/product"}],"version-history":[{"count":7,"href":"https:\/\/lumierediamonds.eu\/sv\/wp-json\/wp\/v2\/product\/6046\/revisions"}],"predecessor-version":[{"id":14441,"href":"https:\/\/lumierediamonds.eu\/sv\/wp-json\/wp\/v2\/product\/6046\/revisions\/14441"}],"wp:featuredmedia":[{"embeddable":true,"href":"https:\/\/lumierediamonds.eu\/sv\/wp-json\/wp\/v2\/media\/6145"}],"wp:attachment":[{"href":"https:\/\/lumierediamonds.eu\/sv\/wp-json\/wp\/v2\/media?parent=6046"}],"wp:term":[{"taxonomy":"product_brand","embeddable":true,"href":"https:\/\/lumierediamonds.eu\/sv\/wp-json\/wp\/v2\/product_brand?post=6046"},{"taxonomy":"product_cat","embeddable":true,"href":"https:\/\/lumierediamonds.eu\/sv\/wp-json\/wp\/v2\/product_cat?post=6046"},{"taxonomy":"product_tag","embeddable":true,"href":"https:\/\/lumierediamonds.eu\/sv\/wp-json\/wp\/v2\/product_tag?post=6046"}],"curies":[{"name":"wp","href":"https:\/\/api.w.org\/{rel}","templated":true}]}}