{"id":6149,"date":"2024-11-30T16:28:53","date_gmt":"2024-11-30T15:28:53","guid":{"rendered":"https:\/\/lumierediamonds.eu\/?post_type=product&#038;p=6149"},"modified":"2025-11-17T13:56:25","modified_gmt":"2025-11-17T12:56:25","slug":"eterna-smaragdslipade-diamantorhangen","status":"publish","type":"product","link":"https:\/\/lumierediamonds.eu\/sv\/produkt\/eterna-smaragdslipade-diamantorhangen\/","title":{"rendered":"Eterna \u00f6rh\u00e4ngen med smaragdslipade diamanter"},"content":{"rendered":"<p data-start=\"187\" data-end=\"353\">Elegant och h\u00e5llbar, den <strong data-start=\"211\" data-end=\"255\">Eterna \u00f6rh\u00e4ngen med smaragdslipade diamanter<\/strong> framh\u00e4ver den eleganta geometrin hos smaragdslipade laboratorieframst\u00e4llda diamanter i en klassisk fyrklorfsfattning.<\/p>\n<p data-start=\"355\" data-end=\"641\" data-is-last-node=\"\" data-is-only-node=\"\">De \u00e4r tillverkade i 18 karats gult eller vitt guld, efter eget val, och ger en modern twist p\u00e5 en tidl\u00f6s klassiker. V\u00e4lj mellan stenar fr\u00e5n 0,3 till 6 karat \u2013 oavsett om du f\u00f6redrar en subtil glans eller ett dj\u00e4rvt uttryck, ger dessa \u00f6rh\u00e4ngen en best\u00e5ende elegans f\u00f6r alla tillf\u00e4llen.<\/p>","protected":false},"excerpt":{"rendered":"<p data-start=\"187\" data-end=\"353\">Elegant och h\u00e5llbar, den <strong data-start=\"211\" data-end=\"255\">Eterna \u00f6rh\u00e4ngen med smaragdslipade diamanter<\/strong> framh\u00e4ver den eleganta geometrin hos smaragdslipade laboratorieframst\u00e4llda diamanter i en klassisk fyrklorfsfattning.<\/p>\n<p data-start=\"355\" data-end=\"641\" data-is-last-node=\"\" data-is-only-node=\"\">De \u00e4r tillverkade i 18 karats gult eller vitt guld, efter eget val, och ger en modern twist p\u00e5 en tidl\u00f6s klassiker. V\u00e4lj mellan stenar fr\u00e5n 0,3 till 6 karat \u2013 oavsett om du f\u00f6redrar en subtil glans eller ett dj\u00e4rvt uttryck, ger dessa \u00f6rh\u00e4ngen en best\u00e5ende elegans f\u00f6r alla tillf\u00e4llen.<\/p>","protected":false},"featured_media":6221,"template":"","meta":{"_acf_changed":false},"product_brand":[],"product_cat":[54,760],"product_tag":[201,205,202,189,209,190,208,184,203,204,185],"class_list":{"0":"post-6149","1":"product","2":"type-product","3":"status-publish","4":"has-post-thumbnail","6":"product_cat-earrings","7":"product_cat-stud-earrings","8":"product_tag-diamond-earrings","9":"product_tag-diamond-studs","10":"product_tag-earrings","11":"product_tag-emerald","12":"product_tag-emerald-cut-earrings","13":"product_tag-emerald-diamond","14":"product_tag-emerald-earrings","15":"product_tag-lab-grown-diamond","16":"product_tag-stud-earrings","17":"product_tag-studs","18":"product_tag-vvs1","19":"pa_metal-white-gold","20":"pa_metal-yellow-gold","22":"first","23":"instock","24":"taxable","25":"shipping-taxable","26":"purchasable","27":"product-type-variable"},"acf":[],"jetpack_sharing_enabled":true,"_links":{"self":[{"href":"https:\/\/lumierediamonds.eu\/sv\/wp-json\/wp\/v2\/product\/6149","targetHints":{"allow":["GET"]}}],"collection":[{"href":"https:\/\/lumierediamonds.eu\/sv\/wp-json\/wp\/v2\/product"}],"about":[{"href":"https:\/\/lumierediamonds.eu\/sv\/wp-json\/wp\/v2\/types\/product"}],"version-history":[{"count":7,"href":"https:\/\/lumierediamonds.eu\/sv\/wp-json\/wp\/v2\/product\/6149\/revisions"}],"predecessor-version":[{"id":11479,"href":"https:\/\/lumierediamonds.eu\/sv\/wp-json\/wp\/v2\/product\/6149\/revisions\/11479"}],"wp:featuredmedia":[{"embeddable":true,"href":"https:\/\/lumierediamonds.eu\/sv\/wp-json\/wp\/v2\/media\/6221"}],"wp:attachment":[{"href":"https:\/\/lumierediamonds.eu\/sv\/wp-json\/wp\/v2\/media?parent=6149"}],"wp:term":[{"taxonomy":"product_brand","embeddable":true,"href":"https:\/\/lumierediamonds.eu\/sv\/wp-json\/wp\/v2\/product_brand?post=6149"},{"taxonomy":"product_cat","embeddable":true,"href":"https:\/\/lumierediamonds.eu\/sv\/wp-json\/wp\/v2\/product_cat?post=6149"},{"taxonomy":"product_tag","embeddable":true,"href":"https:\/\/lumierediamonds.eu\/sv\/wp-json\/wp\/v2\/product_tag?post=6149"}],"curies":[{"name":"wp","href":"https:\/\/api.w.org\/{rel}","templated":true}]}}