{"id":6438,"date":"2024-12-01T13:35:35","date_gmt":"2024-12-01T12:35:35","guid":{"rendered":"https:\/\/lumierediamonds.eu\/?post_type=product&#038;p=6438"},"modified":"2025-07-23T18:21:44","modified_gmt":"2025-07-23T16:21:44","slug":"celeste-hoops-diamantorhangen","status":"publish","type":"product","link":"https:\/\/lumierediamonds.eu\/sv\/produkt\/celeste-hoops-diamantorhangen\/","title":{"rendered":"Celeste Hoops diamant\u00f6rh\u00e4ngen"},"content":{"rendered":"<p data-start=\"527\" data-end=\"820\">En modern klassiker med lysande n\u00e4rvaro.<\/p>\n<p data-start=\"527\" data-end=\"820\">Den <strong data-start=\"572\" data-end=\"605\">Celeste diamant\u00f6rh\u00e4ngen<\/strong> \u00e4r tillverkade i 18 karats gult eller vitt guld och f\u00f6rsedda med en kontinuerlig rad av laboratorieframst\u00e4llda diamanter, vilket ger en raffinerad glans och briljans. De \u00e4r l\u00e4tta och polerade och ger en elegant finish till alla looks \u2013 b\u00e5de dag och kv\u00e4ll. Finns i totala karatvikter fr\u00e5n 1 till 7 karat, alla IGI-certifierade.<\/p>\n<p data-start=\"527\" data-end=\"820\">Ett tidl\u00f6st statement, designat f\u00f6r att lyfta b\u00e5de vardagsstilen och speciella tillf\u00e4llen.<\/p>","protected":false},"excerpt":{"rendered":"<p data-start=\"527\" data-end=\"820\">En modern klassiker med lysande n\u00e4rvaro.<\/p>\n<p data-start=\"527\" data-end=\"820\">Den <strong data-start=\"572\" data-end=\"605\">Celeste diamant\u00f6rh\u00e4ngen<\/strong> \u00e4r tillverkade i 18 karats gult eller vitt guld och f\u00f6rsedda med en kontinuerlig rad av laboratorieframst\u00e4llda diamanter, vilket ger en raffinerad glans och briljans. De \u00e4r l\u00e4tta och polerade och ger en elegant finish till alla looks \u2013 b\u00e5de dag och kv\u00e4ll. Finns i totala karatvikter fr\u00e5n 1 till 7 karat, alla IGI-certifierade.<\/p>\n<p data-start=\"527\" data-end=\"820\">Ett tidl\u00f6st statement, designat f\u00f6r att lyfta b\u00e5de vardagsstilen och speciella tillf\u00e4llen.<\/p>","protected":false},"featured_media":6461,"template":"","meta":{"_acf_changed":false},"product_brand":[],"product_cat":[54],"product_tag":[201,220,202,218,219,184,185],"class_list":{"0":"post-6438","1":"product","2":"type-product","3":"status-publish","4":"has-post-thumbnail","6":"product_cat-earrings","7":"product_tag-diamond-earrings","8":"product_tag-diamond-hoops","9":"product_tag-earrings","10":"product_tag-hoop-earrings","11":"product_tag-hoops","12":"product_tag-lab-grown-diamond","13":"product_tag-vvs1","14":"pa_metal-white-gold","15":"pa_metal-yellow-gold","17":"first","18":"instock","19":"taxable","20":"shipping-taxable","21":"purchasable","22":"product-type-variable"},"acf":[],"jetpack_sharing_enabled":true,"_links":{"self":[{"href":"https:\/\/lumierediamonds.eu\/sv\/wp-json\/wp\/v2\/product\/6438","targetHints":{"allow":["GET"]}}],"collection":[{"href":"https:\/\/lumierediamonds.eu\/sv\/wp-json\/wp\/v2\/product"}],"about":[{"href":"https:\/\/lumierediamonds.eu\/sv\/wp-json\/wp\/v2\/types\/product"}],"version-history":[{"count":6,"href":"https:\/\/lumierediamonds.eu\/sv\/wp-json\/wp\/v2\/product\/6438\/revisions"}],"predecessor-version":[{"id":9983,"href":"https:\/\/lumierediamonds.eu\/sv\/wp-json\/wp\/v2\/product\/6438\/revisions\/9983"}],"wp:featuredmedia":[{"embeddable":true,"href":"https:\/\/lumierediamonds.eu\/sv\/wp-json\/wp\/v2\/media\/6461"}],"wp:attachment":[{"href":"https:\/\/lumierediamonds.eu\/sv\/wp-json\/wp\/v2\/media?parent=6438"}],"wp:term":[{"taxonomy":"product_brand","embeddable":true,"href":"https:\/\/lumierediamonds.eu\/sv\/wp-json\/wp\/v2\/product_brand?post=6438"},{"taxonomy":"product_cat","embeddable":true,"href":"https:\/\/lumierediamonds.eu\/sv\/wp-json\/wp\/v2\/product_cat?post=6438"},{"taxonomy":"product_tag","embeddable":true,"href":"https:\/\/lumierediamonds.eu\/sv\/wp-json\/wp\/v2\/product_tag?post=6438"}],"curies":[{"name":"wp","href":"https:\/\/api.w.org\/{rel}","templated":true}]}}