{"id":6567,"date":"2024-12-03T12:20:08","date_gmt":"2024-12-03T11:20:08","guid":{"rendered":"https:\/\/lumierediamonds.eu\/?post_type=product&#038;p=6567"},"modified":"2025-11-17T13:56:25","modified_gmt":"2025-11-17T12:56:25","slug":"elena-mini-hoops-diamantorhangen","status":"publish","type":"product","link":"https:\/\/lumierediamonds.eu\/sv\/produkt\/elena-mini-hoops-diamantorhangen\/","title":{"rendered":"Elena Mini Hoops diamant\u00f6rh\u00e4ngen"},"content":{"rendered":"<p data-start=\"190\" data-end=\"262\">Din favorit f\u00f6r vardagsbruk eller en mjuk glans vid speciella tillf\u00e4llen.<\/p>\n<p data-start=\"264\" data-end=\"475\">Varje \u00f6rh\u00e4nge har en vertikal rad med tio laboratorieframst\u00e4llda diamanter, totalt 0,75 karat. Infattade i 18 karats gult eller vitt guld. <strong>Elena Mini Hoops<\/strong> erbjuder en ren, modern silhuett med precis r\u00e4tt m\u00e4ngd glans.<\/p>\n<p data-start=\"477\" data-end=\"522\">Tidl\u00f6s, l\u00e4tt att b\u00e4ra, elegant utan anstr\u00e4ngning.<\/p>","protected":false},"excerpt":{"rendered":"<p data-start=\"190\" data-end=\"262\">Din favorit f\u00f6r vardagsbruk eller en mjuk glans vid speciella tillf\u00e4llen.<\/p>\n<p data-start=\"264\" data-end=\"475\">Varje \u00f6rh\u00e4nge har en vertikal rad med tio laboratorieframst\u00e4llda diamanter, totalt 0,75 karat. Infattade i 18 karats gult eller vitt guld. <strong>Elena Mini Hoops<\/strong> erbjuder en ren, modern silhuett med precis r\u00e4tt m\u00e4ngd glans.<\/p>\n<p data-start=\"477\" data-end=\"522\">Tidl\u00f6s, l\u00e4tt att b\u00e4ra, elegant utan anstr\u00e4ngning.<\/p>","protected":false},"featured_media":6572,"template":"","meta":{"_acf_changed":false},"product_brand":[],"product_cat":[54,879],"product_tag":[201,202,224,225,226,184,185],"class_list":{"0":"post-6567","1":"product","2":"type-product","3":"status-publish","4":"has-post-thumbnail","6":"product_cat-earrings","7":"product_cat-huggies","8":"product_tag-diamond-earrings","9":"product_tag-earrings","10":"product_tag-huggie","11":"product_tag-huggie-earrings","12":"product_tag-huggies","13":"product_tag-lab-grown-diamond","14":"product_tag-vvs1","15":"pa_metal-white-gold","16":"pa_metal-yellow-gold","18":"first","19":"instock","20":"taxable","21":"shipping-taxable","22":"purchasable","23":"product-type-variable"},"acf":[],"jetpack_sharing_enabled":true,"_links":{"self":[{"href":"https:\/\/lumierediamonds.eu\/sv\/wp-json\/wp\/v2\/product\/6567","targetHints":{"allow":["GET"]}}],"collection":[{"href":"https:\/\/lumierediamonds.eu\/sv\/wp-json\/wp\/v2\/product"}],"about":[{"href":"https:\/\/lumierediamonds.eu\/sv\/wp-json\/wp\/v2\/types\/product"}],"version-history":[{"count":9,"href":"https:\/\/lumierediamonds.eu\/sv\/wp-json\/wp\/v2\/product\/6567\/revisions"}],"predecessor-version":[{"id":7290,"href":"https:\/\/lumierediamonds.eu\/sv\/wp-json\/wp\/v2\/product\/6567\/revisions\/7290"}],"wp:featuredmedia":[{"embeddable":true,"href":"https:\/\/lumierediamonds.eu\/sv\/wp-json\/wp\/v2\/media\/6572"}],"wp:attachment":[{"href":"https:\/\/lumierediamonds.eu\/sv\/wp-json\/wp\/v2\/media?parent=6567"}],"wp:term":[{"taxonomy":"product_brand","embeddable":true,"href":"https:\/\/lumierediamonds.eu\/sv\/wp-json\/wp\/v2\/product_brand?post=6567"},{"taxonomy":"product_cat","embeddable":true,"href":"https:\/\/lumierediamonds.eu\/sv\/wp-json\/wp\/v2\/product_cat?post=6567"},{"taxonomy":"product_tag","embeddable":true,"href":"https:\/\/lumierediamonds.eu\/sv\/wp-json\/wp\/v2\/product_tag?post=6567"}],"curies":[{"name":"wp","href":"https:\/\/api.w.org\/{rel}","templated":true}]}}