{"id":6605,"date":"2024-12-03T13:24:19","date_gmt":"2024-12-03T12:24:19","guid":{"rendered":"https:\/\/lumierediamonds.eu\/?post_type=product&#038;p=6605"},"modified":"2025-12-10T14:13:17","modified_gmt":"2025-12-10T13:13:17","slug":"serena-gem-guldarmband","status":"publish","type":"product","link":"https:\/\/lumierediamonds.eu\/sv\/produkt\/serena-gem-guldarmband\/","title":{"rendered":"Serena Paperclip guldarmband"},"content":{"rendered":"<p class=\"p1\">Den enkla och m\u00e5ngsidiga modellen <strong>Serena Paperclip-armband<\/strong> erbjuder en ren, modern silhuett med tidl\u00f6s attraktionskraft. De l\u00e5ngstr\u00e4ckta 5,3 mm l\u00e4nkarna \u00e4r tillverkade i polerat 18k gult guld och reflekterar ljuset med subtila r\u00f6relser, vilket skapar en elegant linje runt handleden.<\/p>\n<p class=\"p1\">B\u00e4rs den ensam ger den en touch av avslappnad elegans till vardagslooken. I lager med diamanter eller dj\u00e4rva texturer lyfter den l\u00e4tt fram och g\u00f6r Serena till den perfekta balansen mellan enkelhet och statement.<\/p>","protected":false},"excerpt":{"rendered":"<p class=\"p1\">Den enkla och m\u00e5ngsidiga modellen <strong>Serena Paperclip-armband<\/strong> erbjuder en ren, modern silhuett med tidl\u00f6s attraktionskraft. De l\u00e5ngstr\u00e4ckta 5,3 mm l\u00e4nkarna \u00e4r tillverkade i polerat 18k gult guld och reflekterar ljuset med subtila r\u00f6relser, vilket skapar en elegant linje runt handleden.<\/p>\n<p class=\"p1\">B\u00e4rs den ensam ger den en touch av avslappnad elegans till vardagslooken. I lager med diamanter eller dj\u00e4rva texturer lyfter den l\u00e4tt fram och g\u00f6r Serena till den perfekta balansen mellan enkelhet och statement.<\/p>","protected":false},"featured_media":6612,"template":"","meta":{"_acf_changed":false},"product_brand":[],"product_cat":[55,852,752,1379],"product_tag":[231,233,232,234,235],"class_list":{"0":"post-6605","1":"product","2":"type-product","3":"status-publish","4":"has-post-thumbnail","6":"product_cat-bracelets","7":"product_cat-chain-bracelets","8":"product_cat-gold-essentials","9":"product_cat-paperclip-bracelets","10":"product_tag-bracelet","11":"product_tag-chain-bracelet","12":"product_tag-gold-bracelet","13":"product_tag-gold-chain-bracelet","14":"product_tag-paperclip-bracelet","15":"pa_metal-yellow-gold","17":"first","18":"instock","19":"taxable","20":"shipping-taxable","21":"purchasable","22":"product-type-simple"},"acf":[],"jetpack_sharing_enabled":true,"_links":{"self":[{"href":"https:\/\/lumierediamonds.eu\/sv\/wp-json\/wp\/v2\/product\/6605","targetHints":{"allow":["GET"]}}],"collection":[{"href":"https:\/\/lumierediamonds.eu\/sv\/wp-json\/wp\/v2\/product"}],"about":[{"href":"https:\/\/lumierediamonds.eu\/sv\/wp-json\/wp\/v2\/types\/product"}],"version-history":[{"count":7,"href":"https:\/\/lumierediamonds.eu\/sv\/wp-json\/wp\/v2\/product\/6605\/revisions"}],"predecessor-version":[{"id":11526,"href":"https:\/\/lumierediamonds.eu\/sv\/wp-json\/wp\/v2\/product\/6605\/revisions\/11526"}],"wp:featuredmedia":[{"embeddable":true,"href":"https:\/\/lumierediamonds.eu\/sv\/wp-json\/wp\/v2\/media\/6612"}],"wp:attachment":[{"href":"https:\/\/lumierediamonds.eu\/sv\/wp-json\/wp\/v2\/media?parent=6605"}],"wp:term":[{"taxonomy":"product_brand","embeddable":true,"href":"https:\/\/lumierediamonds.eu\/sv\/wp-json\/wp\/v2\/product_brand?post=6605"},{"taxonomy":"product_cat","embeddable":true,"href":"https:\/\/lumierediamonds.eu\/sv\/wp-json\/wp\/v2\/product_cat?post=6605"},{"taxonomy":"product_tag","embeddable":true,"href":"https:\/\/lumierediamonds.eu\/sv\/wp-json\/wp\/v2\/product_tag?post=6605"}],"curies":[{"name":"wp","href":"https:\/\/api.w.org\/{rel}","templated":true}]}}