{"id":6614,"date":"2024-12-03T18:23:22","date_gmt":"2024-12-03T17:23:22","guid":{"rendered":"https:\/\/lumierediamonds.eu\/?post_type=product&#038;p=6614"},"modified":"2025-10-26T13:00:33","modified_gmt":"2025-10-26T12:00:33","slug":"illume-paperclip-guld-diamantarmband","status":"publish","type":"product","link":"https:\/\/lumierediamonds.eu\/sv\/produkt\/illume-paperclip-guld-diamantarmband\/","title":{"rendered":"Illume Paperclip gulddiamantarmband"},"content":{"rendered":"<p class=\"p2\">En modern klassiker med en twist, den <strong>Illume Paperclip-armband<\/strong> kombinerar de rena linjerna hos en guldkedja med briljansen hos diamanter. Kedjan \u00e4r tillverkad i 18k gult guld och har eleganta geml\u00e4nkar - vissa \u00e4r polerade och andra \u00e4r belysta med pav\u00e9infattade labgrodda diamanter f\u00f6r precis r\u00e4tt gnistrande effekt.<\/p>\n<p class=\"p2\">Det h\u00e4r armbandet ger glans utan att ta \u00f6verhanden, vilket g\u00f6r det perfekt n\u00e4r du inte kan v\u00e4lja mellan subtilt guld eller skimrande detaljer. Armbandet \u00e4r l\u00e4tt och smidigt, sitter bekv\u00e4mt p\u00e5 handleden och g\u00e5r enkelt fr\u00e5n en avslappnad daglook till en elegant kv\u00e4llslook.<\/p>\n<p class=\"p2\">Ett modernt plagg som passar varje dag.<\/p>","protected":false},"excerpt":{"rendered":"<p class=\"p2\">En modern klassiker med en twist, den <strong>Illume Paperclip-armband<\/strong> kombinerar de rena linjerna hos en guldkedja med briljansen hos diamanter. Kedjan \u00e4r tillverkad i 18k gult guld och har eleganta geml\u00e4nkar - vissa \u00e4r polerade och andra \u00e4r belysta med pav\u00e9infattade labgrodda diamanter f\u00f6r precis r\u00e4tt gnistrande effekt.<\/p>\n<p class=\"p2\">Det h\u00e4r armbandet ger glans utan att ta \u00f6verhanden, vilket g\u00f6r det perfekt n\u00e4r du inte kan v\u00e4lja mellan subtilt guld eller skimrande detaljer. Armbandet \u00e4r l\u00e4tt och smidigt, sitter bekv\u00e4mt p\u00e5 handleden och g\u00e5r enkelt fr\u00e5n en avslappnad daglook till en elegant kv\u00e4llslook.<\/p>\n<p class=\"p2\">Ett modernt plagg som passar varje dag.<\/p>","protected":false},"featured_media":6615,"template":"","meta":{"_acf_changed":false},"product_brand":[],"product_cat":[55,852],"product_tag":[231,233,237,239,232,234,240,235,187,238],"class_list":{"0":"post-6614","1":"product","2":"type-product","3":"status-publish","4":"has-post-thumbnail","6":"product_cat-bracelets","7":"product_cat-chain-bracelets","8":"product_tag-bracelet","9":"product_tag-chain-bracelet","10":"product_tag-diamond-bracelet","11":"product_tag-diamond-pave-bracelet","12":"product_tag-gold-bracelet","13":"product_tag-gold-chain-bracelet","14":"product_tag-gold-pave-bracelet","15":"product_tag-paperclip-bracelet","16":"product_tag-pave","17":"product_tag-pave-bracelet","18":"pa_metal-yellow-gold","20":"first","21":"instock","22":"taxable","23":"shipping-taxable","24":"purchasable","25":"product-type-simple"},"acf":[],"jetpack_sharing_enabled":true,"_links":{"self":[{"href":"https:\/\/lumierediamonds.eu\/sv\/wp-json\/wp\/v2\/product\/6614","targetHints":{"allow":["GET"]}}],"collection":[{"href":"https:\/\/lumierediamonds.eu\/sv\/wp-json\/wp\/v2\/product"}],"about":[{"href":"https:\/\/lumierediamonds.eu\/sv\/wp-json\/wp\/v2\/types\/product"}],"version-history":[{"count":5,"href":"https:\/\/lumierediamonds.eu\/sv\/wp-json\/wp\/v2\/product\/6614\/revisions"}],"predecessor-version":[{"id":11513,"href":"https:\/\/lumierediamonds.eu\/sv\/wp-json\/wp\/v2\/product\/6614\/revisions\/11513"}],"wp:featuredmedia":[{"embeddable":true,"href":"https:\/\/lumierediamonds.eu\/sv\/wp-json\/wp\/v2\/media\/6615"}],"wp:attachment":[{"href":"https:\/\/lumierediamonds.eu\/sv\/wp-json\/wp\/v2\/media?parent=6614"}],"wp:term":[{"taxonomy":"product_brand","embeddable":true,"href":"https:\/\/lumierediamonds.eu\/sv\/wp-json\/wp\/v2\/product_brand?post=6614"},{"taxonomy":"product_cat","embeddable":true,"href":"https:\/\/lumierediamonds.eu\/sv\/wp-json\/wp\/v2\/product_cat?post=6614"},{"taxonomy":"product_tag","embeddable":true,"href":"https:\/\/lumierediamonds.eu\/sv\/wp-json\/wp\/v2\/product_tag?post=6614"}],"curies":[{"name":"wp","href":"https:\/\/api.w.org\/{rel}","templated":true}]}}