{"id":6621,"date":"2024-12-03T18:49:53","date_gmt":"2024-12-03T17:49:53","guid":{"rendered":"https:\/\/lumierediamonds.eu\/?post_type=product&#038;p=6621"},"modified":"2025-12-10T14:07:48","modified_gmt":"2025-12-10T13:07:48","slug":"celestia-guld-diamant-tennisarmband","status":"publish","type":"product","link":"https:\/\/lumierediamonds.eu\/sv\/produkt\/celestia-guld-diamant-tennisarmband\/","title":{"rendered":"Celestia guld- och diamantarmband"},"content":{"rendered":"<p class=\"p1\">Of\u00f6rgl\u00f6mlig briljans, f\u00e5ngad i en klassisk form.<b><\/b><\/p>\n<p class=\"p3\">Den<strong> Celestia Diamond Tennisarmband<\/strong> str\u00e5lar med 10 karat handinfattade, labbodlade diamanter - var och en utvald f\u00f6r maximal glitter och symmetri. Stenarna \u00e4r infattade i lysande 18k vitguld och bildar en s\u00f6ml\u00f6s rad av eld och ljus som elegant b\u00f6jer sig runt handleden.<\/p>\n<p class=\"p3\">Celestia har ett s\u00e4kert boxsp\u00e4nne f\u00f6r enkelhet och komfort och \u00e4r gjord f\u00f6r att lysa upp livets mest minnesv\u00e4rda \u00f6gonblick - fr\u00e5n milstolpskv\u00e4llar till vardaglig elegans. Detta armband \u00e4r tidl\u00f6st, str\u00e5lande och uts\u00f6kt utformat och \u00e4r sann modern lyx.<\/p>","protected":false},"excerpt":{"rendered":"<p class=\"p1\">Of\u00f6rgl\u00f6mlig briljans, f\u00e5ngad i en klassisk form.<b><\/b><\/p>\n<p class=\"p3\">Den<strong> Celestia Diamond Tennisarmband<\/strong> str\u00e5lar med 10 karat handinfattade, labbodlade diamanter - var och en utvald f\u00f6r maximal glitter och symmetri. Stenarna \u00e4r infattade i lysande 18k vitguld och bildar en s\u00f6ml\u00f6s rad av eld och ljus som elegant b\u00f6jer sig runt handleden.<\/p>\n<p class=\"p3\">Celestia har ett s\u00e4kert boxsp\u00e4nne f\u00f6r enkelhet och komfort och \u00e4r gjord f\u00f6r att lysa upp livets mest minnesv\u00e4rda \u00f6gonblick - fr\u00e5n milstolpskv\u00e4llar till vardaglig elegans. Detta armband \u00e4r tidl\u00f6st, str\u00e5lande och uts\u00f6kt utformat och \u00e4r sann modern lyx.<\/p>","protected":false},"featured_media":6622,"template":"","meta":{"_acf_changed":false},"product_brand":[],"product_cat":[55,1336],"product_tag":[231,237,245,242,244,243],"class_list":{"0":"post-6621","1":"product","2":"type-product","3":"status-publish","4":"has-post-thumbnail","6":"product_cat-bracelets","7":"product_cat-tennis-bracelets","8":"product_tag-bracelet","9":"product_tag-diamond-bracelet","10":"product_tag-diamond-tennis-bracelet","11":"product_tag-gold-diamond-bracelet","12":"product_tag-gold-tennis-bracelet","13":"product_tag-tennis-bracelet","14":"pa_metal-white-gold","16":"first","17":"instock","18":"taxable","19":"shipping-taxable","20":"purchasable","21":"product-type-simple"},"acf":[],"jetpack_sharing_enabled":true,"_links":{"self":[{"href":"https:\/\/lumierediamonds.eu\/sv\/wp-json\/wp\/v2\/product\/6621","targetHints":{"allow":["GET"]}}],"collection":[{"href":"https:\/\/lumierediamonds.eu\/sv\/wp-json\/wp\/v2\/product"}],"about":[{"href":"https:\/\/lumierediamonds.eu\/sv\/wp-json\/wp\/v2\/types\/product"}],"version-history":[{"count":3,"href":"https:\/\/lumierediamonds.eu\/sv\/wp-json\/wp\/v2\/product\/6621\/revisions"}],"predecessor-version":[{"id":10137,"href":"https:\/\/lumierediamonds.eu\/sv\/wp-json\/wp\/v2\/product\/6621\/revisions\/10137"}],"wp:featuredmedia":[{"embeddable":true,"href":"https:\/\/lumierediamonds.eu\/sv\/wp-json\/wp\/v2\/media\/6622"}],"wp:attachment":[{"href":"https:\/\/lumierediamonds.eu\/sv\/wp-json\/wp\/v2\/media?parent=6621"}],"wp:term":[{"taxonomy":"product_brand","embeddable":true,"href":"https:\/\/lumierediamonds.eu\/sv\/wp-json\/wp\/v2\/product_brand?post=6621"},{"taxonomy":"product_cat","embeddable":true,"href":"https:\/\/lumierediamonds.eu\/sv\/wp-json\/wp\/v2\/product_cat?post=6621"},{"taxonomy":"product_tag","embeddable":true,"href":"https:\/\/lumierediamonds.eu\/sv\/wp-json\/wp\/v2\/product_tag?post=6621"}],"curies":[{"name":"wp","href":"https:\/\/api.w.org\/{rel}","templated":true}]}}