{"id":6841,"date":"2024-12-27T02:58:38","date_gmt":"2024-12-27T01:58:38","guid":{"rendered":"https:\/\/lumierediamonds.eu\/?post_type=product&#038;p=6841"},"modified":"2025-08-18T16:06:47","modified_gmt":"2025-08-18T14:06:47","slug":"litet-diamanthalv-evighetsband","status":"publish","type":"product","link":"https:\/\/lumierediamonds.eu\/sv\/produkt\/litet-diamanthalv-evighetsband\/","title":{"rendered":"Petite Diamond Half Eternity Band"},"content":{"rendered":"<p class=\"p1\">Graci\u00f6s och str\u00e5lande, den <strong>Petite Diamond Half Eternity Band<\/strong> \u00e4r en symbol f\u00f6r tidl\u00f6s k\u00e4rlek i en delikat form. Med 0,50 karat runda briljantslipade laboratorieframst\u00e4llda diamanter \u00e4r varje sten noggrant infattad i en delad klorinfattning f\u00f6r att maximera glans och elegans.<\/p>\n<p class=\"p1\">Denna raffinerade ring \u00e4r tillverkad i 18 karats gult, vitt eller ros\u00e9guld och passar perfekt att b\u00e4ra ensam, tillsammans med andra ringar eller som en \u00e5rs- eller vigselring. Den smala halv-evighetsdesignen ger precis r\u00e4tt glans, vilket g\u00f6r den till ett meningsfullt smycke f\u00f6r den moderna romantikern.<\/p>","protected":false},"excerpt":{"rendered":"<p class=\"p1\">Graci\u00f6s och str\u00e5lande, den <strong>Petite Diamond Half Eternity Band<\/strong> \u00e4r en symbol f\u00f6r tidl\u00f6s k\u00e4rlek i en delikat form. Med 0,50 karat runda briljantslipade laboratorieframst\u00e4llda diamanter \u00e4r varje sten noggrant infattad i en delad klorinfattning f\u00f6r att maximera glans och elegans.<\/p>\n<p class=\"p1\">Denna raffinerade ring \u00e4r tillverkad i 18 karats gult, vitt eller ros\u00e9guld och passar perfekt att b\u00e4ra ensam, tillsammans med andra ringar eller som en \u00e5rs- eller vigselring. Den smala halv-evighetsdesignen ger precis r\u00e4tt glans, vilket g\u00f6r den till ett meningsfullt smycke f\u00f6r den moderna romantikern.<\/p>","protected":false},"featured_media":6843,"template":"","meta":{"_acf_changed":false},"product_brand":[],"product_cat":[251,52,57],"product_tag":[292,293,252,384,275,276],"class_list":{"0":"post-6841","1":"product","2":"type-product","3":"status-publish","4":"has-post-thumbnail","6":"product_cat-eternity-bands","7":"product_cat-rings","8":"product_cat-wedding-bands","9":"product_tag-diamond-wedding-band","10":"product_tag-diamond-wedding-ring","11":"product_tag-eternity-ring","12":"product_tag-gold-wedding-band","13":"product_tag-wedding-band","14":"product_tag-wedding-ring","15":"pa_metal-white-gold","17":"first","18":"instock","19":"taxable","20":"shipping-taxable","21":"purchasable","22":"product-type-variable"},"acf":[],"jetpack_sharing_enabled":true,"_links":{"self":[{"href":"https:\/\/lumierediamonds.eu\/sv\/wp-json\/wp\/v2\/product\/6841","targetHints":{"allow":["GET"]}}],"collection":[{"href":"https:\/\/lumierediamonds.eu\/sv\/wp-json\/wp\/v2\/product"}],"about":[{"href":"https:\/\/lumierediamonds.eu\/sv\/wp-json\/wp\/v2\/types\/product"}],"version-history":[{"count":4,"href":"https:\/\/lumierediamonds.eu\/sv\/wp-json\/wp\/v2\/product\/6841\/revisions"}],"predecessor-version":[{"id":10238,"href":"https:\/\/lumierediamonds.eu\/sv\/wp-json\/wp\/v2\/product\/6841\/revisions\/10238"}],"wp:featuredmedia":[{"embeddable":true,"href":"https:\/\/lumierediamonds.eu\/sv\/wp-json\/wp\/v2\/media\/6843"}],"wp:attachment":[{"href":"https:\/\/lumierediamonds.eu\/sv\/wp-json\/wp\/v2\/media?parent=6841"}],"wp:term":[{"taxonomy":"product_brand","embeddable":true,"href":"https:\/\/lumierediamonds.eu\/sv\/wp-json\/wp\/v2\/product_brand?post=6841"},{"taxonomy":"product_cat","embeddable":true,"href":"https:\/\/lumierediamonds.eu\/sv\/wp-json\/wp\/v2\/product_cat?post=6841"},{"taxonomy":"product_tag","embeddable":true,"href":"https:\/\/lumierediamonds.eu\/sv\/wp-json\/wp\/v2\/product_tag?post=6841"}],"curies":[{"name":"wp","href":"https:\/\/api.w.org\/{rel}","templated":true}]}}