{"id":7450,"date":"2025-01-02T18:02:43","date_gmt":"2025-01-02T17:02:43","guid":{"rendered":"https:\/\/lumierediamonds.eu\/?post_type=product&#038;p=7450"},"modified":"2025-11-23T21:04:46","modified_gmt":"2025-11-23T20:04:46","slug":"como-vigselring","status":"publish","type":"product","link":"https:\/\/lumierediamonds.eu\/sv\/produkt\/como-vigselring\/","title":{"rendered":"Como vigselring"},"content":{"rendered":"<p class=\"p1\">Den <span class=\"s1\"><b>Como vigselring<\/b><\/span> \u00e4r en tidl\u00f6s symbol f\u00f6r k\u00e4rlek och engagemang, designad f\u00f6r b\u00e5de elegans och komfort. Med sin eleganta, polerade yta och unisex-passform \u00e4r denna ring bekv\u00e4m att b\u00e4ra och utstr\u00e5lar diskret sofistikation.<\/p>\n<p class=\"p1\">Como Band finns i 18 karats gult, rosa eller vitt guld och i bredder fr\u00e5n 2 mm till 6 mm. Den \u00e4r utformad f\u00f6r att passa alla stilar och ber\u00e4ttelser. Den speglar evigheten och \u00e4r lika best\u00e4ndig som den k\u00e4rlek den representerar.<\/p>","protected":false},"excerpt":{"rendered":"<p class=\"p1\">Den <span class=\"s1\"><b>Como vigselring<\/b><\/span> \u00e4r en tidl\u00f6s symbol f\u00f6r k\u00e4rlek och engagemang, designad f\u00f6r b\u00e5de elegans och komfort. Med sin eleganta, polerade yta och unisex-passform \u00e4r denna ring bekv\u00e4m att b\u00e4ra och utstr\u00e5lar diskret sofistikation.<\/p>\n<p class=\"p1\">Como Band finns i 18 karats gult, rosa eller vitt guld och i bredder fr\u00e5n 2 mm till 6 mm. Den \u00e4r utformad f\u00f6r att passa alla stilar och ber\u00e4ttelser. Den speglar evigheten och \u00e4r lika best\u00e4ndig som den k\u00e4rlek den representerar.<\/p>","protected":false},"featured_media":7415,"template":"","meta":{"_acf_changed":false},"product_brand":[],"product_cat":[52,57],"product_tag":[384,277,278,280,275,276,279],"class_list":{"0":"post-7450","1":"product","2":"type-product","3":"status-publish","4":"has-post-thumbnail","6":"product_cat-rings","7":"product_cat-wedding-bands","8":"product_tag-gold-wedding-band","9":"product_tag-gold-wedding-ring","10":"product_tag-mens-wedding-ring","11":"product_tag-unisex-wedding-ring","12":"product_tag-wedding-band","13":"product_tag-wedding-ring","14":"product_tag-womens-wedding-ring","15":"pa_metal-white-gold","16":"pa_metal-yellow-gold","17":"pa_metal-platinum","19":"first","20":"instock","21":"taxable","22":"shipping-taxable","23":"purchasable","24":"product-type-variable"},"acf":[],"jetpack_sharing_enabled":true,"_links":{"self":[{"href":"https:\/\/lumierediamonds.eu\/sv\/wp-json\/wp\/v2\/product\/7450","targetHints":{"allow":["GET"]}}],"collection":[{"href":"https:\/\/lumierediamonds.eu\/sv\/wp-json\/wp\/v2\/product"}],"about":[{"href":"https:\/\/lumierediamonds.eu\/sv\/wp-json\/wp\/v2\/types\/product"}],"version-history":[{"count":2,"href":"https:\/\/lumierediamonds.eu\/sv\/wp-json\/wp\/v2\/product\/7450\/revisions"}],"predecessor-version":[{"id":10234,"href":"https:\/\/lumierediamonds.eu\/sv\/wp-json\/wp\/v2\/product\/7450\/revisions\/10234"}],"wp:featuredmedia":[{"embeddable":true,"href":"https:\/\/lumierediamonds.eu\/sv\/wp-json\/wp\/v2\/media\/7415"}],"wp:attachment":[{"href":"https:\/\/lumierediamonds.eu\/sv\/wp-json\/wp\/v2\/media?parent=7450"}],"wp:term":[{"taxonomy":"product_brand","embeddable":true,"href":"https:\/\/lumierediamonds.eu\/sv\/wp-json\/wp\/v2\/product_brand?post=7450"},{"taxonomy":"product_cat","embeddable":true,"href":"https:\/\/lumierediamonds.eu\/sv\/wp-json\/wp\/v2\/product_cat?post=7450"},{"taxonomy":"product_tag","embeddable":true,"href":"https:\/\/lumierediamonds.eu\/sv\/wp-json\/wp\/v2\/product_tag?post=7450"}],"curies":[{"name":"wp","href":"https:\/\/api.w.org\/{rel}","templated":true}]}}