{"id":7473,"date":"2025-01-02T22:17:07","date_gmt":"2025-01-02T21:17:07","guid":{"rendered":"https:\/\/lumierediamonds.eu\/?post_type=product&#038;p=7473"},"modified":"2025-12-12T17:37:43","modified_gmt":"2025-12-12T16:37:43","slug":"radiance-eternitring","status":"publish","type":"product","link":"https:\/\/lumierediamonds.eu\/sv\/produkt\/radiance-eternitring\/","title":{"rendered":"Radiance Eternity-ring"},"content":{"rendered":"<p class=\"p1\">Tidl\u00f6s och lysande, den <span class=\"s1\"><b>Radiance Eternity-ring<\/b><\/span> f\u00f6rkroppsligar elegans utan slut. En hel cirkel av labbodlade diamanter \u00e4r infattad i en raffinerad korg med l\u00e5g kupol, vilket skapar s\u00f6ml\u00f6st gnistrande fr\u00e5n alla vinklar.<\/p>\n<p class=\"p1\">Varje ring finns i 18k gult, vitt eller ros\u00e9guld och kan anpassas i 2 ct.-, 3 ct.-, 4 ct.- eller 5 ct.-versioner och \u00e4r omsorgsfullt tillverkad f\u00f6r att s\u00e4kerst\u00e4lla varaktig briljans. Den \u00e4r utformad som en symbol f\u00f6r evigheten och \u00e4r en str\u00e5lande vigselring, en \u00e5rsdagspresent eller ett meningsfullt uttalande om evigheten.<\/p>","protected":false},"excerpt":{"rendered":"<p class=\"p1\">Tidl\u00f6s och lysande, den <span class=\"s1\"><b>Radiance Eternity-ring<\/b><\/span> f\u00f6rkroppsligar elegans utan slut. En hel cirkel av labbodlade diamanter \u00e4r infattad i en raffinerad korg med l\u00e5g kupol, vilket skapar s\u00f6ml\u00f6st gnistrande fr\u00e5n alla vinklar.<\/p>\n<p class=\"p1\">Varje ring finns i 18k gult, vitt eller ros\u00e9guld och kan anpassas i 2 ct.-, 3 ct.-, 4 ct.- eller 5 ct.-versioner och \u00e4r omsorgsfullt tillverkad f\u00f6r att s\u00e4kerst\u00e4lla varaktig briljans. Den \u00e4r utformad som en symbol f\u00f6r evigheten och \u00e4r en str\u00e5lande vigselring, en \u00e5rsdagspresent eller ett meningsfullt uttalande om evigheten.<\/p>","protected":false},"featured_media":7480,"template":"","meta":{"_acf_changed":false},"product_brand":[],"product_cat":[251,52,57],"product_tag":[292,293,291,252,289,290,288,275],"class_list":{"0":"post-7473","1":"product","2":"type-product","3":"status-publish","4":"has-post-thumbnail","6":"product_cat-eternity-bands","7":"product_cat-rings","8":"product_cat-wedding-bands","9":"product_tag-diamond-wedding-band","10":"product_tag-diamond-wedding-ring","11":"product_tag-eternity-band","12":"product_tag-eternity-ring","13":"product_tag-full-diamond-eternity-band","14":"product_tag-full-diamond-eternity-ring","15":"product_tag-full-diamond-wedding-band","16":"product_tag-wedding-band","17":"pa_metal-rose-gold","18":"pa_metal-white-gold","19":"pa_metal-yellow-gold","21":"first","22":"instock","23":"taxable","24":"shipping-taxable","25":"purchasable","26":"product-type-variable"},"acf":[],"jetpack_sharing_enabled":true,"_links":{"self":[{"href":"https:\/\/lumierediamonds.eu\/sv\/wp-json\/wp\/v2\/product\/7473","targetHints":{"allow":["GET"]}}],"collection":[{"href":"https:\/\/lumierediamonds.eu\/sv\/wp-json\/wp\/v2\/product"}],"about":[{"href":"https:\/\/lumierediamonds.eu\/sv\/wp-json\/wp\/v2\/types\/product"}],"version-history":[{"count":4,"href":"https:\/\/lumierediamonds.eu\/sv\/wp-json\/wp\/v2\/product\/7473\/revisions"}],"predecessor-version":[{"id":14381,"href":"https:\/\/lumierediamonds.eu\/sv\/wp-json\/wp\/v2\/product\/7473\/revisions\/14381"}],"wp:featuredmedia":[{"embeddable":true,"href":"https:\/\/lumierediamonds.eu\/sv\/wp-json\/wp\/v2\/media\/7480"}],"wp:attachment":[{"href":"https:\/\/lumierediamonds.eu\/sv\/wp-json\/wp\/v2\/media?parent=7473"}],"wp:term":[{"taxonomy":"product_brand","embeddable":true,"href":"https:\/\/lumierediamonds.eu\/sv\/wp-json\/wp\/v2\/product_brand?post=7473"},{"taxonomy":"product_cat","embeddable":true,"href":"https:\/\/lumierediamonds.eu\/sv\/wp-json\/wp\/v2\/product_cat?post=7473"},{"taxonomy":"product_tag","embeddable":true,"href":"https:\/\/lumierediamonds.eu\/sv\/wp-json\/wp\/v2\/product_tag?post=7473"}],"curies":[{"name":"wp","href":"https:\/\/api.w.org\/{rel}","templated":true}]}}