{"id":7552,"date":"2025-01-03T02:13:10","date_gmt":"2025-01-03T01:13:10","guid":{"rendered":"https:\/\/lumierediamonds.eu\/?post_type=product&#038;p=7552"},"modified":"2025-11-20T18:38:38","modified_gmt":"2025-11-20T17:38:38","slug":"lasai-diamanthange","status":"publish","type":"product","link":"https:\/\/lumierediamonds.eu\/sv\/produkt\/lasai-diamanthange\/","title":{"rendered":"Lasai diamanth\u00e4nge"},"content":{"rendered":"<p class=\"p1\"><span class=\"s1\">Elegant men \u00e4nd\u00e5 meningsfullt<\/span>, den <strong>Lasai diamanth\u00e4nge<\/strong> har tv\u00e5 sammanl\u00e4nkade cirklar \u2013 den ena prydd med 0,25 ct. tw. pav\u00e9infattade laboratorieframst\u00e4llda diamanter, den andra polerad i str\u00e5lande 18 k guld. Designen skapar en elegant kontrast mellan briljans och enkelhet.<\/p>\n<p class=\"p1\">Den h\u00e4nger i en delikat kedja och \u00e4r ett diskret, str\u00e5lande smycke som lyfter din vardagsstil. <span class=\"s1\">Lasai ger varje look en modern elegans \u2013 avslappnad, distinkt och tidl\u00f6s.<b><\/b><\/span><\/p>","protected":false},"excerpt":{"rendered":"<p class=\"p1\"><span class=\"s1\">Elegant men \u00e4nd\u00e5 meningsfullt<\/span>, den <strong>Lasai diamanth\u00e4nge<\/strong> har tv\u00e5 sammanl\u00e4nkade cirklar \u2013 den ena prydd med 0,25 ct. tw. pav\u00e9infattade laboratorieframst\u00e4llda diamanter, den andra polerad i str\u00e5lande 18 k guld. Designen skapar en elegant kontrast mellan briljans och enkelhet.<\/p>\n<p class=\"p1\">Den h\u00e4nger i en delikat kedja och \u00e4r ett diskret, str\u00e5lande smycke som lyfter din vardagsstil. <span class=\"s1\">Lasai ger varje look en modern elegans \u2013 avslappnad, distinkt och tidl\u00f6s.<\/span><\/p>","protected":false},"featured_media":7557,"template":"","meta":{"_acf_changed":false},"product_brand":[],"product_cat":[53],"product_tag":[301,297,298,299,296,294,295,300],"class_list":{"0":"post-7552","1":"product","2":"type-product","3":"status-publish","4":"has-post-thumbnail","6":"product_cat-necklaces-pendants","7":"product_tag-circle-pendant","8":"product_tag-diamond-necklace","9":"product_tag-gold-diamond-necklace","10":"product_tag-gold-diamond-pendant","11":"product_tag-gold-necklace","12":"product_tag-necklace","13":"product_tag-pendant","14":"product_tag-round-pendant","15":"pa_metal-yellow-gold","17":"first","18":"instock","19":"featured","20":"taxable","21":"shipping-taxable","22":"purchasable","23":"product-type-simple"},"acf":[],"jetpack_sharing_enabled":true,"_links":{"self":[{"href":"https:\/\/lumierediamonds.eu\/sv\/wp-json\/wp\/v2\/product\/7552","targetHints":{"allow":["GET"]}}],"collection":[{"href":"https:\/\/lumierediamonds.eu\/sv\/wp-json\/wp\/v2\/product"}],"about":[{"href":"https:\/\/lumierediamonds.eu\/sv\/wp-json\/wp\/v2\/types\/product"}],"version-history":[{"count":5,"href":"https:\/\/lumierediamonds.eu\/sv\/wp-json\/wp\/v2\/product\/7552\/revisions"}],"predecessor-version":[{"id":11465,"href":"https:\/\/lumierediamonds.eu\/sv\/wp-json\/wp\/v2\/product\/7552\/revisions\/11465"}],"wp:featuredmedia":[{"embeddable":true,"href":"https:\/\/lumierediamonds.eu\/sv\/wp-json\/wp\/v2\/media\/7557"}],"wp:attachment":[{"href":"https:\/\/lumierediamonds.eu\/sv\/wp-json\/wp\/v2\/media?parent=7552"}],"wp:term":[{"taxonomy":"product_brand","embeddable":true,"href":"https:\/\/lumierediamonds.eu\/sv\/wp-json\/wp\/v2\/product_brand?post=7552"},{"taxonomy":"product_cat","embeddable":true,"href":"https:\/\/lumierediamonds.eu\/sv\/wp-json\/wp\/v2\/product_cat?post=7552"},{"taxonomy":"product_tag","embeddable":true,"href":"https:\/\/lumierediamonds.eu\/sv\/wp-json\/wp\/v2\/product_tag?post=7552"}],"curies":[{"name":"wp","href":"https:\/\/api.w.org\/{rel}","templated":true}]}}